{"id":4494,"date":"2020-04-10T22:42:18","date_gmt":"2020-04-10T20:42:18","guid":{"rendered":"https:\/\/infobornholm.dk\/upphovsraett\/"},"modified":"2025-09-15T16:56:25","modified_gmt":"2025-09-15T14:56:25","slug":"upphovsraett","status":"publish","type":"page","link":"https:\/\/infobornholm.dk\/sv\/upphovsraett\/","title":{"rendered":"Upphovsr\u00e4tt"},"content":{"rendered":"\n<h2 class=\"wp-block-heading\">Upphovsr\u00e4tt<\/h2>\n\n<p>Allt material p\u00e5 infoBornholm.dk \u00e4r skyddat av upphovsr\u00e4ttslagen och \u00e4gs av infoBornholm.dk och dess \u00e4gare om inte annat s\u00e4rskilt anges.<\/p>\n\n<h2 class=\"wp-block-heading\">Kopiering av texter, bilder och videor<\/h2>\n\n<p>Det \u00e4r inte till\u00e5tet att &#8221;l\u00e5na&#8221; \/ &#8221;stj\u00e4la&#8221; hela eller delar av v\u00e5ra texter eller bilder utan f\u00f6reg\u00e5ende avtal. Det \u00e4r till\u00e5tet att citera text (\u00a7 22 i upphovsr\u00e4ttslagen), men det kr\u00e4vs att du f\u00f6ljer god citatpraxis. <\/p>\n\n<p>Upphovsr\u00e4ttsintr\u00e5ng \/ missbruk av v\u00e5ra texter, bilder och videor kommer att leda till krav p\u00e5 ers\u00e4ttning och, om n\u00f6dv\u00e4ndigt, \u00f6verklagande till domstol.<\/p>\n\n<p>Om du vill anv\u00e4nda v\u00e5ra bilder f\u00f6r n\u00e5got \u00e4ndam\u00e5l, v\u00e4nligen kontakta oss (innan du b\u00f6rjar kopiera). Vi har bilder som du kan k\u00f6pa r\u00e4tten att anv\u00e4nda. Dessa \u00e4r inte de bilder som vi har p\u00e5 webbplatsen, men kommer att likna de vi anv\u00e4nder.  <\/p>\n\n<p>Vid upphovsr\u00e4ttsintr\u00e5ng anv\u00e4nder vi oss av f\u00f6retaget <a href=\"https:\/\/not-allowed.dk\/\" target=\"_blank\" rel=\"noopener noreferrer\">Not-allowed<\/a> f\u00f6r att hantera all kommunikation.<\/p>\n","protected":false},"excerpt":{"rendered":"<p>Upphovsr\u00e4tt Allt material p\u00e5 infoBornholm.dk \u00e4r skyddat av upphovsr\u00e4ttslagen och \u00e4gs av infoBornholm.dk och dess \u00e4gare om inte annat s\u00e4rskilt anges. Kopiering av texter, bilder och videor Det \u00e4r inte till\u00e5tet att &#8221;l\u00e5na&#8221; \/ &#8221;stj\u00e4la&#8221; hela eller delar av v\u00e5ra texter eller bilder utan f\u00f6reg\u00e5ende avtal. Det \u00e4r till\u00e5tet att citera text (\u00a7 22 i [&hellip;]<\/p>\n","protected":false},"author":1,"featured_media":0,"parent":0,"menu_order":0,"comment_status":"closed","ping_status":"closed","template":"","meta":{"_acf_changed":false,"footnotes":""},"class_list":["post-4494","page","type-page","status-publish","hentry"],"acf":[],"yoast_head":"<!-- This site is optimized with the Yoast SEO plugin v26.3 - https:\/\/yoast.com\/wordpress\/plugins\/seo\/ -->\n<title>Upphovsr\u00e4tt - infobornholm<\/title>\n<meta name=\"robots\" content=\"index, follow, max-snippet:-1, max-image-preview:large, max-video-preview:-1\" \/>\n<link rel=\"canonical\" href=\"https:\/\/infobornholm.dk\/sv\/upphovsraett\/\" \/>\n<meta property=\"og:locale\" content=\"sv_SE\" \/>\n<meta property=\"og:type\" content=\"article\" \/>\n<meta property=\"og:title\" content=\"Upphovsr\u00e4tt - infobornholm\" \/>\n<meta property=\"og:description\" content=\"Upphovsr\u00e4tt Allt material p\u00e5 infoBornholm.dk \u00e4r skyddat av upphovsr\u00e4ttslagen och \u00e4gs av infoBornholm.dk och dess \u00e4gare om inte annat s\u00e4rskilt anges. Kopiering av texter, bilder och videor Det \u00e4r inte till\u00e5tet att &#8221;l\u00e5na&#8221; \/ &#8221;stj\u00e4la&#8221; hela eller delar av v\u00e5ra texter eller bilder utan f\u00f6reg\u00e5ende avtal. Det \u00e4r till\u00e5tet att citera text (\u00a7 22 i [&hellip;]\" \/>\n<meta property=\"og:url\" content=\"https:\/\/infobornholm.dk\/sv\/upphovsraett\/\" \/>\n<meta property=\"og:site_name\" content=\"infobornholm\" \/>\n<meta property=\"article:modified_time\" content=\"2025-09-15T14:56:25+00:00\" \/>\n<meta name=\"twitter:card\" content=\"summary_large_image\" \/>\n<meta name=\"twitter:label1\" content=\"Ber\u00e4knad l\u00e4stid\" \/>\n\t<meta name=\"twitter:data1\" content=\"1 minut\" \/>\n<script type=\"application\/ld+json\" class=\"yoast-schema-graph\">{\"@context\":\"https:\/\/schema.org\",\"@graph\":[{\"@type\":\"WebPage\",\"@id\":\"https:\/\/infobornholm.dk\/sv\/upphovsraett\/\",\"url\":\"https:\/\/infobornholm.dk\/sv\/upphovsraett\/\",\"name\":\"Upphovsr\u00e4tt - infobornholm\",\"isPartOf\":{\"@id\":\"https:\/\/infobornholm.dk\/sv\/#website\"},\"datePublished\":\"2020-04-10T20:42:18+00:00\",\"dateModified\":\"2025-09-15T14:56:25+00:00\",\"breadcrumb\":{\"@id\":\"https:\/\/infobornholm.dk\/sv\/upphovsraett\/#breadcrumb\"},\"inLanguage\":\"sv-SE\",\"potentialAction\":[{\"@type\":\"ReadAction\",\"target\":[\"https:\/\/infobornholm.dk\/sv\/upphovsraett\/\"]}]},{\"@type\":\"BreadcrumbList\",\"@id\":\"https:\/\/infobornholm.dk\/sv\/upphovsraett\/#breadcrumb\",\"itemListElement\":[{\"@type\":\"ListItem\",\"position\":1,\"name\":\"Hjem\",\"item\":\"https:\/\/infobornholm.dk\/sv\/hem\/\"},{\"@type\":\"ListItem\",\"position\":2,\"name\":\"Upphovsr\u00e4tt\"}]},{\"@type\":\"WebSite\",\"@id\":\"https:\/\/infobornholm.dk\/sv\/#website\",\"url\":\"https:\/\/infobornholm.dk\/sv\/\",\"name\":\"infobornholm\",\"description\":\"Solskins\u00f8en i \u00d8sters\u00f8en\",\"publisher\":{\"@id\":\"https:\/\/infobornholm.dk\/sv\/#organization\"},\"potentialAction\":[{\"@type\":\"SearchAction\",\"target\":{\"@type\":\"EntryPoint\",\"urlTemplate\":\"https:\/\/infobornholm.dk\/sv\/?s={search_term_string}\"},\"query-input\":{\"@type\":\"PropertyValueSpecification\",\"valueRequired\":true,\"valueName\":\"search_term_string\"}}],\"inLanguage\":\"sv-SE\"},{\"@type\":\"Organization\",\"@id\":\"https:\/\/infobornholm.dk\/sv\/#organization\",\"name\":\"infobornholm\",\"url\":\"https:\/\/infobornholm.dk\/sv\/\",\"logo\":{\"@type\":\"ImageObject\",\"inLanguage\":\"sv-SE\",\"@id\":\"https:\/\/infobornholm.dk\/sv\/#\/schema\/logo\/image\/\",\"url\":\"https:\/\/infobornholm.dk\/wp-content\/uploads\/2022\/08\/outputsvggreen.png\",\"contentUrl\":\"https:\/\/infobornholm.dk\/wp-content\/uploads\/2022\/08\/outputsvggreen.png\",\"width\":94,\"height\":80,\"caption\":\"infobornholm\"},\"image\":{\"@id\":\"https:\/\/infobornholm.dk\/sv\/#\/schema\/logo\/image\/\"}}]}<\/script>\n<!-- \/ Yoast SEO plugin. -->","yoast_head_json":{"title":"Upphovsr\u00e4tt - infobornholm","robots":{"index":"index","follow":"follow","max-snippet":"max-snippet:-1","max-image-preview":"max-image-preview:large","max-video-preview":"max-video-preview:-1"},"canonical":"https:\/\/infobornholm.dk\/sv\/upphovsraett\/","og_locale":"sv_SE","og_type":"article","og_title":"Upphovsr\u00e4tt - infobornholm","og_description":"Upphovsr\u00e4tt Allt material p\u00e5 infoBornholm.dk \u00e4r skyddat av upphovsr\u00e4ttslagen och \u00e4gs av infoBornholm.dk och dess \u00e4gare om inte annat s\u00e4rskilt anges. Kopiering av texter, bilder och videor Det \u00e4r inte till\u00e5tet att &#8221;l\u00e5na&#8221; \/ &#8221;stj\u00e4la&#8221; hela eller delar av v\u00e5ra texter eller bilder utan f\u00f6reg\u00e5ende avtal. Det \u00e4r till\u00e5tet att citera text (\u00a7 22 i [&hellip;]","og_url":"https:\/\/infobornholm.dk\/sv\/upphovsraett\/","og_site_name":"infobornholm","article_modified_time":"2025-09-15T14:56:25+00:00","twitter_card":"summary_large_image","twitter_misc":{"Ber\u00e4knad l\u00e4stid":"1 minut"},"schema":{"@context":"https:\/\/schema.org","@graph":[{"@type":"WebPage","@id":"https:\/\/infobornholm.dk\/sv\/upphovsraett\/","url":"https:\/\/infobornholm.dk\/sv\/upphovsraett\/","name":"Upphovsr\u00e4tt - infobornholm","isPartOf":{"@id":"https:\/\/infobornholm.dk\/sv\/#website"},"datePublished":"2020-04-10T20:42:18+00:00","dateModified":"2025-09-15T14:56:25+00:00","breadcrumb":{"@id":"https:\/\/infobornholm.dk\/sv\/upphovsraett\/#breadcrumb"},"inLanguage":"sv-SE","potentialAction":[{"@type":"ReadAction","target":["https:\/\/infobornholm.dk\/sv\/upphovsraett\/"]}]},{"@type":"BreadcrumbList","@id":"https:\/\/infobornholm.dk\/sv\/upphovsraett\/#breadcrumb","itemListElement":[{"@type":"ListItem","position":1,"name":"Hjem","item":"https:\/\/infobornholm.dk\/sv\/hem\/"},{"@type":"ListItem","position":2,"name":"Upphovsr\u00e4tt"}]},{"@type":"WebSite","@id":"https:\/\/infobornholm.dk\/sv\/#website","url":"https:\/\/infobornholm.dk\/sv\/","name":"infobornholm","description":"Solskins\u00f8en i \u00d8sters\u00f8en","publisher":{"@id":"https:\/\/infobornholm.dk\/sv\/#organization"},"potentialAction":[{"@type":"SearchAction","target":{"@type":"EntryPoint","urlTemplate":"https:\/\/infobornholm.dk\/sv\/?s={search_term_string}"},"query-input":{"@type":"PropertyValueSpecification","valueRequired":true,"valueName":"search_term_string"}}],"inLanguage":"sv-SE"},{"@type":"Organization","@id":"https:\/\/infobornholm.dk\/sv\/#organization","name":"infobornholm","url":"https:\/\/infobornholm.dk\/sv\/","logo":{"@type":"ImageObject","inLanguage":"sv-SE","@id":"https:\/\/infobornholm.dk\/sv\/#\/schema\/logo\/image\/","url":"https:\/\/infobornholm.dk\/wp-content\/uploads\/2022\/08\/outputsvggreen.png","contentUrl":"https:\/\/infobornholm.dk\/wp-content\/uploads\/2022\/08\/outputsvggreen.png","width":94,"height":80,"caption":"infobornholm"},"image":{"@id":"https:\/\/infobornholm.dk\/sv\/#\/schema\/logo\/image\/"}}]}},"_links":{"self":[{"href":"https:\/\/infobornholm.dk\/sv\/wp-json\/wp\/v2\/pages\/4494","targetHints":{"allow":["GET"]}}],"collection":[{"href":"https:\/\/infobornholm.dk\/sv\/wp-json\/wp\/v2\/pages"}],"about":[{"href":"https:\/\/infobornholm.dk\/sv\/wp-json\/wp\/v2\/types\/page"}],"author":[{"embeddable":true,"href":"https:\/\/infobornholm.dk\/sv\/wp-json\/wp\/v2\/users\/1"}],"replies":[{"embeddable":true,"href":"https:\/\/infobornholm.dk\/sv\/wp-json\/wp\/v2\/comments?post=4494"}],"version-history":[{"count":1,"href":"https:\/\/infobornholm.dk\/sv\/wp-json\/wp\/v2\/pages\/4494\/revisions"}],"predecessor-version":[{"id":4495,"href":"https:\/\/infobornholm.dk\/sv\/wp-json\/wp\/v2\/pages\/4494\/revisions\/4495"}],"wp:attachment":[{"href":"https:\/\/infobornholm.dk\/sv\/wp-json\/wp\/v2\/media?parent=4494"}],"curies":[{"name":"wp","href":"https:\/\/api.w.org\/{rel}","templated":true}]}}