{"id":4483,"date":"2022-01-21T21:53:18","date_gmt":"2022-01-21T19:53:18","guid":{"rendered":"https:\/\/infobornholm.dk\/om\/"},"modified":"2025-09-15T16:54:23","modified_gmt":"2025-09-15T14:54:23","slug":"om","status":"publish","type":"page","link":"https:\/\/infobornholm.dk\/sv\/om\/","title":{"rendered":"Om"},"content":{"rendered":"\r\n\r\n\r\n\r\n\r\n\r\n\r\n<h6 class=\"gb-headline gb-headline-0533aaf0 gb-headline-text\"><em>Om oss<\/em><\/h6>\r\n\r\n\r\n\r\n<h2 class=\"gb-headline gb-headline-fe31336c gb-headline-text\">En fantastisk upplevelse p\u00e5 sommarl\u00e4gret<\/h2>\r\n\r\n\r\n\r\n<p class=\"gb-headline gb-headline-d71fba1a gb-headline-text\">Integer sed tellus pretium, accumsan libero eu, cursus ante. Ut id eros metus. Sed fringilla tincidunt tortor tincidunt molestie. Curabitur ac diam vel odio consequat sollicitudin non eget neque.   <\/p>\r\n\r\n\r\n\r\n\r\n\r\n<p><a class=\"gb-button gb-button-0f5188c5 gb-button-text\" href=\"#\">L\u00e4s mer om detta<\/a><\/p>\r\n\r\n\r\n\r\n\r\n\r\n<h4 class=\"gb-headline gb-headline-0251ea28 gb-headline-text\">Saker att g\u00f6ra<\/h4>\r\n\r\n\r\n\r\n<h5 class=\"gb-headline gb-headline-7afa13f2\"><span class=\"gb-headline-text\">Sport<\/span><\/h5>\r\n\r\n\r\n\r\n<h5 class=\"gb-headline gb-headline-6b4cbc1b\"><span class=\"gb-headline-text\">Simning<\/span><\/h5>\r\n\r\n\r\n\r\n<h5 class=\"gb-headline gb-headline-c3a5c086\"><span class=\"gb-headline-text\">Aktiviteter<\/span><\/h5>\r\n\r\n\r\n\r\n<h5 class=\"gb-headline gb-headline-704bb4e2\"><span class=\"gb-headline-text\">Konst<\/span><\/h5>\r\n\r\n\r\n\r\n<h5 class=\"gb-headline gb-headline-127ad11e\"><span class=\"gb-headline-text\">Resor och utforskningar<\/span><\/h5>\r\n\r\n\r\n\r\n<h5 class=\"gb-headline gb-headline-cfe7048c\"><span class=\"gb-headline-text\">Historiska resor<\/span><\/h5>\r\n\r\n\r\n\r\n<h5 class=\"gb-headline gb-headline-caa04afd\"><span class=\"gb-headline-text\">Nattaktiviteter<\/span><\/h5>\r\n\r\n\r\n\r\n\r\n\r\n\r\n&#13;\n<figure class=\"wp-block-image size-full is-resized\"><img fetchpriority=\"high\" decoding=\"async\" class=\"wp-image-459\" src=\"https:\/\/infobornholm.dk\/wp-content\/uploads\/2022\/01\/camp_in_trees.svg\" alt=\"\" width=\"581\" height=\"671\"\/><\/figure>&#13;\n\r\n\r\n\r\n\r\n\r\n<h6 class=\"gb-headline gb-headline-72f40714 gb-headline-text\"><em>Erfarenheter<\/em><\/h6>\r\n\r\n\r\n\r\n<h2 class=\"gb-headline gb-headline-2e0f868c gb-headline-text\">Vad du f\u00e5r<\/h2>\r\n\r\n\r\n\r\n<p class=\"gb-headline gb-headline-cec33a2f gb-headline-text\">Integer sed tellus pretium, accumsan libero eu, cursus ante. Ut id eros metus. Sed fringilla tincidunt tortor tincidunt molestie. Curabitur ac diam vel odio consequat sollicitudin non eget neque.   <\/p>\r\n\r\n\r\n\r\n\r\n\r\n\r\n\r\n\r\n\r\n<p>&nbsp;<\/p>\r\n\r\n\r\n\r\n\r\n\r\n<h4 class=\"gb-headline gb-headline-73603335 gb-headline-text\">Fantastiska resor<\/h4>\r\n\r\n\r\n\r\n<p class=\"gb-headline gb-headline-e27e1843 gb-headline-text\">Quisque pretium cursus ipsum, non consectetur metus bibendum et. Sed enim leo, placerat at suscipit eu, ultricies id nisi. Aenean vulputate eros a egestas lacinia.  <\/p>\r\n\r\n\r\n\r\n\r\n\r\n\r\n\r\n\r\n\r\n<p>&nbsp;<\/p>\r\n\r\n\r\n\r\n\r\n\r\n<h4 class=\"gb-headline gb-headline-b329880e gb-headline-text\">Of\u00f6rgl\u00f6mliga minnen<\/h4>\r\n\r\n\r\n\r\n<p class=\"gb-headline gb-headline-2953dc53 gb-headline-text\">Quisque pretium cursus ipsum, non consectetur metus bibendum et. Sed enim leo, placerat at suscipit eu, ultricies id nisi. Aenean vulputate eros a egestas lacinia.  <\/p>\r\n\r\n\r\n\r\n\r\n\r\n\r\n\r\n\r\n\r\n<p>&nbsp;<\/p>\r\n\r\n\r\n\r\n\r\n\r\n<h4 class=\"gb-headline gb-headline-601df9af gb-headline-text\">Starka v\u00e4nskapsrelationer<\/h4>\r\n\r\n\r\n\r\n<p class=\"gb-headline gb-headline-cc420912 gb-headline-text\">Quisque pretium cursus ipsum, non consectetur metus bibendum et. Sed enim leo, placerat at suscipit eu, ultricies id nisi. Aenean vulputate eros a egestas lacinia.  <\/p>\r\n\r\n\r\n\r\n\r\n\r\n<p><a class=\"gb-button gb-button-d2109727 gb-button-text\" href=\"#\">L\u00e4s mer om detta<\/a><\/p>\r\n\r\n\r\n\r\n\r\n\r\n\r\n\r\n<h6 class=\"gb-headline gb-headline-86057261 gb-headline-text\"><em>Aktiviteter f\u00f6r l\u00e4rande<\/em><\/h6>\r\n\r\n\r\n\r\n<h2 class=\"gb-headline gb-headline-83932c17 gb-headline-text\">Naturen &#8211; den st\u00f6rsta l\u00e4rom\u00e4staren av alla!<\/h2>\r\n\r\n\r\n\r\n\r\n\r\n<p><a class=\"gb-button gb-button-d2849cab gb-button-text\" href=\"#\">Anm\u00e4l dig nu<\/a><\/p>\r\n\r\n\r\n\r\n\r\n\r\n\r\n\r\n<h6 class=\"gb-headline gb-headline-ac325409 gb-headline-text\"><em>F\u00f6rdelar<\/em><\/h6>\r\n\r\n\r\n\r\n<h2 class=\"gb-headline gb-headline-3534971a gb-headline-text\">Varf\u00f6r v\u00e5rt l\u00e4ger<\/h2>\r\n\r\n\r\n\r\n<p class=\"gb-headline gb-headline-532b7d6b gb-headline-text\">Integer sed tellus pretium, accumsan libero eu, cursus ante. Ut id eros metus. Sed fringilla tincidunt tortor tincidunt molestie. Curabitur ac diam vel odio consequat sollicitudin non eget neque.   <\/p>\r\n\r\n\r\n\r\n\r\n\r\n\r\n\r\n<h5 class=\"gb-headline gb-headline-25b013a9\"><span class=\"gb-headline-text\">Aktiviteter<\/span><\/h5>\r\n\r\n\r\n\r\n\r\n\r\n<h5 class=\"gb-headline gb-headline-7ed36bac\"><span class=\"gb-headline-text\">Natur<\/span><\/h5>\r\n\r\n\r\n\r\n\r\n\r\n<h5 class=\"gb-headline gb-headline-699b9f24\"><span class=\"gb-headline-text\">L\u00e4rande<\/span><\/h5>\r\n\r\n\r\n\r\n\r\n\r\n<p><a class=\"gb-button gb-button-f8afa117 gb-button-text\" href=\"#\">L\u00e4s mer om detta<\/a><\/p>\r\n\r\n\r\n\r\n\r\n&#13;\n<div class=\"wp-block-image\">&#13;\n<figure class=\"aligncenter size-full is-resized\"><img decoding=\"async\" class=\"wp-image-502\" src=\"https:\/\/infobornholm.dk\/wp-content\/uploads\/2022\/01\/campsite_vector.svg\" alt=\"\" width=\"498\" height=\"574\"\/><\/figure>&#13;\n<\/div>&#13;\n","protected":false},"excerpt":{"rendered":"","protected":false},"author":1,"featured_media":0,"parent":0,"menu_order":0,"comment_status":"closed","ping_status":"closed","template":"","meta":{"_acf_changed":false,"footnotes":""},"class_list":["post-4483","page","type-page","status-publish","hentry"],"acf":[],"yoast_head":"<!-- This site is optimized with the Yoast SEO plugin v26.3 - https:\/\/yoast.com\/wordpress\/plugins\/seo\/ -->\n<title>Om - infobornholm<\/title>\n<meta name=\"robots\" content=\"index, follow, max-snippet:-1, max-image-preview:large, max-video-preview:-1\" \/>\n<link rel=\"canonical\" href=\"https:\/\/infobornholm.dk\/sv\/om\/\" \/>\n<meta property=\"og:locale\" content=\"sv_SE\" \/>\n<meta property=\"og:type\" content=\"article\" \/>\n<meta property=\"og:title\" content=\"Om - infobornholm\" \/>\n<meta property=\"og:url\" content=\"https:\/\/infobornholm.dk\/sv\/om\/\" \/>\n<meta property=\"og:site_name\" content=\"infobornholm\" \/>\n<meta property=\"article:modified_time\" content=\"2025-09-15T14:54:23+00:00\" \/>\n<meta name=\"twitter:card\" content=\"summary_large_image\" \/>\n<meta name=\"twitter:label1\" content=\"Ber\u00e4knad l\u00e4stid\" \/>\n\t<meta name=\"twitter:data1\" content=\"1 minut\" \/>\n<script type=\"application\/ld+json\" class=\"yoast-schema-graph\">{\"@context\":\"https:\/\/schema.org\",\"@graph\":[{\"@type\":\"WebPage\",\"@id\":\"https:\/\/infobornholm.dk\/sv\/om\/\",\"url\":\"https:\/\/infobornholm.dk\/sv\/om\/\",\"name\":\"Om - infobornholm\",\"isPartOf\":{\"@id\":\"https:\/\/infobornholm.dk\/sv\/#website\"},\"primaryImageOfPage\":{\"@id\":\"https:\/\/infobornholm.dk\/sv\/om\/#primaryimage\"},\"image\":{\"@id\":\"https:\/\/infobornholm.dk\/sv\/om\/#primaryimage\"},\"thumbnailUrl\":\"https:\/\/infobornholm.dk\/wp-content\/uploads\/2022\/01\/camp_in_trees.svg\",\"datePublished\":\"2022-01-21T19:53:18+00:00\",\"dateModified\":\"2025-09-15T14:54:23+00:00\",\"breadcrumb\":{\"@id\":\"https:\/\/infobornholm.dk\/sv\/om\/#breadcrumb\"},\"inLanguage\":\"sv-SE\",\"potentialAction\":[{\"@type\":\"ReadAction\",\"target\":[\"https:\/\/infobornholm.dk\/sv\/om\/\"]}]},{\"@type\":\"ImageObject\",\"inLanguage\":\"sv-SE\",\"@id\":\"https:\/\/infobornholm.dk\/sv\/om\/#primaryimage\",\"url\":\"https:\/\/infobornholm.dk\/wp-content\/uploads\/2022\/01\/camp_in_trees.svg\",\"contentUrl\":\"https:\/\/infobornholm.dk\/wp-content\/uploads\/2022\/01\/camp_in_trees.svg\"},{\"@type\":\"BreadcrumbList\",\"@id\":\"https:\/\/infobornholm.dk\/sv\/om\/#breadcrumb\",\"itemListElement\":[{\"@type\":\"ListItem\",\"position\":1,\"name\":\"Hjem\",\"item\":\"https:\/\/infobornholm.dk\/sv\/hem\/\"},{\"@type\":\"ListItem\",\"position\":2,\"name\":\"Om\"}]},{\"@type\":\"WebSite\",\"@id\":\"https:\/\/infobornholm.dk\/sv\/#website\",\"url\":\"https:\/\/infobornholm.dk\/sv\/\",\"name\":\"infobornholm\",\"description\":\"Solskins\u00f8en i \u00d8sters\u00f8en\",\"publisher\":{\"@id\":\"https:\/\/infobornholm.dk\/sv\/#organization\"},\"potentialAction\":[{\"@type\":\"SearchAction\",\"target\":{\"@type\":\"EntryPoint\",\"urlTemplate\":\"https:\/\/infobornholm.dk\/sv\/?s={search_term_string}\"},\"query-input\":{\"@type\":\"PropertyValueSpecification\",\"valueRequired\":true,\"valueName\":\"search_term_string\"}}],\"inLanguage\":\"sv-SE\"},{\"@type\":\"Organization\",\"@id\":\"https:\/\/infobornholm.dk\/sv\/#organization\",\"name\":\"infobornholm\",\"url\":\"https:\/\/infobornholm.dk\/sv\/\",\"logo\":{\"@type\":\"ImageObject\",\"inLanguage\":\"sv-SE\",\"@id\":\"https:\/\/infobornholm.dk\/sv\/#\/schema\/logo\/image\/\",\"url\":\"https:\/\/infobornholm.dk\/wp-content\/uploads\/2022\/08\/outputsvggreen.png\",\"contentUrl\":\"https:\/\/infobornholm.dk\/wp-content\/uploads\/2022\/08\/outputsvggreen.png\",\"width\":94,\"height\":80,\"caption\":\"infobornholm\"},\"image\":{\"@id\":\"https:\/\/infobornholm.dk\/sv\/#\/schema\/logo\/image\/\"}}]}<\/script>\n<!-- \/ Yoast SEO plugin. -->","yoast_head_json":{"title":"Om - infobornholm","robots":{"index":"index","follow":"follow","max-snippet":"max-snippet:-1","max-image-preview":"max-image-preview:large","max-video-preview":"max-video-preview:-1"},"canonical":"https:\/\/infobornholm.dk\/sv\/om\/","og_locale":"sv_SE","og_type":"article","og_title":"Om - infobornholm","og_url":"https:\/\/infobornholm.dk\/sv\/om\/","og_site_name":"infobornholm","article_modified_time":"2025-09-15T14:54:23+00:00","twitter_card":"summary_large_image","twitter_misc":{"Ber\u00e4knad l\u00e4stid":"1 minut"},"schema":{"@context":"https:\/\/schema.org","@graph":[{"@type":"WebPage","@id":"https:\/\/infobornholm.dk\/sv\/om\/","url":"https:\/\/infobornholm.dk\/sv\/om\/","name":"Om - infobornholm","isPartOf":{"@id":"https:\/\/infobornholm.dk\/sv\/#website"},"primaryImageOfPage":{"@id":"https:\/\/infobornholm.dk\/sv\/om\/#primaryimage"},"image":{"@id":"https:\/\/infobornholm.dk\/sv\/om\/#primaryimage"},"thumbnailUrl":"https:\/\/infobornholm.dk\/wp-content\/uploads\/2022\/01\/camp_in_trees.svg","datePublished":"2022-01-21T19:53:18+00:00","dateModified":"2025-09-15T14:54:23+00:00","breadcrumb":{"@id":"https:\/\/infobornholm.dk\/sv\/om\/#breadcrumb"},"inLanguage":"sv-SE","potentialAction":[{"@type":"ReadAction","target":["https:\/\/infobornholm.dk\/sv\/om\/"]}]},{"@type":"ImageObject","inLanguage":"sv-SE","@id":"https:\/\/infobornholm.dk\/sv\/om\/#primaryimage","url":"https:\/\/infobornholm.dk\/wp-content\/uploads\/2022\/01\/camp_in_trees.svg","contentUrl":"https:\/\/infobornholm.dk\/wp-content\/uploads\/2022\/01\/camp_in_trees.svg"},{"@type":"BreadcrumbList","@id":"https:\/\/infobornholm.dk\/sv\/om\/#breadcrumb","itemListElement":[{"@type":"ListItem","position":1,"name":"Hjem","item":"https:\/\/infobornholm.dk\/sv\/hem\/"},{"@type":"ListItem","position":2,"name":"Om"}]},{"@type":"WebSite","@id":"https:\/\/infobornholm.dk\/sv\/#website","url":"https:\/\/infobornholm.dk\/sv\/","name":"infobornholm","description":"Solskins\u00f8en i \u00d8sters\u00f8en","publisher":{"@id":"https:\/\/infobornholm.dk\/sv\/#organization"},"potentialAction":[{"@type":"SearchAction","target":{"@type":"EntryPoint","urlTemplate":"https:\/\/infobornholm.dk\/sv\/?s={search_term_string}"},"query-input":{"@type":"PropertyValueSpecification","valueRequired":true,"valueName":"search_term_string"}}],"inLanguage":"sv-SE"},{"@type":"Organization","@id":"https:\/\/infobornholm.dk\/sv\/#organization","name":"infobornholm","url":"https:\/\/infobornholm.dk\/sv\/","logo":{"@type":"ImageObject","inLanguage":"sv-SE","@id":"https:\/\/infobornholm.dk\/sv\/#\/schema\/logo\/image\/","url":"https:\/\/infobornholm.dk\/wp-content\/uploads\/2022\/08\/outputsvggreen.png","contentUrl":"https:\/\/infobornholm.dk\/wp-content\/uploads\/2022\/08\/outputsvggreen.png","width":94,"height":80,"caption":"infobornholm"},"image":{"@id":"https:\/\/infobornholm.dk\/sv\/#\/schema\/logo\/image\/"}}]}},"_links":{"self":[{"href":"https:\/\/infobornholm.dk\/sv\/wp-json\/wp\/v2\/pages\/4483","targetHints":{"allow":["GET"]}}],"collection":[{"href":"https:\/\/infobornholm.dk\/sv\/wp-json\/wp\/v2\/pages"}],"about":[{"href":"https:\/\/infobornholm.dk\/sv\/wp-json\/wp\/v2\/types\/page"}],"author":[{"embeddable":true,"href":"https:\/\/infobornholm.dk\/sv\/wp-json\/wp\/v2\/users\/1"}],"replies":[{"embeddable":true,"href":"https:\/\/infobornholm.dk\/sv\/wp-json\/wp\/v2\/comments?post=4483"}],"version-history":[{"count":1,"href":"https:\/\/infobornholm.dk\/sv\/wp-json\/wp\/v2\/pages\/4483\/revisions"}],"predecessor-version":[{"id":4484,"href":"https:\/\/infobornholm.dk\/sv\/wp-json\/wp\/v2\/pages\/4483\/revisions\/4484"}],"wp:attachment":[{"href":"https:\/\/infobornholm.dk\/sv\/wp-json\/wp\/v2\/media?parent=4483"}],"curies":[{"name":"wp","href":"https:\/\/api.w.org\/{rel}","templated":true}]}}