{"id":4470,"date":"2022-01-21T21:52:10","date_gmt":"2022-01-21T19:52:10","guid":{"rendered":"https:\/\/infobornholm.dk\/hem\/"},"modified":"2025-09-15T16:54:23","modified_gmt":"2025-09-15T14:54:23","slug":"hem","status":"publish","type":"page","link":"https:\/\/infobornholm.dk\/sv\/","title":{"rendered":"Hem"},"content":{"rendered":"\n\n<h2 class=\"gb-headline gb-headline-3bcf5afd gb-headline-text\">Senaste artiklar<\/h2>\n\n\n\n<h6 class=\"gb-headline gb-headline-b4addd67 gb-headline-text\"><em>Borhnolm<\/em><\/h6>\n\n\n\n<div class=\"wp-block-query is-layout-flow wp-block-query-is-layout-flow\"><ul class=\"columns-2 wp-block-post-template is-layout-grid wp-container-core-post-template-is-layout-02493678 wp-block-post-template-is-layout-grid\"><li class=\"wp-block-post post-1705 post type-post status-publish format-standard has-post-thumbnail hentry category-allinge-sv category-byggnadskonst\">\n<figure class=\"wp-block-post-featured-image\"><a href=\"https:\/\/infobornholm.dk\/sv\/teknisk-skola-allinge\/\" target=\"_self\"  ><img fetchpriority=\"high\" decoding=\"async\" width=\"2560\" height=\"1167\" src=\"https:\/\/infobornholm.dk\/wp-content\/uploads\/2020\/05\/teknisk-skole-allinge-scaled.jpg\" class=\"attachment-post-thumbnail size-post-thumbnail wp-post-image\" alt=\"Teknisk skola Allinge\" style=\"object-fit:cover;\" srcset=\"https:\/\/infobornholm.dk\/wp-content\/uploads\/2020\/05\/teknisk-skole-allinge-scaled.jpg 2560w, https:\/\/infobornholm.dk\/wp-content\/uploads\/2020\/05\/teknisk-skole-allinge-350x160.jpg 350w, https:\/\/infobornholm.dk\/wp-content\/uploads\/2020\/05\/teknisk-skole-allinge-1024x467.jpg 1024w, https:\/\/infobornholm.dk\/wp-content\/uploads\/2020\/05\/teknisk-skole-allinge-768x350.jpg 768w, https:\/\/infobornholm.dk\/wp-content\/uploads\/2020\/05\/teknisk-skole-allinge-1536x700.jpg 1536w, https:\/\/infobornholm.dk\/wp-content\/uploads\/2020\/05\/teknisk-skole-allinge-2048x933.jpg 2048w, https:\/\/infobornholm.dk\/wp-content\/uploads\/2020\/05\/teknisk-skole-allinge-1404x640.jpg 1404w\" sizes=\"(max-width: 2560px) 100vw, 2560px\" \/><\/a><\/figure>\n\n\n<h4 class=\"has-text-align-center wp-block-post-title\"><a href=\"https:\/\/infobornholm.dk\/sv\/teknisk-skola-allinge\/\" target=\"_self\" >Teknisk skola Allinge<\/a><\/h4>\n\n<div class=\"has-text-align-center wp-block-post-date__modified-date wp-block-post-date has-text-color has-contrast-3-color\"><time datetime=\"2023-02-18T21:20:14+02:00\">18 februari 2023<\/time><\/div>\n\n\n<div style=\"height:30px\" aria-hidden=\"true\" class=\"wp-block-spacer\"><\/div>\n\n\n<div class=\"wp-block-post-excerpt\"><p class=\"wp-block-post-excerpt__excerpt\">Teknisk skola Allinge I februari 1883 tr\u00e4ffades 21 m\u00e4n fr\u00e5n Allinge och Sandvig i stadshuset f\u00f6r att bilda en hantverks- och industrif\u00f6rening. Fr\u00e5n b\u00f6rjan var det inte meningen att bygga en skola, utan planen var att det bara skulle vara kv\u00e4llsundervisning p\u00e5 Allinge Borgerskole, men 12 \u00e5r senare byggs Tekniska skolan. Allinge tekniska skola \u00e4r&hellip; <\/p><\/div>\n\n<\/li><li class=\"wp-block-post post-1757 post type-post status-publish format-standard has-post-thumbnail hentry category-allinge-sv category-byggnadskonst\">\n<figure class=\"wp-block-post-featured-image\"><a href=\"https:\/\/infobornholm.dk\/sv\/tornhuset-i-allinge\/\" target=\"_self\"  ><img decoding=\"async\" width=\"2560\" height=\"1746\" src=\"https:\/\/infobornholm.dk\/wp-content\/uploads\/taarnhuset-i-allinge-scaled.jpg\" class=\"attachment-post-thumbnail size-post-thumbnail wp-post-image\" alt=\"Tornhuset i Allinge\" style=\"object-fit:cover;\" srcset=\"https:\/\/infobornholm.dk\/wp-content\/uploads\/taarnhuset-i-allinge-scaled.jpg 2560w, https:\/\/infobornholm.dk\/wp-content\/uploads\/taarnhuset-i-allinge-300x205.jpg 300w, https:\/\/infobornholm.dk\/wp-content\/uploads\/taarnhuset-i-allinge-1024x698.jpg 1024w, https:\/\/infobornholm.dk\/wp-content\/uploads\/taarnhuset-i-allinge-768x524.jpg 768w\" sizes=\"(max-width: 2560px) 100vw, 2560px\" \/><\/a><\/figure>\n\n\n<h4 class=\"has-text-align-center wp-block-post-title\"><a href=\"https:\/\/infobornholm.dk\/sv\/tornhuset-i-allinge\/\" target=\"_self\" >Tornhuset i Allinge<\/a><\/h4>\n\n<div class=\"has-text-align-center wp-block-post-date__modified-date wp-block-post-date has-text-color has-contrast-3-color\"><time datetime=\"2023-02-18T21:20:17+02:00\">18 februari 2023<\/time><\/div>\n\n\n<div style=\"height:30px\" aria-hidden=\"true\" class=\"wp-block-spacer\"><\/div>\n\n\n<div class=\"wp-block-post-excerpt\"><p class=\"wp-block-post-excerpt__excerpt\">Tornhuset i Allinge Den f\u00f6rsta tanken man f\u00e5r n\u00e4r man ser Tower House \u00e4r att det m\u00e5ste vara en gammal fyr, men det har det aldrig varit. Tornhuset byggdes 1898 av doktor Sigfred Borch som l\u00e4karbostad och privatbostad. Det s\u00e4gs att han var intresserad av stj\u00e4rnorna och att tornet fungerade som ett observatorium, men denna&hellip; <\/p><\/div>\n\n<\/li><li class=\"wp-block-post post-1684 post type-post status-publish format-standard has-post-thumbnail hentry category-allinge-sv\">\n<figure class=\"wp-block-post-featured-image\"><a href=\"https:\/\/infobornholm.dk\/sv\/stor-granitsten-i-storegade\/\" target=\"_self\"  ><img decoding=\"async\" width=\"2560\" height=\"1184\" src=\"https:\/\/infobornholm.dk\/wp-content\/uploads\/stor-granitsten-i-storegade-scaled.jpg\" class=\"attachment-post-thumbnail size-post-thumbnail wp-post-image\" alt=\"Stor granitsten i Storegade\" style=\"object-fit:cover;\" srcset=\"https:\/\/infobornholm.dk\/wp-content\/uploads\/stor-granitsten-i-storegade-scaled.jpg 2560w, https:\/\/infobornholm.dk\/wp-content\/uploads\/stor-granitsten-i-storegade-300x139.jpg 300w, https:\/\/infobornholm.dk\/wp-content\/uploads\/stor-granitsten-i-storegade-1024x474.jpg 1024w, https:\/\/infobornholm.dk\/wp-content\/uploads\/stor-granitsten-i-storegade-768x355.jpg 768w, https:\/\/infobornholm.dk\/wp-content\/uploads\/stor-granitsten-i-storegade-1536x710.jpg 1536w, https:\/\/infobornholm.dk\/wp-content\/uploads\/stor-granitsten-i-storegade-2048x947.jpg 2048w, https:\/\/infobornholm.dk\/wp-content\/uploads\/stor-granitsten-i-storegade-1384x640.jpg 1384w\" sizes=\"(max-width: 2560px) 100vw, 2560px\" \/><\/a><\/figure>\n\n\n<h4 class=\"has-text-align-center wp-block-post-title\"><a href=\"https:\/\/infobornholm.dk\/sv\/stor-granitsten-i-storegade\/\" target=\"_self\" >Stor granitsten i Storegade<\/a><\/h4>\n\n<div class=\"has-text-align-center wp-block-post-date__modified-date wp-block-post-date has-text-color has-contrast-3-color\"><time datetime=\"2023-02-18T21:20:17+02:00\">18 februari 2023<\/time><\/div>\n\n\n<div style=\"height:30px\" aria-hidden=\"true\" class=\"wp-block-spacer\"><\/div>\n\n\n<div class=\"wp-block-post-excerpt\"><p class=\"wp-block-post-excerpt__excerpt\">Stor granitsten i Storegade P\u00e5 den lilla gr\u00e4smattan st\u00e5r en cirka 2 meter h\u00f6g granitsten. Det har inte varit m\u00f6jligt att hitta n\u00e5gon information om stenen i b\u00f6cker eller p\u00e5 annat h\u00e5ll, men n\u00e5gra \u00e4ldre inv\u00e5nare i Allinge s\u00e4ger att stenen restes i b\u00f6rjan av 1950-talet av den d\u00e5varande mark\u00e4garen som en protest mot f\u00f6rest\u00e5ende&hellip; <\/p><\/div>\n\n<\/li><li class=\"wp-block-post post-1726 post type-post status-publish format-standard has-post-thumbnail hentry category-gudhjem-sv category-kyrkor-och-kyrkogaardar category-ruiner-sv\">\n<figure class=\"wp-block-post-featured-image\"><a href=\"https:\/\/infobornholm.dk\/sv\/sct-anna-chapel-gudhjem\/\" target=\"_self\"  ><img loading=\"lazy\" decoding=\"async\" width=\"520\" height=\"386\" src=\"https:\/\/infobornholm.dk\/wp-content\/uploads\/2020\/05\/sct-anna-kapel.jpg\" class=\"attachment-post-thumbnail size-post-thumbnail wp-post-image\" alt=\"Sct. Anna Chapel &#8211; Gudhjem\" style=\"object-fit:cover;\" srcset=\"https:\/\/infobornholm.dk\/wp-content\/uploads\/2020\/05\/sct-anna-kapel.jpg 520w, https:\/\/infobornholm.dk\/wp-content\/uploads\/2020\/05\/sct-anna-kapel-300x223.jpg 300w, https:\/\/infobornholm.dk\/wp-content\/uploads\/2020\/05\/sct-anna-kapel-200x148.jpg 200w, https:\/\/infobornholm.dk\/wp-content\/uploads\/2020\/05\/sct-anna-kapel-400x297.jpg 400w\" sizes=\"(max-width: 520px) 100vw, 520px\" \/><\/a><\/figure>\n\n\n<h4 class=\"has-text-align-center wp-block-post-title\"><a href=\"https:\/\/infobornholm.dk\/sv\/sct-anna-chapel-gudhjem\/\" target=\"_self\" >Sct. Anna Chapel &#8211; Gudhjem<\/a><\/h4>\n\n\n\n\n<div style=\"height:30px\" aria-hidden=\"true\" class=\"wp-block-spacer\"><\/div>\n\n\n<div class=\"wp-block-post-excerpt\"><p class=\"wp-block-post-excerpt__excerpt\">Den lilla ruin som idag kan ses bredvid Gudhjem kyrka \u00e4r resterna av Sct. Annakapellet, det sista av de ursprungliga sju kustkapellen. \u00c5r 1893 stod den nya kyrkan klar och kapellets \u00f6de f\u00f6rblev ok\u00e4nt. Det fanns dock \u00f6nskem\u00e5l om att anv\u00e4nda platsen f\u00f6r 30 nya begravningar. Men alla ville inte att kapellet skulle f\u00f6rsvinna, de&hellip; <\/p><\/div>\n\n<\/li><\/ul><\/div>\n\n\n\n<h2 class=\"gb-headline gb-headline-5d5c1785 gb-headline-text\">F\u00f6lj oss p\u00e5 Instagram<\/h2>\n\n\n\n<h6 class=\"gb-headline gb-headline-2533825d gb-headline-text\"><em><a href=\"https:\/\/www.instagram.com\/infobornholm\" target=\"_blank\" rel=\"noreferrer noopener\">@infobornholm<\/a><\/em><\/h6>\n\n","protected":false},"excerpt":{"rendered":"","protected":false},"author":1,"featured_media":0,"parent":0,"menu_order":0,"comment_status":"closed","ping_status":"closed","template":"","meta":{"_acf_changed":false,"footnotes":""},"class_list":["post-4470","page","type-page","status-publish","hentry"],"acf":[],"yoast_head":"<!-- This site is optimized with the Yoast SEO plugin v26.3 - https:\/\/yoast.com\/wordpress\/plugins\/seo\/ -->\n<title>Hem - infobornholm<\/title>\n<meta name=\"robots\" content=\"index, follow, max-snippet:-1, max-image-preview:large, max-video-preview:-1\" \/>\n<link rel=\"canonical\" href=\"https:\/\/infobornholm.dk\/sv\/\" \/>\n<meta property=\"og:locale\" content=\"sv_SE\" \/>\n<meta property=\"og:type\" content=\"article\" \/>\n<meta property=\"og:title\" content=\"Hem - infobornholm\" \/>\n<meta property=\"og:url\" content=\"https:\/\/infobornholm.dk\/sv\/\" \/>\n<meta property=\"og:site_name\" content=\"infobornholm\" \/>\n<meta property=\"article:modified_time\" content=\"2025-09-15T14:54:23+00:00\" \/>\n<meta name=\"twitter:card\" content=\"summary_large_image\" \/>\n<script type=\"application\/ld+json\" class=\"yoast-schema-graph\">{\"@context\":\"https:\/\/schema.org\",\"@graph\":[{\"@type\":\"WebPage\",\"@id\":\"https:\/\/infobornholm.dk\/sv\/\",\"url\":\"https:\/\/infobornholm.dk\/sv\/\",\"name\":\"Hem - infobornholm\",\"isPartOf\":{\"@id\":\"https:\/\/infobornholm.dk\/sv\/#website\"},\"datePublished\":\"2022-01-21T19:52:10+00:00\",\"dateModified\":\"2025-09-15T14:54:23+00:00\",\"breadcrumb\":{\"@id\":\"https:\/\/infobornholm.dk\/sv\/#breadcrumb\"},\"inLanguage\":\"sv-SE\",\"potentialAction\":[{\"@type\":\"ReadAction\",\"target\":[\"https:\/\/infobornholm.dk\/sv\/\"]}]},{\"@type\":\"BreadcrumbList\",\"@id\":\"https:\/\/infobornholm.dk\/sv\/#breadcrumb\",\"itemListElement\":[{\"@type\":\"ListItem\",\"position\":1,\"name\":\"Hjem\",\"item\":\"https:\/\/infobornholm.dk\/sv\/hem\/\"},{\"@type\":\"ListItem\",\"position\":2,\"name\":\"Hem\"}]},{\"@type\":\"WebSite\",\"@id\":\"https:\/\/infobornholm.dk\/sv\/#website\",\"url\":\"https:\/\/infobornholm.dk\/sv\/\",\"name\":\"infobornholm\",\"description\":\"Solskins\u00f8en i \u00d8sters\u00f8en\",\"publisher\":{\"@id\":\"https:\/\/infobornholm.dk\/sv\/#organization\"},\"potentialAction\":[{\"@type\":\"SearchAction\",\"target\":{\"@type\":\"EntryPoint\",\"urlTemplate\":\"https:\/\/infobornholm.dk\/sv\/?s={search_term_string}\"},\"query-input\":{\"@type\":\"PropertyValueSpecification\",\"valueRequired\":true,\"valueName\":\"search_term_string\"}}],\"inLanguage\":\"sv-SE\"},{\"@type\":\"Organization\",\"@id\":\"https:\/\/infobornholm.dk\/sv\/#organization\",\"name\":\"infobornholm\",\"url\":\"https:\/\/infobornholm.dk\/sv\/\",\"logo\":{\"@type\":\"ImageObject\",\"inLanguage\":\"sv-SE\",\"@id\":\"https:\/\/infobornholm.dk\/sv\/#\/schema\/logo\/image\/\",\"url\":\"https:\/\/infobornholm.dk\/wp-content\/uploads\/2022\/08\/outputsvggreen.png\",\"contentUrl\":\"https:\/\/infobornholm.dk\/wp-content\/uploads\/2022\/08\/outputsvggreen.png\",\"width\":94,\"height\":80,\"caption\":\"infobornholm\"},\"image\":{\"@id\":\"https:\/\/infobornholm.dk\/sv\/#\/schema\/logo\/image\/\"}}]}<\/script>\n<!-- \/ Yoast SEO plugin. -->","yoast_head_json":{"title":"Hem - infobornholm","robots":{"index":"index","follow":"follow","max-snippet":"max-snippet:-1","max-image-preview":"max-image-preview:large","max-video-preview":"max-video-preview:-1"},"canonical":"https:\/\/infobornholm.dk\/sv\/","og_locale":"sv_SE","og_type":"article","og_title":"Hem - infobornholm","og_url":"https:\/\/infobornholm.dk\/sv\/","og_site_name":"infobornholm","article_modified_time":"2025-09-15T14:54:23+00:00","twitter_card":"summary_large_image","schema":{"@context":"https:\/\/schema.org","@graph":[{"@type":"WebPage","@id":"https:\/\/infobornholm.dk\/sv\/","url":"https:\/\/infobornholm.dk\/sv\/","name":"Hem - infobornholm","isPartOf":{"@id":"https:\/\/infobornholm.dk\/sv\/#website"},"datePublished":"2022-01-21T19:52:10+00:00","dateModified":"2025-09-15T14:54:23+00:00","breadcrumb":{"@id":"https:\/\/infobornholm.dk\/sv\/#breadcrumb"},"inLanguage":"sv-SE","potentialAction":[{"@type":"ReadAction","target":["https:\/\/infobornholm.dk\/sv\/"]}]},{"@type":"BreadcrumbList","@id":"https:\/\/infobornholm.dk\/sv\/#breadcrumb","itemListElement":[{"@type":"ListItem","position":1,"name":"Hjem","item":"https:\/\/infobornholm.dk\/sv\/hem\/"},{"@type":"ListItem","position":2,"name":"Hem"}]},{"@type":"WebSite","@id":"https:\/\/infobornholm.dk\/sv\/#website","url":"https:\/\/infobornholm.dk\/sv\/","name":"infobornholm","description":"Solskins\u00f8en i \u00d8sters\u00f8en","publisher":{"@id":"https:\/\/infobornholm.dk\/sv\/#organization"},"potentialAction":[{"@type":"SearchAction","target":{"@type":"EntryPoint","urlTemplate":"https:\/\/infobornholm.dk\/sv\/?s={search_term_string}"},"query-input":{"@type":"PropertyValueSpecification","valueRequired":true,"valueName":"search_term_string"}}],"inLanguage":"sv-SE"},{"@type":"Organization","@id":"https:\/\/infobornholm.dk\/sv\/#organization","name":"infobornholm","url":"https:\/\/infobornholm.dk\/sv\/","logo":{"@type":"ImageObject","inLanguage":"sv-SE","@id":"https:\/\/infobornholm.dk\/sv\/#\/schema\/logo\/image\/","url":"https:\/\/infobornholm.dk\/wp-content\/uploads\/2022\/08\/outputsvggreen.png","contentUrl":"https:\/\/infobornholm.dk\/wp-content\/uploads\/2022\/08\/outputsvggreen.png","width":94,"height":80,"caption":"infobornholm"},"image":{"@id":"https:\/\/infobornholm.dk\/sv\/#\/schema\/logo\/image\/"}}]}},"_links":{"self":[{"href":"https:\/\/infobornholm.dk\/sv\/wp-json\/wp\/v2\/pages\/4470","targetHints":{"allow":["GET"]}}],"collection":[{"href":"https:\/\/infobornholm.dk\/sv\/wp-json\/wp\/v2\/pages"}],"about":[{"href":"https:\/\/infobornholm.dk\/sv\/wp-json\/wp\/v2\/types\/page"}],"author":[{"embeddable":true,"href":"https:\/\/infobornholm.dk\/sv\/wp-json\/wp\/v2\/users\/1"}],"replies":[{"embeddable":true,"href":"https:\/\/infobornholm.dk\/sv\/wp-json\/wp\/v2\/comments?post=4470"}],"version-history":[{"count":1,"href":"https:\/\/infobornholm.dk\/sv\/wp-json\/wp\/v2\/pages\/4470\/revisions"}],"predecessor-version":[{"id":4472,"href":"https:\/\/infobornholm.dk\/sv\/wp-json\/wp\/v2\/pages\/4470\/revisions\/4472"}],"wp:attachment":[{"href":"https:\/\/infobornholm.dk\/sv\/wp-json\/wp\/v2\/media?parent=4470"}],"curies":[{"name":"wp","href":"https:\/\/api.w.org\/{rel}","templated":true}]}}