{"id":4473,"date":"2022-01-21T21:52:10","date_gmt":"2022-01-21T19:52:10","guid":{"rendered":"https:\/\/infobornholm.dk\/strona-glowna\/"},"modified":"2025-09-15T16:54:23","modified_gmt":"2025-09-15T14:54:23","slug":"strona-glowna","status":"publish","type":"page","link":"https:\/\/infobornholm.dk\/pl\/","title":{"rendered":"Strona g\u0142\u00f3wna"},"content":{"rendered":"\n\n<h2 class=\"gb-headline gb-headline-3bcf5afd gb-headline-text\">Najnowsze artyku\u0142y<\/h2>\n\n\n\n<h6 class=\"gb-headline gb-headline-b4addd67 gb-headline-text\"><em>Borhnolm<\/em><\/h6>\n\n\n\n<div class=\"wp-block-query is-layout-flow wp-block-query-is-layout-flow\"><ul class=\"columns-2 wp-block-post-template is-layout-grid wp-container-core-post-template-is-layout-02493678 wp-block-post-template-is-layout-grid\"><li class=\"wp-block-post post-4419 post type-post status-publish format-standard has-post-thumbnail hentry category-doswiadczenia-i-dzialania\">\n<figure class=\"wp-block-post-featured-image\"><a href=\"https:\/\/infobornholm.dk\/pl\/bornholm-wkrotce-zbierze-pierwsze-trufle-w-danii\/\" target=\"_self\"  ><img fetchpriority=\"high\" decoding=\"async\" width=\"832\" height=\"448\" src=\"https:\/\/infobornholm.dk\/wp-content\/uploads\/output.jpg\" class=\"attachment-post-thumbnail size-post-thumbnail wp-post-image\" alt=\"Bornholm wkr\u00f3tce zbierze pierwsze trufle w Danii\" style=\"object-fit:cover;\" srcset=\"https:\/\/infobornholm.dk\/wp-content\/uploads\/output.jpg 832w, https:\/\/infobornholm.dk\/wp-content\/uploads\/output-300x162.jpg 300w, https:\/\/infobornholm.dk\/wp-content\/uploads\/output-768x414.jpg 768w\" sizes=\"(max-width: 832px) 100vw, 832px\" \/><\/a><\/figure>\n\n\n<h4 class=\"has-text-align-center wp-block-post-title\"><a href=\"https:\/\/infobornholm.dk\/pl\/bornholm-wkrotce-zbierze-pierwsze-trufle-w-danii\/\" target=\"_self\" >Bornholm wkr\u00f3tce zbierze pierwsze trufle w Danii<\/a><\/h4>\n\n<div class=\"has-text-align-center wp-block-post-date__modified-date wp-block-post-date has-text-color has-contrast-3-color\"><time datetime=\"2025-09-19T11:11:35+02:00\">19 wrze\u015bnia 2025<\/time><\/div>\n\n\n<div style=\"height:30px\" aria-hidden=\"true\" class=\"wp-block-spacer\"><\/div>\n\n\n<div class=\"wp-block-post-excerpt\"><p class=\"wp-block-post-excerpt__excerpt\">Po o\u015bmiu latach cierpliwej pracy, Bornholm wkr\u00f3tce zapisze si\u0119 na kartach du\u0144skiej historii: Zbli\u017caj\u0105 si\u0119 pierwsze komercyjne zbiory du\u0144skich trufli. Pionierski projekt na po\u0142udniowym Bornholmie Za projektem stoj\u0105 matka i c\u00f3rka, Lisbeth Kjellberg i Kirstine Nystr\u00f8m, kt\u00f3re prowadz\u0105 Tr\u00f8ffel Bornholm ( https:\/\/www.troffelbornholm.dk\/ ). Przygoda rozpocz\u0119\u0142a si\u0119 ponad 20 lat temu podczas podr\u00f3\u017cy na Gotlandi\u0119, gdzie&hellip; <\/p><\/div>\n\n<\/li><li class=\"wp-block-post post-1685 post type-post status-publish format-standard has-post-thumbnail hentry category-allinge-pl category-sztuka-budowlana\">\n<figure class=\"wp-block-post-featured-image\"><a href=\"https:\/\/infobornholm.dk\/pl\/szkola-techniczna-allinge\/\" target=\"_self\"  ><img decoding=\"async\" width=\"2560\" height=\"1167\" src=\"https:\/\/infobornholm.dk\/wp-content\/uploads\/2020\/05\/teknisk-skole-allinge-scaled.jpg\" class=\"attachment-post-thumbnail size-post-thumbnail wp-post-image\" alt=\"Szko\u0142a techniczna Allinge\" style=\"object-fit:cover;\" srcset=\"https:\/\/infobornholm.dk\/wp-content\/uploads\/2020\/05\/teknisk-skole-allinge-scaled.jpg 2560w, https:\/\/infobornholm.dk\/wp-content\/uploads\/2020\/05\/teknisk-skole-allinge-350x160.jpg 350w, https:\/\/infobornholm.dk\/wp-content\/uploads\/2020\/05\/teknisk-skole-allinge-1024x467.jpg 1024w, https:\/\/infobornholm.dk\/wp-content\/uploads\/2020\/05\/teknisk-skole-allinge-768x350.jpg 768w, https:\/\/infobornholm.dk\/wp-content\/uploads\/2020\/05\/teknisk-skole-allinge-1536x700.jpg 1536w, https:\/\/infobornholm.dk\/wp-content\/uploads\/2020\/05\/teknisk-skole-allinge-2048x933.jpg 2048w, https:\/\/infobornholm.dk\/wp-content\/uploads\/2020\/05\/teknisk-skole-allinge-1404x640.jpg 1404w\" sizes=\"(max-width: 2560px) 100vw, 2560px\" \/><\/a><\/figure>\n\n\n<h4 class=\"has-text-align-center wp-block-post-title\"><a href=\"https:\/\/infobornholm.dk\/pl\/szkola-techniczna-allinge\/\" target=\"_self\" >Szko\u0142a techniczna Allinge<\/a><\/h4>\n\n<div class=\"has-text-align-center wp-block-post-date__modified-date wp-block-post-date has-text-color has-contrast-3-color\"><time datetime=\"2023-02-18T21:20:14+02:00\">18 lutego 2023<\/time><\/div>\n\n\n<div style=\"height:30px\" aria-hidden=\"true\" class=\"wp-block-spacer\"><\/div>\n\n\n<div class=\"wp-block-post-excerpt\"><p class=\"wp-block-post-excerpt__excerpt\">Szko\u0142a techniczna Allinge W lutym 1883 roku 21 m\u0119\u017cczyzn z Allinge i Sandvig spotka\u0142o si\u0119 w ratuszu w celu utworzenia stowarzyszenia rzemie\u015blniczego i przemys\u0142owego. Pocz\u0105tkowo nie zamierzano budowa\u0107 szko\u0142y, planowano, \u017ce b\u0119dzie to tylko wieczorowa edukacja szkolna w Allinge Borgerskole, ale 12 lat p\u00f3\u017aniej zostaje wybudowana Szko\u0142a Techniczna. Szko\u0142a Techniczna Allinge to pi\u0119kny stary budynek,&hellip; <\/p><\/div>\n\n<\/li><li class=\"wp-block-post post-1732 post type-post status-publish format-standard has-post-thumbnail hentry category-allinge-pl category-sztuka-budowlana\">\n<figure class=\"wp-block-post-featured-image\"><a href=\"https:\/\/infobornholm.dk\/pl\/dom-z-wieza-w-allinge\/\" target=\"_self\"  ><img decoding=\"async\" width=\"2560\" height=\"1746\" src=\"https:\/\/infobornholm.dk\/wp-content\/uploads\/taarnhuset-i-allinge-scaled.jpg\" class=\"attachment-post-thumbnail size-post-thumbnail wp-post-image\" alt=\"Dom z wie\u017c\u0105 w Allinge\" style=\"object-fit:cover;\" srcset=\"https:\/\/infobornholm.dk\/wp-content\/uploads\/taarnhuset-i-allinge-scaled.jpg 2560w, https:\/\/infobornholm.dk\/wp-content\/uploads\/taarnhuset-i-allinge-300x205.jpg 300w, https:\/\/infobornholm.dk\/wp-content\/uploads\/taarnhuset-i-allinge-1024x698.jpg 1024w, https:\/\/infobornholm.dk\/wp-content\/uploads\/taarnhuset-i-allinge-768x524.jpg 768w\" sizes=\"(max-width: 2560px) 100vw, 2560px\" \/><\/a><\/figure>\n\n\n<h4 class=\"has-text-align-center wp-block-post-title\"><a href=\"https:\/\/infobornholm.dk\/pl\/dom-z-wieza-w-allinge\/\" target=\"_self\" >Dom z wie\u017c\u0105 w Allinge<\/a><\/h4>\n\n<div class=\"has-text-align-center wp-block-post-date__modified-date wp-block-post-date has-text-color has-contrast-3-color\"><time datetime=\"2023-02-18T21:20:17+02:00\">18 lutego 2023<\/time><\/div>\n\n\n<div style=\"height:30px\" aria-hidden=\"true\" class=\"wp-block-spacer\"><\/div>\n\n\n<div class=\"wp-block-post-excerpt\"><p class=\"wp-block-post-excerpt__excerpt\">Dom z wie\u017c\u0105 w Allinge Pierwsz\u0105 my\u015bl\u0105, jaka nasuwa si\u0119 po zobaczeniu Tower House jest to, \u017ce musi to by\u0107 stara latarnia morska, ale nigdy ni\u0105 nie by\u0142a. Dom z wie\u017c\u0105 zosta\u0142 zbudowany przez doktora Sigfreda Borcha w 1898 roku jako dom lekarski i prywatna rezydencja. M\u00f3wi si\u0119, \u017ce interesowa\u0142 si\u0119 gwiazdami i \u017ce wie\u017ca&hellip; <\/p><\/div>\n\n<\/li><li class=\"wp-block-post post-1762 post type-post status-publish format-standard has-post-thumbnail hentry category-allinge-pl\">\n<figure class=\"wp-block-post-featured-image\"><a href=\"https:\/\/infobornholm.dk\/pl\/duzy-kamien-granitowy-w-storegade\/\" target=\"_self\"  ><img loading=\"lazy\" decoding=\"async\" width=\"2560\" height=\"1184\" src=\"https:\/\/infobornholm.dk\/wp-content\/uploads\/stor-granitsten-i-storegade-scaled.jpg\" class=\"attachment-post-thumbnail size-post-thumbnail wp-post-image\" alt=\"Du\u017cy kamie\u0144 granitowy w Storegade\" style=\"object-fit:cover;\" srcset=\"https:\/\/infobornholm.dk\/wp-content\/uploads\/stor-granitsten-i-storegade-scaled.jpg 2560w, https:\/\/infobornholm.dk\/wp-content\/uploads\/stor-granitsten-i-storegade-300x139.jpg 300w, https:\/\/infobornholm.dk\/wp-content\/uploads\/stor-granitsten-i-storegade-1024x474.jpg 1024w, https:\/\/infobornholm.dk\/wp-content\/uploads\/stor-granitsten-i-storegade-768x355.jpg 768w, https:\/\/infobornholm.dk\/wp-content\/uploads\/stor-granitsten-i-storegade-1536x710.jpg 1536w, https:\/\/infobornholm.dk\/wp-content\/uploads\/stor-granitsten-i-storegade-2048x947.jpg 2048w, https:\/\/infobornholm.dk\/wp-content\/uploads\/stor-granitsten-i-storegade-1384x640.jpg 1384w\" sizes=\"(max-width: 2560px) 100vw, 2560px\" \/><\/a><\/figure>\n\n\n<h4 class=\"has-text-align-center wp-block-post-title\"><a href=\"https:\/\/infobornholm.dk\/pl\/duzy-kamien-granitowy-w-storegade\/\" target=\"_self\" >Du\u017cy kamie\u0144 granitowy w Storegade<\/a><\/h4>\n\n<div class=\"has-text-align-center wp-block-post-date__modified-date wp-block-post-date has-text-color has-contrast-3-color\"><time datetime=\"2023-02-18T21:20:16+02:00\">18 lutego 2023<\/time><\/div>\n\n\n<div style=\"height:30px\" aria-hidden=\"true\" class=\"wp-block-spacer\"><\/div>\n\n\n<div class=\"wp-block-post-excerpt\"><p class=\"wp-block-post-excerpt__excerpt\">Du\u017cy kamie\u0144 granitowy w Storegade Na niewielkim trawniku stoi granitowy kamie\u0144 o wysoko\u015bci oko\u0142o 2 m. Nie uda\u0142o si\u0119 znale\u017a\u0107 \u017cadnych informacji na temat kamienia w ksi\u0105\u017ckach ani w innych miejscach, ale niekt\u00f3rzy starsi mieszka\u0144cy Allinge twierdz\u0105, \u017ce kamie\u0144 zosta\u0142 postawiony na pocz\u0105tku lat 50. przez \u00f3wczesnego w\u0142a\u015bciciela ziemi jako protest przeciwko zbli\u017caj\u0105cym si\u0119 planom&hellip; <\/p><\/div>\n\n<\/li><\/ul><\/div>\n\n\n\n<h2 class=\"gb-headline gb-headline-5d5c1785 gb-headline-text\">\u015aled\u017a nas na Instagramie<\/h2>\n\n\n\n<h6 class=\"gb-headline gb-headline-2533825d gb-headline-text\"><em><a href=\"https:\/\/www.instagram.com\/infobornholm\" target=\"_blank\" rel=\"noreferrer noopener\">@infobornholm<\/a><\/em><\/h6>\n\n","protected":false},"excerpt":{"rendered":"","protected":false},"author":1,"featured_media":0,"parent":0,"menu_order":0,"comment_status":"closed","ping_status":"closed","template":"","meta":{"_acf_changed":false,"footnotes":""},"class_list":["post-4473","page","type-page","status-publish","hentry"],"acf":[],"yoast_head":"<!-- This site is optimized with the Yoast SEO plugin v26.3 - https:\/\/yoast.com\/wordpress\/plugins\/seo\/ -->\n<title>Strona g\u0142\u00f3wna - infobornholm<\/title>\n<meta name=\"robots\" content=\"index, follow, max-snippet:-1, max-image-preview:large, max-video-preview:-1\" \/>\n<link rel=\"canonical\" href=\"https:\/\/infobornholm.dk\/pl\/\" \/>\n<meta property=\"og:locale\" content=\"pl_PL\" \/>\n<meta property=\"og:type\" content=\"article\" \/>\n<meta property=\"og:title\" content=\"Strona g\u0142\u00f3wna - infobornholm\" \/>\n<meta property=\"og:url\" content=\"https:\/\/infobornholm.dk\/pl\/\" \/>\n<meta property=\"og:site_name\" content=\"infobornholm\" \/>\n<meta property=\"article:modified_time\" content=\"2025-09-15T14:54:23+00:00\" \/>\n<meta name=\"twitter:card\" content=\"summary_large_image\" \/>\n<script type=\"application\/ld+json\" class=\"yoast-schema-graph\">{\"@context\":\"https:\/\/schema.org\",\"@graph\":[{\"@type\":\"WebPage\",\"@id\":\"https:\/\/infobornholm.dk\/pl\/\",\"url\":\"https:\/\/infobornholm.dk\/pl\/\",\"name\":\"Strona g\u0142\u00f3wna - infobornholm\",\"isPartOf\":{\"@id\":\"https:\/\/infobornholm.dk\/pl\/#website\"},\"datePublished\":\"2022-01-21T19:52:10+00:00\",\"dateModified\":\"2025-09-15T14:54:23+00:00\",\"breadcrumb\":{\"@id\":\"https:\/\/infobornholm.dk\/pl\/#breadcrumb\"},\"inLanguage\":\"pl-PL\",\"potentialAction\":[{\"@type\":\"ReadAction\",\"target\":[\"https:\/\/infobornholm.dk\/pl\/\"]}]},{\"@type\":\"BreadcrumbList\",\"@id\":\"https:\/\/infobornholm.dk\/pl\/#breadcrumb\",\"itemListElement\":[{\"@type\":\"ListItem\",\"position\":1,\"name\":\"Hjem\",\"item\":\"https:\/\/infobornholm.dk\/pl\/strona-glowna\/\"},{\"@type\":\"ListItem\",\"position\":2,\"name\":\"Strona g\u0142\u00f3wna\"}]},{\"@type\":\"WebSite\",\"@id\":\"https:\/\/infobornholm.dk\/pl\/#website\",\"url\":\"https:\/\/infobornholm.dk\/pl\/\",\"name\":\"infobornholm\",\"description\":\"Solskins\u00f8en i \u00d8sters\u00f8en\",\"publisher\":{\"@id\":\"https:\/\/infobornholm.dk\/pl\/#organization\"},\"potentialAction\":[{\"@type\":\"SearchAction\",\"target\":{\"@type\":\"EntryPoint\",\"urlTemplate\":\"https:\/\/infobornholm.dk\/pl\/?s={search_term_string}\"},\"query-input\":{\"@type\":\"PropertyValueSpecification\",\"valueRequired\":true,\"valueName\":\"search_term_string\"}}],\"inLanguage\":\"pl-PL\"},{\"@type\":\"Organization\",\"@id\":\"https:\/\/infobornholm.dk\/pl\/#organization\",\"name\":\"infobornholm\",\"url\":\"https:\/\/infobornholm.dk\/pl\/\",\"logo\":{\"@type\":\"ImageObject\",\"inLanguage\":\"pl-PL\",\"@id\":\"https:\/\/infobornholm.dk\/pl\/#\/schema\/logo\/image\/\",\"url\":\"https:\/\/infobornholm.dk\/wp-content\/uploads\/2022\/08\/outputsvggreen.png\",\"contentUrl\":\"https:\/\/infobornholm.dk\/wp-content\/uploads\/2022\/08\/outputsvggreen.png\",\"width\":94,\"height\":80,\"caption\":\"infobornholm\"},\"image\":{\"@id\":\"https:\/\/infobornholm.dk\/pl\/#\/schema\/logo\/image\/\"}}]}<\/script>\n<!-- \/ Yoast SEO plugin. -->","yoast_head_json":{"title":"Strona g\u0142\u00f3wna - infobornholm","robots":{"index":"index","follow":"follow","max-snippet":"max-snippet:-1","max-image-preview":"max-image-preview:large","max-video-preview":"max-video-preview:-1"},"canonical":"https:\/\/infobornholm.dk\/pl\/","og_locale":"pl_PL","og_type":"article","og_title":"Strona g\u0142\u00f3wna - infobornholm","og_url":"https:\/\/infobornholm.dk\/pl\/","og_site_name":"infobornholm","article_modified_time":"2025-09-15T14:54:23+00:00","twitter_card":"summary_large_image","schema":{"@context":"https:\/\/schema.org","@graph":[{"@type":"WebPage","@id":"https:\/\/infobornholm.dk\/pl\/","url":"https:\/\/infobornholm.dk\/pl\/","name":"Strona g\u0142\u00f3wna - infobornholm","isPartOf":{"@id":"https:\/\/infobornholm.dk\/pl\/#website"},"datePublished":"2022-01-21T19:52:10+00:00","dateModified":"2025-09-15T14:54:23+00:00","breadcrumb":{"@id":"https:\/\/infobornholm.dk\/pl\/#breadcrumb"},"inLanguage":"pl-PL","potentialAction":[{"@type":"ReadAction","target":["https:\/\/infobornholm.dk\/pl\/"]}]},{"@type":"BreadcrumbList","@id":"https:\/\/infobornholm.dk\/pl\/#breadcrumb","itemListElement":[{"@type":"ListItem","position":1,"name":"Hjem","item":"https:\/\/infobornholm.dk\/pl\/strona-glowna\/"},{"@type":"ListItem","position":2,"name":"Strona g\u0142\u00f3wna"}]},{"@type":"WebSite","@id":"https:\/\/infobornholm.dk\/pl\/#website","url":"https:\/\/infobornholm.dk\/pl\/","name":"infobornholm","description":"Solskins\u00f8en i \u00d8sters\u00f8en","publisher":{"@id":"https:\/\/infobornholm.dk\/pl\/#organization"},"potentialAction":[{"@type":"SearchAction","target":{"@type":"EntryPoint","urlTemplate":"https:\/\/infobornholm.dk\/pl\/?s={search_term_string}"},"query-input":{"@type":"PropertyValueSpecification","valueRequired":true,"valueName":"search_term_string"}}],"inLanguage":"pl-PL"},{"@type":"Organization","@id":"https:\/\/infobornholm.dk\/pl\/#organization","name":"infobornholm","url":"https:\/\/infobornholm.dk\/pl\/","logo":{"@type":"ImageObject","inLanguage":"pl-PL","@id":"https:\/\/infobornholm.dk\/pl\/#\/schema\/logo\/image\/","url":"https:\/\/infobornholm.dk\/wp-content\/uploads\/2022\/08\/outputsvggreen.png","contentUrl":"https:\/\/infobornholm.dk\/wp-content\/uploads\/2022\/08\/outputsvggreen.png","width":94,"height":80,"caption":"infobornholm"},"image":{"@id":"https:\/\/infobornholm.dk\/pl\/#\/schema\/logo\/image\/"}}]}},"_links":{"self":[{"href":"https:\/\/infobornholm.dk\/pl\/wp-json\/wp\/v2\/pages\/4473","targetHints":{"allow":["GET"]}}],"collection":[{"href":"https:\/\/infobornholm.dk\/pl\/wp-json\/wp\/v2\/pages"}],"about":[{"href":"https:\/\/infobornholm.dk\/pl\/wp-json\/wp\/v2\/types\/page"}],"author":[{"embeddable":true,"href":"https:\/\/infobornholm.dk\/pl\/wp-json\/wp\/v2\/users\/1"}],"replies":[{"embeddable":true,"href":"https:\/\/infobornholm.dk\/pl\/wp-json\/wp\/v2\/comments?post=4473"}],"version-history":[{"count":1,"href":"https:\/\/infobornholm.dk\/pl\/wp-json\/wp\/v2\/pages\/4473\/revisions"}],"predecessor-version":[{"id":4475,"href":"https:\/\/infobornholm.dk\/pl\/wp-json\/wp\/v2\/pages\/4473\/revisions\/4475"}],"wp:attachment":[{"href":"https:\/\/infobornholm.dk\/pl\/wp-json\/wp\/v2\/media?parent=4473"}],"curies":[{"name":"wp","href":"https:\/\/api.w.org\/{rel}","templated":true}]}}