{"id":4454,"date":"2022-01-14T12:51:46","date_gmt":"2022-01-14T10:51:46","guid":{"rendered":"https:\/\/infobornholm.dk\/przewodnik-po-stylach\/"},"modified":"2025-09-15T16:54:17","modified_gmt":"2025-09-15T14:54:17","slug":"przewodnik-po-stylach","status":"publish","type":"page","link":"https:\/\/infobornholm.dk\/pl\/przewodnik-po-stylach\/","title":{"rendered":"Przewodnik po stylach"},"content":{"rendered":"\n<h2 class=\"gb-headline gb-headline-7c7b3d0a\"><span class=\"gb-icon\"><svg xmlns=\"http:\/\/www.w3.org\/2000\/svg\" viewbox=\"0 0 37.227 37.227\"><path d=\"M20.824 29.931l-1.396-3.676H7.529L6.13 30.011c-.547 1.464-1.012 2.451-1.398 2.965-.385.513-1.018.769-1.896.769-.746 0-1.404-.271-1.978-.817C.286 32.382 0 31.763 0 31.07c0-.397.065-.812.198-1.235.134-.427.354-1.021.66-1.777l7.488-19.01.768-1.968c.302-.766.621-1.4.959-1.906a3.899 3.899 0 011.341-1.229c.551-.312 1.231-.469 2.045-.469.826 0 1.517.156 2.065.469a3.97 3.97 0 011.34 1.209c.339.492.625 1.021.857 1.587s.529 1.321.889 2.268l7.649 18.89c.599 1.438.897 2.481.897 3.135 0 .681-.282 1.304-.85 1.867a2.796 2.796 0 01-2.049.851c-.465 0-.863-.084-1.195-.25a2.466 2.466 0 01-.84-.68c-.229-.286-.471-.727-.729-1.316a127.31 127.31 0 01-.669-1.575zm-11.74-8.127h8.746L13.416 9.722 9.084 21.804zm27.449 7.459l-5.857-14.324a57.909 57.909 0 00-.682-1.719 6.49 6.49 0 00-.654-1.203 3.02 3.02 0 00-1.02-.913c-.418-.236-.941-.354-1.568-.352-.619.003-1.135.123-1.553.361a2.942 2.942 0 00-1.015.937c-.258.386-.497.869-.725 1.451l-.39 1.005 2.14 5.289 1.524-4.295 3.383 9.16-2.934.013 1.307 3.223c.021.055.037.1.06.154l2.793-.012 1.069 2.787c.146.344.314.739.515 1.188.197.449.386.783.56 1 .172.217.385.388.639.514.252.125.557.188.91.188a2.13 2.13 0 001.551-.649c.432-.433.643-.904.641-1.42-.005-.5-.235-1.292-.694-2.383z\"><\/path><\/svg><\/span><span class=\"gb-headline-text\">Typografia<\/span><\/h2>\n\n<h3 class=\"gb-headline gb-headline-e26e94cc gb-headline-text\">Menu<\/h3>\n\n<p>Czcionka: Aleo, Rozmiar &#8211; 16px, Waga &#8211; 700<\/p>\n\n<h3 class=\"gb-headline gb-headline-59c7c487 gb-headline-text\">G\u0142\u00f3wna tre\u015b\u0107<\/h3>\n\n<p>Czcionka: PT Sans, Rozmiar &#8211; 16px, Waga &#8211; 400<\/p>\n\n<h3 class=\"gb-headline gb-headline-bc714814 gb-headline-text\">Nag\u0142\u00f3wki &#8211; H1<\/h3>\n\n\n\n<p>Czcionka: Aleo<br\/>Rozmiar &#8211; 45px\/40px<br\/>Waga &#8211; 700<\/p>\n\n\n\n\n\n<h1 class=\"gb-headline gb-headline-982cdbdc gb-headline-text\">Fusce vulputate augue sit amet nunc egestas volutpat.<\/h1>\n\n\n\n<h3 class=\"gb-headline gb-headline-a4c98c42 gb-headline-text\">Nag\u0142\u00f3wki &#8211; H2<\/h3>\n\n\n\n<p>Czcionka: Aleo <br\/>Rozmiar &#8211; 38px\/32px<br\/>Waga &#8211; 700<\/p>\n\n\n\n\n\n<h2 class=\"gb-headline gb-headline-458032c9 gb-headline-text\">Fusce vulputate augue sit amet nunc egestas volutpat.<\/h2>\n\n\n\n<h3 class=\"gb-headline gb-headline-b7da42fe gb-headline-text\">Nag\u0142\u00f3wki &#8211; H3<\/h3>\n\n\n\n<p>Czcionka: Aleo<br\/>Rozmiar &#8211; 29px\/24px<br\/>Waga &#8211; 700<\/p>\n\n\n\n\n\n<h3 class=\"gb-headline gb-headline-d1002423 gb-headline-text\">Fusce vulputate augue sit amet nunc egestas volutpat.<\/h3>\n\n\n\n<h3 class=\"gb-headline gb-headline-d18da0c9 gb-headline-text\">Nag\u0142\u00f3wki &#8211; H4<\/h3>\n\n\n\n<p>Czcionka: Aleo<br\/>Rozmiar &#8211; 24px\/22px<br\/>Waga &#8211; 700<\/p>\n\n\n\n\n\n<h4 class=\"gb-headline gb-headline-205d0823 gb-headline-text\">Fusce vulputate augue sit amet nunc egestas volutpat.<\/h4>\n\n\n\n<h3 class=\"gb-headline gb-headline-dbbf4f92 gb-headline-text\">Nag\u0142\u00f3wki &#8211; H5<\/h3>\n\n\n\n<p>Czcionka: Aleo<br\/>Rozmiar &#8211; 19px\/18px<br\/>Waga &#8211; 700<\/p>\n\n\n\n\n\n<h5 class=\"gb-headline gb-headline-06c9befb gb-headline-text\">Fusce vulputate augue sit amet nunc egestas volutpat.<\/h5>\n\n\n\n<h3 class=\"gb-headline gb-headline-622ba6e0 gb-headline-text\">Nag\u0142\u00f3wki &#8211; H6<\/h3>\n\n\n\n<p>Czcionka: Luckiest Guy<br\/>Rozmiar &#8211; 17px\/16px<br\/>Waga &#8211; 700<\/p>\n\n\n\n\n\n<h6 class=\"gb-headline gb-headline-12c6ebd3 gb-headline-text\">Fusce vulputate augue sit amet nunc egestas volutpat.<\/h6>\n\n\n\n<h2 class=\"gb-headline gb-headline-c9ae8aeb\"><span class=\"gb-icon\"><svg xmlns=\"http:\/\/www.w3.org\/2000\/svg\" viewbox=\"0 0 512 512\"><path d=\"M376.5 120.5h-241C60.785 120.5 0 181.285 0 256s60.785 135.5 135.5 135.5h241c74.715 0 135.5-60.785 135.5-135.5s-60.785-135.5-135.5-135.5zm0 241C318.327 361.5 271 314.174 271 256c0-58.172 47.327-105.5 105.5-105.5S482 197.828 482 256c0 58.174-47.327 105.5-105.5 105.5z\"><\/path><\/svg><\/span><span class=\"gb-headline-text\">Przyciski<\/span><\/h2>\n\n\n<a class=\"gb-button gb-button-6afcee6a gb-button-text\" href=\"#\">Przycisk 1<\/a>\n\n\n\n<a class=\"gb-button gb-button-3183ed32 gb-button-text\" href=\"#\">Przycisk 2<\/a>\n\n\n<h2 class=\"gb-headline gb-headline-6c7b9c2d\"><span class=\"gb-icon\"><svg xmlns=\"http:\/\/www.w3.org\/2000\/svg\" viewbox=\"0 0 384 384\"><path d=\"M192 0C85.973 0 0 85.973 0 192s85.973 192 192 192c17.707 0 32-14.293 32-32 0-8.32-3.093-15.787-8.32-21.44-5.013-5.653-8-13.013-8-21.227 0-17.707 14.293-32 32-32h37.653c58.88 0 106.667-47.787 106.667-106.667C384 76.373 298.027 0 192 0zM74.667 192c-17.707 0-32-14.293-32-32s14.293-32 32-32 32 14.293 32 32-14.294 32-32 32zm64-85.333c-17.707 0-32-14.293-32-32s14.293-32 32-32 32 14.293 32 32-14.294 32-32 32zm106.666 0c-17.707 0-32-14.293-32-32s14.293-32 32-32 32 14.293 32 32-14.293 32-32 32zm64 85.333c-17.707 0-32-14.293-32-32s14.293-32 32-32 32 14.293 32 32-14.293 32-32 32z\"><\/path><\/svg><\/span><span class=\"gb-headline-text\">Kolory globalne<\/span><\/h2>\n\n\n\n\n<p class=\"gb-headline gb-headline-e0561062 gb-headline-text\">kontrast<\/p>\n\n\n\n\n<p class=\"gb-headline gb-headline-6b75c652 gb-headline-text\">#422c18<\/p>\n\n\n\n\n\n\n<p class=\"gb-headline gb-headline-02aca8fc gb-headline-text\">kontrast-2<\/p>\n\n\n\n\n<p class=\"gb-headline gb-headline-8d1382b3 gb-headline-text\">#757c7e<\/p>\n\n\n\n\n\n\n<p class=\"gb-headline gb-headline-9710130b gb-headline-text\">kontrast-3<\/p>\n\n\n\n\n<p class=\"gb-headline gb-headline-d275f5ac gb-headline-text\">#a5958c<\/p>\n\n\n\n\n\n\n<p class=\"gb-headline gb-headline-3d65f446 gb-headline-text\">baza<\/p>\n\n\n\n\n<p class=\"gb-headline gb-headline-d8770a7d gb-headline-text\">#f6f5f2<\/p>\n\n\n\n\n\n\n<p class=\"gb-headline gb-headline-3926d163 gb-headline-text\">base-2<\/p>\n\n\n\n\n<p class=\"gb-headline gb-headline-91c09432 gb-headline-text\">#ffffff<\/p>\n\n\n\n\n\n\n<p class=\"gb-headline gb-headline-1483543a gb-headline-text\">akcent<\/p>\n\n\n\n\n<p class=\"gb-headline gb-headline-ffc8d2f4 gb-headline-text\">#5b9a42<\/p>\n\n\n\n\n\n\n<p class=\"gb-headline gb-headline-861eb47e gb-headline-text\">akcent-2<\/p>\n\n\n\n\n<p class=\"gb-headline gb-headline-6b18ebad gb-headline-text\">#fc5640<\/p>\n\n\n\n\n\n\n<p class=\"gb-headline gb-headline-b3834c3a gb-headline-text\">akcent-3<\/p>\n\n\n\n\n<p class=\"gb-headline gb-headline-115af609 gb-headline-text\">#d39013<\/p>\n\n\n\n\n\n\n<p class=\"gb-headline gb-headline-10133a2b gb-headline-text\">akcent-4<\/p>\n\n\n\n\n<p class=\"gb-headline gb-headline-80f39dcc gb-headline-text\">#fcc044<\/p>\n\n\n\n<p><\/p>\n","protected":false},"excerpt":{"rendered":"<p>Czcionka: Aleo, Rozmiar &#8211; 16px, Waga &#8211; 700 Czcionka: PT Sans, Rozmiar &#8211; 16px, Waga &#8211; 400<\/p>\n","protected":false},"author":1,"featured_media":0,"parent":0,"menu_order":0,"comment_status":"closed","ping_status":"closed","template":"","meta":{"_acf_changed":false,"footnotes":""},"class_list":["post-4454","page","type-page","status-publish","hentry"],"acf":[],"yoast_head":"<!-- This site is optimized with the Yoast SEO plugin v26.3 - https:\/\/yoast.com\/wordpress\/plugins\/seo\/ -->\n<title>Przewodnik po stylach - infobornholm<\/title>\n<meta name=\"robots\" content=\"index, follow, max-snippet:-1, max-image-preview:large, max-video-preview:-1\" \/>\n<link rel=\"canonical\" href=\"https:\/\/infobornholm.dk\/pl\/przewodnik-po-stylach\/\" \/>\n<meta property=\"og:locale\" content=\"pl_PL\" \/>\n<meta property=\"og:type\" content=\"article\" \/>\n<meta property=\"og:title\" content=\"Przewodnik po stylach - infobornholm\" \/>\n<meta property=\"og:description\" content=\"Czcionka: Aleo, Rozmiar &#8211; 16px, Waga &#8211; 700 Czcionka: PT Sans, Rozmiar &#8211; 16px, Waga &#8211; 400\" \/>\n<meta property=\"og:url\" content=\"https:\/\/infobornholm.dk\/pl\/przewodnik-po-stylach\/\" \/>\n<meta property=\"og:site_name\" content=\"infobornholm\" \/>\n<meta property=\"article:modified_time\" content=\"2025-09-15T14:54:17+00:00\" \/>\n<meta name=\"twitter:card\" content=\"summary_large_image\" \/>\n<meta name=\"twitter:label1\" content=\"Szacowany czas czytania\" \/>\n\t<meta name=\"twitter:data1\" content=\"1 minuta\" \/>\n<script type=\"application\/ld+json\" class=\"yoast-schema-graph\">{\"@context\":\"https:\/\/schema.org\",\"@graph\":[{\"@type\":\"WebPage\",\"@id\":\"https:\/\/infobornholm.dk\/pl\/przewodnik-po-stylach\/\",\"url\":\"https:\/\/infobornholm.dk\/pl\/przewodnik-po-stylach\/\",\"name\":\"Przewodnik po stylach - infobornholm\",\"isPartOf\":{\"@id\":\"https:\/\/infobornholm.dk\/pl\/#website\"},\"datePublished\":\"2022-01-14T10:51:46+00:00\",\"dateModified\":\"2025-09-15T14:54:17+00:00\",\"breadcrumb\":{\"@id\":\"https:\/\/infobornholm.dk\/pl\/przewodnik-po-stylach\/#breadcrumb\"},\"inLanguage\":\"pl-PL\",\"potentialAction\":[{\"@type\":\"ReadAction\",\"target\":[\"https:\/\/infobornholm.dk\/pl\/przewodnik-po-stylach\/\"]}]},{\"@type\":\"BreadcrumbList\",\"@id\":\"https:\/\/infobornholm.dk\/pl\/przewodnik-po-stylach\/#breadcrumb\",\"itemListElement\":[{\"@type\":\"ListItem\",\"position\":1,\"name\":\"Hjem\",\"item\":\"https:\/\/infobornholm.dk\/pl\/strona-glowna\/\"},{\"@type\":\"ListItem\",\"position\":2,\"name\":\"Przewodnik po stylach\"}]},{\"@type\":\"WebSite\",\"@id\":\"https:\/\/infobornholm.dk\/pl\/#website\",\"url\":\"https:\/\/infobornholm.dk\/pl\/\",\"name\":\"infobornholm\",\"description\":\"Solskins\u00f8en i \u00d8sters\u00f8en\",\"publisher\":{\"@id\":\"https:\/\/infobornholm.dk\/pl\/#organization\"},\"potentialAction\":[{\"@type\":\"SearchAction\",\"target\":{\"@type\":\"EntryPoint\",\"urlTemplate\":\"https:\/\/infobornholm.dk\/pl\/?s={search_term_string}\"},\"query-input\":{\"@type\":\"PropertyValueSpecification\",\"valueRequired\":true,\"valueName\":\"search_term_string\"}}],\"inLanguage\":\"pl-PL\"},{\"@type\":\"Organization\",\"@id\":\"https:\/\/infobornholm.dk\/pl\/#organization\",\"name\":\"infobornholm\",\"url\":\"https:\/\/infobornholm.dk\/pl\/\",\"logo\":{\"@type\":\"ImageObject\",\"inLanguage\":\"pl-PL\",\"@id\":\"https:\/\/infobornholm.dk\/pl\/#\/schema\/logo\/image\/\",\"url\":\"https:\/\/infobornholm.dk\/wp-content\/uploads\/2022\/08\/outputsvggreen.png\",\"contentUrl\":\"https:\/\/infobornholm.dk\/wp-content\/uploads\/2022\/08\/outputsvggreen.png\",\"width\":94,\"height\":80,\"caption\":\"infobornholm\"},\"image\":{\"@id\":\"https:\/\/infobornholm.dk\/pl\/#\/schema\/logo\/image\/\"}}]}<\/script>\n<!-- \/ Yoast SEO plugin. -->","yoast_head_json":{"title":"Przewodnik po stylach - infobornholm","robots":{"index":"index","follow":"follow","max-snippet":"max-snippet:-1","max-image-preview":"max-image-preview:large","max-video-preview":"max-video-preview:-1"},"canonical":"https:\/\/infobornholm.dk\/pl\/przewodnik-po-stylach\/","og_locale":"pl_PL","og_type":"article","og_title":"Przewodnik po stylach - infobornholm","og_description":"Czcionka: Aleo, Rozmiar &#8211; 16px, Waga &#8211; 700 Czcionka: PT Sans, Rozmiar &#8211; 16px, Waga &#8211; 400","og_url":"https:\/\/infobornholm.dk\/pl\/przewodnik-po-stylach\/","og_site_name":"infobornholm","article_modified_time":"2025-09-15T14:54:17+00:00","twitter_card":"summary_large_image","twitter_misc":{"Szacowany czas czytania":"1 minuta"},"schema":{"@context":"https:\/\/schema.org","@graph":[{"@type":"WebPage","@id":"https:\/\/infobornholm.dk\/pl\/przewodnik-po-stylach\/","url":"https:\/\/infobornholm.dk\/pl\/przewodnik-po-stylach\/","name":"Przewodnik po stylach - infobornholm","isPartOf":{"@id":"https:\/\/infobornholm.dk\/pl\/#website"},"datePublished":"2022-01-14T10:51:46+00:00","dateModified":"2025-09-15T14:54:17+00:00","breadcrumb":{"@id":"https:\/\/infobornholm.dk\/pl\/przewodnik-po-stylach\/#breadcrumb"},"inLanguage":"pl-PL","potentialAction":[{"@type":"ReadAction","target":["https:\/\/infobornholm.dk\/pl\/przewodnik-po-stylach\/"]}]},{"@type":"BreadcrumbList","@id":"https:\/\/infobornholm.dk\/pl\/przewodnik-po-stylach\/#breadcrumb","itemListElement":[{"@type":"ListItem","position":1,"name":"Hjem","item":"https:\/\/infobornholm.dk\/pl\/strona-glowna\/"},{"@type":"ListItem","position":2,"name":"Przewodnik po stylach"}]},{"@type":"WebSite","@id":"https:\/\/infobornholm.dk\/pl\/#website","url":"https:\/\/infobornholm.dk\/pl\/","name":"infobornholm","description":"Solskins\u00f8en i \u00d8sters\u00f8en","publisher":{"@id":"https:\/\/infobornholm.dk\/pl\/#organization"},"potentialAction":[{"@type":"SearchAction","target":{"@type":"EntryPoint","urlTemplate":"https:\/\/infobornholm.dk\/pl\/?s={search_term_string}"},"query-input":{"@type":"PropertyValueSpecification","valueRequired":true,"valueName":"search_term_string"}}],"inLanguage":"pl-PL"},{"@type":"Organization","@id":"https:\/\/infobornholm.dk\/pl\/#organization","name":"infobornholm","url":"https:\/\/infobornholm.dk\/pl\/","logo":{"@type":"ImageObject","inLanguage":"pl-PL","@id":"https:\/\/infobornholm.dk\/pl\/#\/schema\/logo\/image\/","url":"https:\/\/infobornholm.dk\/wp-content\/uploads\/2022\/08\/outputsvggreen.png","contentUrl":"https:\/\/infobornholm.dk\/wp-content\/uploads\/2022\/08\/outputsvggreen.png","width":94,"height":80,"caption":"infobornholm"},"image":{"@id":"https:\/\/infobornholm.dk\/pl\/#\/schema\/logo\/image\/"}}]}},"_links":{"self":[{"href":"https:\/\/infobornholm.dk\/pl\/wp-json\/wp\/v2\/pages\/4454","targetHints":{"allow":["GET"]}}],"collection":[{"href":"https:\/\/infobornholm.dk\/pl\/wp-json\/wp\/v2\/pages"}],"about":[{"href":"https:\/\/infobornholm.dk\/pl\/wp-json\/wp\/v2\/types\/page"}],"author":[{"embeddable":true,"href":"https:\/\/infobornholm.dk\/pl\/wp-json\/wp\/v2\/users\/1"}],"replies":[{"embeddable":true,"href":"https:\/\/infobornholm.dk\/pl\/wp-json\/wp\/v2\/comments?post=4454"}],"version-history":[{"count":1,"href":"https:\/\/infobornholm.dk\/pl\/wp-json\/wp\/v2\/pages\/4454\/revisions"}],"predecessor-version":[{"id":4456,"href":"https:\/\/infobornholm.dk\/pl\/wp-json\/wp\/v2\/pages\/4454\/revisions\/4456"}],"wp:attachment":[{"href":"https:\/\/infobornholm.dk\/pl\/wp-json\/wp\/v2\/media?parent=4454"}],"curies":[{"name":"wp","href":"https:\/\/api.w.org\/{rel}","templated":true}]}}