{"id":4449,"date":"2021-05-30T14:08:16","date_gmt":"2021-05-30T12:08:16","guid":{"rendered":"https:\/\/infobornholm.dk\/polityka-prywatnosci\/"},"modified":"2025-09-15T16:54:14","modified_gmt":"2025-09-15T14:54:14","slug":"polityka-prywatnosci","status":"publish","type":"page","link":"https:\/\/infobornholm.dk\/pl\/polityka-prywatnosci\/","title":{"rendered":"Polityka prywatno\u015bci"},"content":{"rendered":"\n<h2 class=\"wp-block-heading\">Kim jeste\u015bmy<\/h2>\n\n<p>Adres naszej strony internetowej to: [Wpisz tutaj adres URL swojej strony].<\/p>\n\n<h2 class=\"wp-block-heading\">Jakie dane osobowe gromadzimy i dlaczego je gromadzimy<\/h2>\n\n<h3 class=\"wp-block-heading\">Komentarze<\/h3>\n\n<p>Gdy odwiedzaj\u0105cy zostawiaj\u0105 komentarze na stronie, zbieramy dane wy\u015bwietlane w formularzu komentarzy, a tak\u017ce adres IP odwiedzaj\u0105cego i ci\u0105g agenta u\u017cytkownika przegl\u0105darki, aby pom\u00f3c w wykrywaniu spamu.<\/p>\n\n<p>Zanonimizowany ci\u0105g znak\u00f3w utworzony z adresu e-mail u\u017cytkownika (zwany r\u00f3wnie\u017c skr\u00f3tem) mo\u017ce zosta\u0107 przekazany us\u0142udze Gravatar w celu sprawdzenia, czy u\u017cytkownik z niej korzysta. Polityka prywatno\u015bci us\u0142ugi Gravatar jest dost\u0119pna tutaj: https:\/\/automattic.com\/privacy\/. Po zatwierdzeniu komentarza zdj\u0119cie profilowe u\u017cytkownika jest widoczne publicznie w kontek\u015bcie jego komentarza. <\/p>\n\n<h3 class=\"wp-block-heading\">Media<\/h3>\n\n<p>W przypadku przesy\u0142ania obraz\u00f3w do witryny nale\u017cy unika\u0107 przesy\u0142ania obraz\u00f3w z osadzonymi danymi lokalizacji (EXIF GPS). Odwiedzaj\u0105cy witryn\u0119 mog\u0105 pobiera\u0107 i wyodr\u0119bnia\u0107 wszelkie dane dotycz\u0105ce lokalizacji z obraz\u00f3w w witrynie. <\/p>\n\n<h3 class=\"wp-block-heading\">Formularze kontaktowe<\/h3>\n\n<h3 class=\"wp-block-heading\">Pliki cookie<\/h3>\n\n<p>Je\u015bli zostawisz komentarz na naszej stronie, mo\u017cesz wyrazi\u0107 zgod\u0119 na zapisanie swojego imienia i nazwiska, adresu e-mail i strony internetowej w plikach cookie. S\u0105 one przeznaczone dla wygody u\u017cytkownika, dzi\u0119ki czemu nie musi on ponownie wpisywa\u0107 swoich danych, gdy zostawia kolejny komentarz. Te pliki cookie b\u0119d\u0105 przechowywane przez rok.  <\/p>\n\n<p>Je\u015bli odwiedzisz nasz\u0105 stron\u0119 logowania, ustawimy tymczasowy plik cookie, aby okre\u015bli\u0107, czy Twoja przegl\u0105darka akceptuje pliki cookie. Ten plik cookie nie zawiera danych osobowych i jest usuwany po zamkni\u0119ciu przegl\u0105darki. <\/p>\n\n<p>Podczas logowania skonfigurujemy r\u00f3wnie\u017c kilka plik\u00f3w cookie, aby zapisa\u0107 dane logowania i opcje wy\u015bwietlania ekranu. Pliki cookie logowania s\u0105 przechowywane przez dwa dni, a pliki cookie opcji ekranu przez rok. W przypadku wybrania opcji &#8222;Zapami\u0119taj mnie&#8221; dane logowania b\u0119d\u0105 przechowywane przez dwa tygodnie. Po wylogowaniu si\u0119 z konta pliki cookie logowania zostan\u0105 usuni\u0119te.   <\/p>\n\n<p>Je\u015bli edytujesz lub publikujesz artyku\u0142, w Twojej przegl\u0105darce zostanie zapisany dodatkowy plik cookie. Ten plik cookie nie zawiera \u017cadnych danych osobowych i po prostu wskazuje identyfikator posta artyku\u0142u, kt\u00f3ry w\u0142a\u015bnie edytowa\u0142e\u015b. Wygasa on po 1 dniu.  <\/p>\n\n<h3 class=\"wp-block-heading\">Osadzona zawarto\u015b\u0107 z innych stron internetowych<\/h3>\n\n<p>Artyku\u0142y na tej stronie mog\u0105 zawiera\u0107 osadzone tre\u015bci (np. filmy, obrazy, artyku\u0142y itp.). Osadzone tre\u015bci z innych witryn zachowuj\u0105 si\u0119 dok\u0142adnie tak samo, jak gdyby u\u017cytkownik odwiedzi\u0142 inn\u0105 witryn\u0119. <\/p>\n\n<p>Witryny te mog\u0105 gromadzi\u0107 dane o u\u017cytkowniku, u\u017cywa\u0107 plik\u00f3w cookie, osadza\u0107 dodatkowe \u015bledzenie stron trzecich i monitorowa\u0107 interakcj\u0119 u\u017cytkownika z osadzon\u0105 zawarto\u015bci\u0105, w tym \u015bledzi\u0107 interakcj\u0119 u\u017cytkownika z osadzon\u0105 zawarto\u015bci\u0105, je\u015bli u\u017cytkownik ma konto i jest zalogowany w tej witrynie.<\/p>\n\n<h3 class=\"wp-block-heading\">Analityka<\/h3>\n\n<h2 class=\"wp-block-heading\">Komu udost\u0119pniamy dane u\u017cytkownika<\/h2>\n\n<h2 class=\"wp-block-heading\">Jak d\u0142ugo przechowujemy dane u\u017cytkownika<\/h2>\n\n<p>Je\u015bli zostawisz komentarz, komentarz i jego metadane zostan\u0105 zachowane na czas nieokre\u015blony. Dzi\u0119ki temu mo\u017cemy automatycznie rozpoznawa\u0107 i zatwierdza\u0107 wszelkie kolejne komentarze, zamiast trzyma\u0107 je w kolejce moderacji. <\/p>\n\n<p>W przypadku u\u017cytkownik\u00f3w, kt\u00f3rzy zarejestruj\u0105 si\u0119 na naszej stronie internetowej (je\u015bli istniej\u0105), przechowujemy r\u00f3wnie\u017c dane osobowe, kt\u00f3re podaj\u0105 w swoim profilu u\u017cytkownika. Wszyscy u\u017cytkownicy mog\u0105 przegl\u0105da\u0107, edytowa\u0107 lub usuwa\u0107 swoje dane osobowe w dowolnym momencie (z wyj\u0105tkiem tego, \u017ce nie mog\u0105 zmieni\u0107 swojej nazwy u\u017cytkownika). Administratorzy strony r\u00f3wnie\u017c mog\u0105 przegl\u0105da\u0107 i edytowa\u0107 te informacje.  <\/p>\n\n<h2 class=\"wp-block-heading\">Jakie prawa przys\u0142uguj\u0105 u\u017cytkownikowi w odniesieniu do jego danych<\/h2>\n\n<p>Je\u015bli masz konto na tej stronie lub zostawi\u0142e\u015b komentarze, mo\u017cesz poprosi\u0107 o otrzymanie wyeksportowanego pliku danych osobowych, kt\u00f3re przechowujemy na Tw\u00f3j temat, w tym wszelkich danych, kt\u00f3re nam przekaza\u0142e\u015b. U\u017cytkownik mo\u017ce r\u00f3wnie\u017c za\u017c\u0105da\u0107 usuni\u0119cia wszelkich danych osobowych, kt\u00f3re przechowujemy na jego temat. Nie obejmuje to \u017cadnych danych, kt\u00f3re jeste\u015bmy zobowi\u0105zani przechowywa\u0107 do cel\u00f3w administracyjnych, prawnych lub bezpiecze\u0144stwa.  <\/p>\n\n<h2 class=\"wp-block-heading\">Gdzie wysy\u0142amy dane u\u017cytkownika<\/h2>\n\n<p>Komentarze odwiedzaj\u0105cych mog\u0105 by\u0107 sprawdzane przez automatyczn\u0105 us\u0142ug\u0119 wykrywania spamu.<\/p>\n\n<h2 class=\"wp-block-heading\">Twoje dane kontaktowe<\/h2>\n\n<h2 class=\"wp-block-heading\">Dodatkowe informacje<\/h2>\n\n<h3 class=\"wp-block-heading\">Jak chronimy dane u\u017cytkownik\u00f3w<\/h3>\n\n<h3 class=\"wp-block-heading\">Jakie procedury post\u0119powania w przypadku naruszenia ochrony danych wdro\u017cyli\u015bmy<\/h3>\n\n<h3 class=\"wp-block-heading\">Od jakich stron trzecich otrzymujemy dane<\/h3>\n\n<h3 class=\"wp-block-heading\">Jakie zautomatyzowane podejmowanie decyzji i\/lub profilowanie wykonujemy w odniesieniu do danych u\u017cytkownik\u00f3w?<\/h3>\n\n<h3 class=\"wp-block-heading\">Wymogi regulacyjne dotycz\u0105ce ujawniania informacji w bran\u017cy<\/h3>\n","protected":false},"excerpt":{"rendered":"<p>Kim jeste\u015bmy Adres naszej strony internetowej to: [Wpisz tutaj adres URL swojej strony]. Jakie dane osobowe gromadzimy i dlaczego je gromadzimy Komentarze Gdy odwiedzaj\u0105cy zostawiaj\u0105 komentarze na stronie, zbieramy dane wy\u015bwietlane w formularzu komentarzy, a tak\u017ce adres IP odwiedzaj\u0105cego i ci\u0105g agenta u\u017cytkownika przegl\u0105darki, aby pom\u00f3c w wykrywaniu spamu. Zanonimizowany ci\u0105g znak\u00f3w utworzony z adresu [&hellip;]<\/p>\n","protected":false},"author":1,"featured_media":0,"parent":0,"menu_order":0,"comment_status":"closed","ping_status":"open","template":"","meta":{"_acf_changed":false,"footnotes":""},"class_list":["post-4449","page","type-page","status-publish","hentry"],"acf":[],"yoast_head":"<!-- This site is optimized with the Yoast SEO plugin v26.3 - https:\/\/yoast.com\/wordpress\/plugins\/seo\/ -->\n<title>Polityka prywatno\u015bci - infobornholm<\/title>\n<meta name=\"robots\" content=\"index, follow, max-snippet:-1, max-image-preview:large, max-video-preview:-1\" \/>\n<link rel=\"canonical\" href=\"https:\/\/infobornholm.dk\/pl\/polityka-prywatnosci\/\" \/>\n<meta property=\"og:locale\" content=\"pl_PL\" \/>\n<meta property=\"og:type\" content=\"article\" \/>\n<meta property=\"og:title\" content=\"Polityka prywatno\u015bci - infobornholm\" \/>\n<meta property=\"og:description\" content=\"Kim jeste\u015bmy Adres naszej strony internetowej to: [Wpisz tutaj adres URL swojej strony]. Jakie dane osobowe gromadzimy i dlaczego je gromadzimy Komentarze Gdy odwiedzaj\u0105cy zostawiaj\u0105 komentarze na stronie, zbieramy dane wy\u015bwietlane w formularzu komentarzy, a tak\u017ce adres IP odwiedzaj\u0105cego i ci\u0105g agenta u\u017cytkownika przegl\u0105darki, aby pom\u00f3c w wykrywaniu spamu. Zanonimizowany ci\u0105g znak\u00f3w utworzony z adresu [&hellip;]\" \/>\n<meta property=\"og:url\" content=\"https:\/\/infobornholm.dk\/pl\/polityka-prywatnosci\/\" \/>\n<meta property=\"og:site_name\" content=\"infobornholm\" \/>\n<meta property=\"article:modified_time\" content=\"2025-09-15T14:54:14+00:00\" \/>\n<meta name=\"twitter:card\" content=\"summary_large_image\" \/>\n<meta name=\"twitter:label1\" content=\"Szacowany czas czytania\" \/>\n\t<meta name=\"twitter:data1\" content=\"4 minuty\" \/>\n<script type=\"application\/ld+json\" class=\"yoast-schema-graph\">{\"@context\":\"https:\/\/schema.org\",\"@graph\":[{\"@type\":\"WebPage\",\"@id\":\"https:\/\/infobornholm.dk\/pl\/polityka-prywatnosci\/\",\"url\":\"https:\/\/infobornholm.dk\/pl\/polityka-prywatnosci\/\",\"name\":\"Polityka prywatno\u015bci - infobornholm\",\"isPartOf\":{\"@id\":\"https:\/\/infobornholm.dk\/pl\/#website\"},\"datePublished\":\"2021-05-30T12:08:16+00:00\",\"dateModified\":\"2025-09-15T14:54:14+00:00\",\"breadcrumb\":{\"@id\":\"https:\/\/infobornholm.dk\/pl\/polityka-prywatnosci\/#breadcrumb\"},\"inLanguage\":\"pl-PL\",\"potentialAction\":[{\"@type\":\"ReadAction\",\"target\":[\"https:\/\/infobornholm.dk\/pl\/polityka-prywatnosci\/\"]}]},{\"@type\":\"BreadcrumbList\",\"@id\":\"https:\/\/infobornholm.dk\/pl\/polityka-prywatnosci\/#breadcrumb\",\"itemListElement\":[{\"@type\":\"ListItem\",\"position\":1,\"name\":\"Hjem\",\"item\":\"https:\/\/infobornholm.dk\/pl\/strona-glowna\/\"},{\"@type\":\"ListItem\",\"position\":2,\"name\":\"Polityka prywatno\u015bci\"}]},{\"@type\":\"WebSite\",\"@id\":\"https:\/\/infobornholm.dk\/pl\/#website\",\"url\":\"https:\/\/infobornholm.dk\/pl\/\",\"name\":\"infobornholm\",\"description\":\"Solskins\u00f8en i \u00d8sters\u00f8en\",\"publisher\":{\"@id\":\"https:\/\/infobornholm.dk\/pl\/#organization\"},\"potentialAction\":[{\"@type\":\"SearchAction\",\"target\":{\"@type\":\"EntryPoint\",\"urlTemplate\":\"https:\/\/infobornholm.dk\/pl\/?s={search_term_string}\"},\"query-input\":{\"@type\":\"PropertyValueSpecification\",\"valueRequired\":true,\"valueName\":\"search_term_string\"}}],\"inLanguage\":\"pl-PL\"},{\"@type\":\"Organization\",\"@id\":\"https:\/\/infobornholm.dk\/pl\/#organization\",\"name\":\"infobornholm\",\"url\":\"https:\/\/infobornholm.dk\/pl\/\",\"logo\":{\"@type\":\"ImageObject\",\"inLanguage\":\"pl-PL\",\"@id\":\"https:\/\/infobornholm.dk\/pl\/#\/schema\/logo\/image\/\",\"url\":\"https:\/\/infobornholm.dk\/wp-content\/uploads\/2022\/08\/outputsvggreen.png\",\"contentUrl\":\"https:\/\/infobornholm.dk\/wp-content\/uploads\/2022\/08\/outputsvggreen.png\",\"width\":94,\"height\":80,\"caption\":\"infobornholm\"},\"image\":{\"@id\":\"https:\/\/infobornholm.dk\/pl\/#\/schema\/logo\/image\/\"}}]}<\/script>\n<!-- \/ Yoast SEO plugin. -->","yoast_head_json":{"title":"Polityka prywatno\u015bci - infobornholm","robots":{"index":"index","follow":"follow","max-snippet":"max-snippet:-1","max-image-preview":"max-image-preview:large","max-video-preview":"max-video-preview:-1"},"canonical":"https:\/\/infobornholm.dk\/pl\/polityka-prywatnosci\/","og_locale":"pl_PL","og_type":"article","og_title":"Polityka prywatno\u015bci - infobornholm","og_description":"Kim jeste\u015bmy Adres naszej strony internetowej to: [Wpisz tutaj adres URL swojej strony]. Jakie dane osobowe gromadzimy i dlaczego je gromadzimy Komentarze Gdy odwiedzaj\u0105cy zostawiaj\u0105 komentarze na stronie, zbieramy dane wy\u015bwietlane w formularzu komentarzy, a tak\u017ce adres IP odwiedzaj\u0105cego i ci\u0105g agenta u\u017cytkownika przegl\u0105darki, aby pom\u00f3c w wykrywaniu spamu. Zanonimizowany ci\u0105g znak\u00f3w utworzony z adresu [&hellip;]","og_url":"https:\/\/infobornholm.dk\/pl\/polityka-prywatnosci\/","og_site_name":"infobornholm","article_modified_time":"2025-09-15T14:54:14+00:00","twitter_card":"summary_large_image","twitter_misc":{"Szacowany czas czytania":"4 minuty"},"schema":{"@context":"https:\/\/schema.org","@graph":[{"@type":"WebPage","@id":"https:\/\/infobornholm.dk\/pl\/polityka-prywatnosci\/","url":"https:\/\/infobornholm.dk\/pl\/polityka-prywatnosci\/","name":"Polityka prywatno\u015bci - infobornholm","isPartOf":{"@id":"https:\/\/infobornholm.dk\/pl\/#website"},"datePublished":"2021-05-30T12:08:16+00:00","dateModified":"2025-09-15T14:54:14+00:00","breadcrumb":{"@id":"https:\/\/infobornholm.dk\/pl\/polityka-prywatnosci\/#breadcrumb"},"inLanguage":"pl-PL","potentialAction":[{"@type":"ReadAction","target":["https:\/\/infobornholm.dk\/pl\/polityka-prywatnosci\/"]}]},{"@type":"BreadcrumbList","@id":"https:\/\/infobornholm.dk\/pl\/polityka-prywatnosci\/#breadcrumb","itemListElement":[{"@type":"ListItem","position":1,"name":"Hjem","item":"https:\/\/infobornholm.dk\/pl\/strona-glowna\/"},{"@type":"ListItem","position":2,"name":"Polityka prywatno\u015bci"}]},{"@type":"WebSite","@id":"https:\/\/infobornholm.dk\/pl\/#website","url":"https:\/\/infobornholm.dk\/pl\/","name":"infobornholm","description":"Solskins\u00f8en i \u00d8sters\u00f8en","publisher":{"@id":"https:\/\/infobornholm.dk\/pl\/#organization"},"potentialAction":[{"@type":"SearchAction","target":{"@type":"EntryPoint","urlTemplate":"https:\/\/infobornholm.dk\/pl\/?s={search_term_string}"},"query-input":{"@type":"PropertyValueSpecification","valueRequired":true,"valueName":"search_term_string"}}],"inLanguage":"pl-PL"},{"@type":"Organization","@id":"https:\/\/infobornholm.dk\/pl\/#organization","name":"infobornholm","url":"https:\/\/infobornholm.dk\/pl\/","logo":{"@type":"ImageObject","inLanguage":"pl-PL","@id":"https:\/\/infobornholm.dk\/pl\/#\/schema\/logo\/image\/","url":"https:\/\/infobornholm.dk\/wp-content\/uploads\/2022\/08\/outputsvggreen.png","contentUrl":"https:\/\/infobornholm.dk\/wp-content\/uploads\/2022\/08\/outputsvggreen.png","width":94,"height":80,"caption":"infobornholm"},"image":{"@id":"https:\/\/infobornholm.dk\/pl\/#\/schema\/logo\/image\/"}}]}},"_links":{"self":[{"href":"https:\/\/infobornholm.dk\/pl\/wp-json\/wp\/v2\/pages\/4449","targetHints":{"allow":["GET"]}}],"collection":[{"href":"https:\/\/infobornholm.dk\/pl\/wp-json\/wp\/v2\/pages"}],"about":[{"href":"https:\/\/infobornholm.dk\/pl\/wp-json\/wp\/v2\/types\/page"}],"author":[{"embeddable":true,"href":"https:\/\/infobornholm.dk\/pl\/wp-json\/wp\/v2\/users\/1"}],"replies":[{"embeddable":true,"href":"https:\/\/infobornholm.dk\/pl\/wp-json\/wp\/v2\/comments?post=4449"}],"version-history":[{"count":1,"href":"https:\/\/infobornholm.dk\/pl\/wp-json\/wp\/v2\/pages\/4449\/revisions"}],"predecessor-version":[{"id":4451,"href":"https:\/\/infobornholm.dk\/pl\/wp-json\/wp\/v2\/pages\/4449\/revisions\/4451"}],"wp:attachment":[{"href":"https:\/\/infobornholm.dk\/pl\/wp-json\/wp\/v2\/media?parent=4449"}],"curies":[{"name":"wp","href":"https:\/\/api.w.org\/{rel}","templated":true}]}}