{"id":4447,"date":"2020-04-10T22:27:16","date_gmt":"2020-04-10T20:27:16","guid":{"rendered":"https:\/\/infobornholm.dk\/informacje-o-infobornholm\/"},"modified":"2025-09-15T16:54:14","modified_gmt":"2025-09-15T14:54:14","slug":"informacje-o-infobornholm","status":"publish","type":"page","link":"https:\/\/infobornholm.dk\/pl\/informacje-o-infobornholm\/","title":{"rendered":"Informacje o Infobornholm"},"content":{"rendered":"\n<p>Infobornholm to prywatna strona za\u0142o\u017cona w 2007 roku, nad kt\u00f3r\u0105 pracujemy w wolnym czasie. Pocz\u0105tkowo pomys\u0142 by\u0142 taki, aby strona nazywa\u0142a si\u0119 &#8222;Bornholmerbilleder&#8221; i zawiera\u0142a zdj\u0119cia z Bornholmu, bez wielu informacji na temat zawarto\u015bci zdj\u0119\u0107. G\u0142\u00f3wnie chodzi\u0142o o konkretne rzeczy, kt\u00f3rych cz\u0119sto tu nie wida\u0107, nawet gdy si\u0119 tu mieszka, a kt\u00f3re powinny by\u0107 pokazane w formie zdj\u0119\u0107.  <\/p>\n\n<p>Pomys\u0142 zosta\u0142 zmieniony w 2012 roku po wielu latach sp\u0119dzonych na robieniu zdj\u0119\u0107, tworzeniu system\u00f3w stron internetowych itp. Nowy pomys\u0142 polega\u0142 na dodaniu informacji do strony i narodzi\u0142a si\u0119 nazwa Infobornholm. Strona jest przeznaczona nie tylko dla turyst\u00f3w, ale koncentrujemy si\u0119 r\u00f3wnie\u017c na dostarczaniu mieszka\u0144com Bornholmu prawid\u0142owych informacji o ich w\u0142asnej wyspie. <\/p>\n\n<p>Domena zosta\u0142a zakupiona w 2013 roku i od razu pojawi\u0142y si\u0119 pierwsze teksty, wraz ze zdj\u0119ciami z &#8222;Bornholmerbilleder&#8221;.<\/p>\n\n<h2 class=\"wp-block-heading\">Kto za tym stoi<\/h2>\n\n<p>Jak wspomniano, strona jest w\u0142asno\u015bci\u0105 prywatn\u0105, ale mamy do\u015bwiadczenie biznesowe, aby by\u0107 w stanie przekaza\u0107 tego typu informacje i uporz\u0105dkowa\u0107 wiele historii trolli i powiedzie\u0107 tylko troch\u0119 o trollingu, wi\u0119c mamy stron\u0119 z jak najwi\u0119ksz\u0105 liczb\u0105 fakt\u00f3w.<\/p>\n\n<p>Do\u015bwiadczenie zawodowe pochodzi od jednego z dw\u00f3ch w\u0142a\u015bcicieli, kt\u00f3ry pracowa\u0142 jako kierowca autobusu turystycznego i przewodnik przez 13 lat, co przerwa\u0142a w 2014 roku. Druga w\u0142a\u015bcicielka jest programistk\u0105, dzi\u0119ki czemu z \u0142atwo\u015bci\u0105 mo\u017ce zajmowa\u0107 si\u0119 stronami internetowymi i jest fotografem prasowym (cz\u0142onkiem Du\u0144skiego Stowarzyszenia Prasowego). <\/p>\n\n<h2 class=\"wp-block-heading\">Historia Infobornholm<\/h2>\n\n<p>Od 2014 do 2017 roku niewiele si\u0119 dzia\u0142o z infobornholm, ale pracowali\u015bmy nad przygotowaniem projektu, robieniem zdj\u0119\u0107, pisaniem tekst\u00f3w itp. W 2018 roku sprawy potoczy\u0142y si\u0119 szybko i ci\u0119\u017cko pracujemy w wolnym czasie, aby napisa\u0107 nowe tre\u015bci i zast\u0105pi\u0107 stare zdj\u0119cia, kt\u00f3re zosta\u0142y zrobione przez w\u0142a\u015bciciela, kt\u00f3ry nie jest fotografem, poniewa\u017c strona mia\u0142a nazywa\u0107 si\u0119 BornholmerBilleder i by\u0142 to projekt indywidualny.<\/p>\n","protected":false},"excerpt":{"rendered":"<p>Infobornholm to prywatna strona za\u0142o\u017cona w 2007 roku, nad kt\u00f3r\u0105 pracujemy w wolnym czasie. Pocz\u0105tkowo pomys\u0142 by\u0142 taki, aby strona nazywa\u0142a si\u0119 &#8222;Bornholmerbilleder&#8221; i zawiera\u0142a zdj\u0119cia z Bornholmu, bez wielu informacji na temat zawarto\u015bci zdj\u0119\u0107. G\u0142\u00f3wnie chodzi\u0142o o konkretne rzeczy, kt\u00f3rych cz\u0119sto tu nie wida\u0107, nawet gdy si\u0119 tu mieszka, a kt\u00f3re powinny by\u0107 pokazane [&hellip;]<\/p>\n","protected":false},"author":1,"featured_media":0,"parent":0,"menu_order":0,"comment_status":"closed","ping_status":"closed","template":"","meta":{"_acf_changed":false,"footnotes":""},"class_list":["post-4447","page","type-page","status-publish","hentry"],"acf":[],"yoast_head":"<!-- This site is optimized with the Yoast SEO plugin v26.3 - https:\/\/yoast.com\/wordpress\/plugins\/seo\/ -->\n<title>Informacje o Infobornholm - infobornholm<\/title>\n<meta name=\"robots\" content=\"index, follow, max-snippet:-1, max-image-preview:large, max-video-preview:-1\" \/>\n<link rel=\"canonical\" href=\"https:\/\/infobornholm.dk\/pl\/informacje-o-infobornholm\/\" \/>\n<meta property=\"og:locale\" content=\"pl_PL\" \/>\n<meta property=\"og:type\" content=\"article\" \/>\n<meta property=\"og:title\" content=\"Informacje o Infobornholm - infobornholm\" \/>\n<meta property=\"og:description\" content=\"Infobornholm to prywatna strona za\u0142o\u017cona w 2007 roku, nad kt\u00f3r\u0105 pracujemy w wolnym czasie. Pocz\u0105tkowo pomys\u0142 by\u0142 taki, aby strona nazywa\u0142a si\u0119 &#8222;Bornholmerbilleder&#8221; i zawiera\u0142a zdj\u0119cia z Bornholmu, bez wielu informacji na temat zawarto\u015bci zdj\u0119\u0107. G\u0142\u00f3wnie chodzi\u0142o o konkretne rzeczy, kt\u00f3rych cz\u0119sto tu nie wida\u0107, nawet gdy si\u0119 tu mieszka, a kt\u00f3re powinny by\u0107 pokazane [&hellip;]\" \/>\n<meta property=\"og:url\" content=\"https:\/\/infobornholm.dk\/pl\/informacje-o-infobornholm\/\" \/>\n<meta property=\"og:site_name\" content=\"infobornholm\" \/>\n<meta property=\"article:modified_time\" content=\"2025-09-15T14:54:14+00:00\" \/>\n<meta name=\"twitter:card\" content=\"summary_large_image\" \/>\n<meta name=\"twitter:label1\" content=\"Szacowany czas czytania\" \/>\n\t<meta name=\"twitter:data1\" content=\"2 minuty\" \/>\n<script type=\"application\/ld+json\" class=\"yoast-schema-graph\">{\"@context\":\"https:\/\/schema.org\",\"@graph\":[{\"@type\":\"WebPage\",\"@id\":\"https:\/\/infobornholm.dk\/pl\/informacje-o-infobornholm\/\",\"url\":\"https:\/\/infobornholm.dk\/pl\/informacje-o-infobornholm\/\",\"name\":\"Informacje o Infobornholm - infobornholm\",\"isPartOf\":{\"@id\":\"https:\/\/infobornholm.dk\/pl\/#website\"},\"datePublished\":\"2020-04-10T20:27:16+00:00\",\"dateModified\":\"2025-09-15T14:54:14+00:00\",\"breadcrumb\":{\"@id\":\"https:\/\/infobornholm.dk\/pl\/informacje-o-infobornholm\/#breadcrumb\"},\"inLanguage\":\"pl-PL\",\"potentialAction\":[{\"@type\":\"ReadAction\",\"target\":[\"https:\/\/infobornholm.dk\/pl\/informacje-o-infobornholm\/\"]}]},{\"@type\":\"BreadcrumbList\",\"@id\":\"https:\/\/infobornholm.dk\/pl\/informacje-o-infobornholm\/#breadcrumb\",\"itemListElement\":[{\"@type\":\"ListItem\",\"position\":1,\"name\":\"Hjem\",\"item\":\"https:\/\/infobornholm.dk\/pl\/strona-glowna\/\"},{\"@type\":\"ListItem\",\"position\":2,\"name\":\"Informacje o Infobornholm\"}]},{\"@type\":\"WebSite\",\"@id\":\"https:\/\/infobornholm.dk\/pl\/#website\",\"url\":\"https:\/\/infobornholm.dk\/pl\/\",\"name\":\"infobornholm\",\"description\":\"Solskins\u00f8en i \u00d8sters\u00f8en\",\"publisher\":{\"@id\":\"https:\/\/infobornholm.dk\/pl\/#organization\"},\"potentialAction\":[{\"@type\":\"SearchAction\",\"target\":{\"@type\":\"EntryPoint\",\"urlTemplate\":\"https:\/\/infobornholm.dk\/pl\/?s={search_term_string}\"},\"query-input\":{\"@type\":\"PropertyValueSpecification\",\"valueRequired\":true,\"valueName\":\"search_term_string\"}}],\"inLanguage\":\"pl-PL\"},{\"@type\":\"Organization\",\"@id\":\"https:\/\/infobornholm.dk\/pl\/#organization\",\"name\":\"infobornholm\",\"url\":\"https:\/\/infobornholm.dk\/pl\/\",\"logo\":{\"@type\":\"ImageObject\",\"inLanguage\":\"pl-PL\",\"@id\":\"https:\/\/infobornholm.dk\/pl\/#\/schema\/logo\/image\/\",\"url\":\"https:\/\/infobornholm.dk\/wp-content\/uploads\/2022\/08\/outputsvggreen.png\",\"contentUrl\":\"https:\/\/infobornholm.dk\/wp-content\/uploads\/2022\/08\/outputsvggreen.png\",\"width\":94,\"height\":80,\"caption\":\"infobornholm\"},\"image\":{\"@id\":\"https:\/\/infobornholm.dk\/pl\/#\/schema\/logo\/image\/\"}}]}<\/script>\n<!-- \/ Yoast SEO plugin. -->","yoast_head_json":{"title":"Informacje o Infobornholm - infobornholm","robots":{"index":"index","follow":"follow","max-snippet":"max-snippet:-1","max-image-preview":"max-image-preview:large","max-video-preview":"max-video-preview:-1"},"canonical":"https:\/\/infobornholm.dk\/pl\/informacje-o-infobornholm\/","og_locale":"pl_PL","og_type":"article","og_title":"Informacje o Infobornholm - infobornholm","og_description":"Infobornholm to prywatna strona za\u0142o\u017cona w 2007 roku, nad kt\u00f3r\u0105 pracujemy w wolnym czasie. Pocz\u0105tkowo pomys\u0142 by\u0142 taki, aby strona nazywa\u0142a si\u0119 &#8222;Bornholmerbilleder&#8221; i zawiera\u0142a zdj\u0119cia z Bornholmu, bez wielu informacji na temat zawarto\u015bci zdj\u0119\u0107. G\u0142\u00f3wnie chodzi\u0142o o konkretne rzeczy, kt\u00f3rych cz\u0119sto tu nie wida\u0107, nawet gdy si\u0119 tu mieszka, a kt\u00f3re powinny by\u0107 pokazane [&hellip;]","og_url":"https:\/\/infobornholm.dk\/pl\/informacje-o-infobornholm\/","og_site_name":"infobornholm","article_modified_time":"2025-09-15T14:54:14+00:00","twitter_card":"summary_large_image","twitter_misc":{"Szacowany czas czytania":"2 minuty"},"schema":{"@context":"https:\/\/schema.org","@graph":[{"@type":"WebPage","@id":"https:\/\/infobornholm.dk\/pl\/informacje-o-infobornholm\/","url":"https:\/\/infobornholm.dk\/pl\/informacje-o-infobornholm\/","name":"Informacje o Infobornholm - infobornholm","isPartOf":{"@id":"https:\/\/infobornholm.dk\/pl\/#website"},"datePublished":"2020-04-10T20:27:16+00:00","dateModified":"2025-09-15T14:54:14+00:00","breadcrumb":{"@id":"https:\/\/infobornholm.dk\/pl\/informacje-o-infobornholm\/#breadcrumb"},"inLanguage":"pl-PL","potentialAction":[{"@type":"ReadAction","target":["https:\/\/infobornholm.dk\/pl\/informacje-o-infobornholm\/"]}]},{"@type":"BreadcrumbList","@id":"https:\/\/infobornholm.dk\/pl\/informacje-o-infobornholm\/#breadcrumb","itemListElement":[{"@type":"ListItem","position":1,"name":"Hjem","item":"https:\/\/infobornholm.dk\/pl\/strona-glowna\/"},{"@type":"ListItem","position":2,"name":"Informacje o Infobornholm"}]},{"@type":"WebSite","@id":"https:\/\/infobornholm.dk\/pl\/#website","url":"https:\/\/infobornholm.dk\/pl\/","name":"infobornholm","description":"Solskins\u00f8en i \u00d8sters\u00f8en","publisher":{"@id":"https:\/\/infobornholm.dk\/pl\/#organization"},"potentialAction":[{"@type":"SearchAction","target":{"@type":"EntryPoint","urlTemplate":"https:\/\/infobornholm.dk\/pl\/?s={search_term_string}"},"query-input":{"@type":"PropertyValueSpecification","valueRequired":true,"valueName":"search_term_string"}}],"inLanguage":"pl-PL"},{"@type":"Organization","@id":"https:\/\/infobornholm.dk\/pl\/#organization","name":"infobornholm","url":"https:\/\/infobornholm.dk\/pl\/","logo":{"@type":"ImageObject","inLanguage":"pl-PL","@id":"https:\/\/infobornholm.dk\/pl\/#\/schema\/logo\/image\/","url":"https:\/\/infobornholm.dk\/wp-content\/uploads\/2022\/08\/outputsvggreen.png","contentUrl":"https:\/\/infobornholm.dk\/wp-content\/uploads\/2022\/08\/outputsvggreen.png","width":94,"height":80,"caption":"infobornholm"},"image":{"@id":"https:\/\/infobornholm.dk\/pl\/#\/schema\/logo\/image\/"}}]}},"_links":{"self":[{"href":"https:\/\/infobornholm.dk\/pl\/wp-json\/wp\/v2\/pages\/4447","targetHints":{"allow":["GET"]}}],"collection":[{"href":"https:\/\/infobornholm.dk\/pl\/wp-json\/wp\/v2\/pages"}],"about":[{"href":"https:\/\/infobornholm.dk\/pl\/wp-json\/wp\/v2\/types\/page"}],"author":[{"embeddable":true,"href":"https:\/\/infobornholm.dk\/pl\/wp-json\/wp\/v2\/users\/1"}],"replies":[{"embeddable":true,"href":"https:\/\/infobornholm.dk\/pl\/wp-json\/wp\/v2\/comments?post=4447"}],"version-history":[{"count":1,"href":"https:\/\/infobornholm.dk\/pl\/wp-json\/wp\/v2\/pages\/4447\/revisions"}],"predecessor-version":[{"id":4448,"href":"https:\/\/infobornholm.dk\/pl\/wp-json\/wp\/v2\/pages\/4447\/revisions\/4448"}],"wp:attachment":[{"href":"https:\/\/infobornholm.dk\/pl\/wp-json\/wp\/v2\/media?parent=4447"}],"curies":[{"name":"wp","href":"https:\/\/api.w.org\/{rel}","templated":true}]}}