{"id":4437,"date":"2020-04-10T22:42:18","date_gmt":"2020-04-10T20:42:18","guid":{"rendered":"https:\/\/infobornholm.dk\/prawa-autorskie\/"},"modified":"2025-09-15T16:54:14","modified_gmt":"2025-09-15T14:54:14","slug":"prawa-autorskie","status":"publish","type":"page","link":"https:\/\/infobornholm.dk\/pl\/prawa-autorskie\/","title":{"rendered":"Prawa autorskie"},"content":{"rendered":"\n<h2 class=\"wp-block-heading\">Prawa autorskie<\/h2>\n\n<p>Wszystkie materia\u0142y na infoBornholm.dk s\u0105 chronione prawem autorskim i s\u0105 w\u0142asno\u015bci\u0105 infoBornholm.dk i jego w\u0142a\u015bcicieli, chyba \u017ce wyra\u017anie zaznaczono inaczej.<\/p>\n\n<h2 class=\"wp-block-heading\">Kopiowanie tekst\u00f3w, obraz\u00f3w i film\u00f3w<\/h2>\n\n<p>Niedozwolone jest &#8222;po\u017cyczanie&#8221; \/ &#8222;kradzie\u017c&#8221; ca\u0142o\u015bci lub cz\u0119\u015bci naszych tekst\u00f3w lub obraz\u00f3w bez uprzedniej zgody. Cytowanie tekstu jest legalne (sekcja 22 ustawy o prawie autorskim), ale wymagane jest przestrzeganie dobrych praktyk cytowania. <\/p>\n\n<p>Naruszenie praw autorskich \/ niew\u0142a\u015bciwe wykorzystanie naszych tekst\u00f3w, zdj\u0119\u0107 i film\u00f3w b\u0119dzie skutkowa\u0107 roszczeniami o odszkodowanie i, w razie potrzeby, odwo\u0142aniem si\u0119 do s\u0105du.<\/p>\n\n<p>Je\u015bli chcesz wykorzysta\u0107 nasze obrazy w jakimkolwiek celu, skontaktuj si\u0119 z nami (zanim zaczniesz kopiowa\u0107). Mamy obrazy, do kt\u00f3rych mo\u017cesz kupi\u0107 prawo. Nie s\u0105 to obrazy, kt\u00f3re mamy na stronie, ale b\u0119d\u0105 podobne do tych, kt\u00f3rych u\u017cywamy.  <\/p>\n\n<p>W przypadku naruszenia praw autorskich korzystamy z us\u0142ug firmy <a href=\"https:\/\/not-allowed.dk\/\" target=\"_blank\" rel=\"noopener noreferrer\">Not-allowed<\/a> do obs\u0142ugi ca\u0142ej komunikacji.<\/p>\n","protected":false},"excerpt":{"rendered":"<p>Prawa autorskie Wszystkie materia\u0142y na infoBornholm.dk s\u0105 chronione prawem autorskim i s\u0105 w\u0142asno\u015bci\u0105 infoBornholm.dk i jego w\u0142a\u015bcicieli, chyba \u017ce wyra\u017anie zaznaczono inaczej. Kopiowanie tekst\u00f3w, obraz\u00f3w i film\u00f3w Niedozwolone jest &#8222;po\u017cyczanie&#8221; \/ &#8222;kradzie\u017c&#8221; ca\u0142o\u015bci lub cz\u0119\u015bci naszych tekst\u00f3w lub obraz\u00f3w bez uprzedniej zgody. Cytowanie tekstu jest legalne (sekcja 22 ustawy o prawie autorskim), ale wymagane jest [&hellip;]<\/p>\n","protected":false},"author":1,"featured_media":0,"parent":0,"menu_order":0,"comment_status":"closed","ping_status":"closed","template":"","meta":{"_acf_changed":false,"footnotes":""},"class_list":["post-4437","page","type-page","status-publish","hentry"],"acf":[],"yoast_head":"<!-- This site is optimized with the Yoast SEO plugin v26.3 - https:\/\/yoast.com\/wordpress\/plugins\/seo\/ -->\n<title>Prawa autorskie - infobornholm<\/title>\n<meta name=\"robots\" content=\"index, follow, max-snippet:-1, max-image-preview:large, max-video-preview:-1\" \/>\n<link rel=\"canonical\" href=\"https:\/\/infobornholm.dk\/pl\/prawa-autorskie\/\" \/>\n<meta property=\"og:locale\" content=\"pl_PL\" \/>\n<meta property=\"og:type\" content=\"article\" \/>\n<meta property=\"og:title\" content=\"Prawa autorskie - infobornholm\" \/>\n<meta property=\"og:description\" content=\"Prawa autorskie Wszystkie materia\u0142y na infoBornholm.dk s\u0105 chronione prawem autorskim i s\u0105 w\u0142asno\u015bci\u0105 infoBornholm.dk i jego w\u0142a\u015bcicieli, chyba \u017ce wyra\u017anie zaznaczono inaczej. Kopiowanie tekst\u00f3w, obraz\u00f3w i film\u00f3w Niedozwolone jest &#8222;po\u017cyczanie&#8221; \/ &#8222;kradzie\u017c&#8221; ca\u0142o\u015bci lub cz\u0119\u015bci naszych tekst\u00f3w lub obraz\u00f3w bez uprzedniej zgody. Cytowanie tekstu jest legalne (sekcja 22 ustawy o prawie autorskim), ale wymagane jest [&hellip;]\" \/>\n<meta property=\"og:url\" content=\"https:\/\/infobornholm.dk\/pl\/prawa-autorskie\/\" \/>\n<meta property=\"og:site_name\" content=\"infobornholm\" \/>\n<meta property=\"article:modified_time\" content=\"2025-09-15T14:54:14+00:00\" \/>\n<meta name=\"twitter:card\" content=\"summary_large_image\" \/>\n<meta name=\"twitter:label1\" content=\"Szacowany czas czytania\" \/>\n\t<meta name=\"twitter:data1\" content=\"1 minuta\" \/>\n<script type=\"application\/ld+json\" class=\"yoast-schema-graph\">{\"@context\":\"https:\/\/schema.org\",\"@graph\":[{\"@type\":\"WebPage\",\"@id\":\"https:\/\/infobornholm.dk\/pl\/prawa-autorskie\/\",\"url\":\"https:\/\/infobornholm.dk\/pl\/prawa-autorskie\/\",\"name\":\"Prawa autorskie - infobornholm\",\"isPartOf\":{\"@id\":\"https:\/\/infobornholm.dk\/pl\/#website\"},\"datePublished\":\"2020-04-10T20:42:18+00:00\",\"dateModified\":\"2025-09-15T14:54:14+00:00\",\"breadcrumb\":{\"@id\":\"https:\/\/infobornholm.dk\/pl\/prawa-autorskie\/#breadcrumb\"},\"inLanguage\":\"pl-PL\",\"potentialAction\":[{\"@type\":\"ReadAction\",\"target\":[\"https:\/\/infobornholm.dk\/pl\/prawa-autorskie\/\"]}]},{\"@type\":\"BreadcrumbList\",\"@id\":\"https:\/\/infobornholm.dk\/pl\/prawa-autorskie\/#breadcrumb\",\"itemListElement\":[{\"@type\":\"ListItem\",\"position\":1,\"name\":\"Hjem\",\"item\":\"https:\/\/infobornholm.dk\/pl\/strona-glowna\/\"},{\"@type\":\"ListItem\",\"position\":2,\"name\":\"Prawa autorskie\"}]},{\"@type\":\"WebSite\",\"@id\":\"https:\/\/infobornholm.dk\/pl\/#website\",\"url\":\"https:\/\/infobornholm.dk\/pl\/\",\"name\":\"infobornholm\",\"description\":\"Solskins\u00f8en i \u00d8sters\u00f8en\",\"publisher\":{\"@id\":\"https:\/\/infobornholm.dk\/pl\/#organization\"},\"potentialAction\":[{\"@type\":\"SearchAction\",\"target\":{\"@type\":\"EntryPoint\",\"urlTemplate\":\"https:\/\/infobornholm.dk\/pl\/?s={search_term_string}\"},\"query-input\":{\"@type\":\"PropertyValueSpecification\",\"valueRequired\":true,\"valueName\":\"search_term_string\"}}],\"inLanguage\":\"pl-PL\"},{\"@type\":\"Organization\",\"@id\":\"https:\/\/infobornholm.dk\/pl\/#organization\",\"name\":\"infobornholm\",\"url\":\"https:\/\/infobornholm.dk\/pl\/\",\"logo\":{\"@type\":\"ImageObject\",\"inLanguage\":\"pl-PL\",\"@id\":\"https:\/\/infobornholm.dk\/pl\/#\/schema\/logo\/image\/\",\"url\":\"https:\/\/infobornholm.dk\/wp-content\/uploads\/2022\/08\/outputsvggreen.png\",\"contentUrl\":\"https:\/\/infobornholm.dk\/wp-content\/uploads\/2022\/08\/outputsvggreen.png\",\"width\":94,\"height\":80,\"caption\":\"infobornholm\"},\"image\":{\"@id\":\"https:\/\/infobornholm.dk\/pl\/#\/schema\/logo\/image\/\"}}]}<\/script>\n<!-- \/ Yoast SEO plugin. -->","yoast_head_json":{"title":"Prawa autorskie - infobornholm","robots":{"index":"index","follow":"follow","max-snippet":"max-snippet:-1","max-image-preview":"max-image-preview:large","max-video-preview":"max-video-preview:-1"},"canonical":"https:\/\/infobornholm.dk\/pl\/prawa-autorskie\/","og_locale":"pl_PL","og_type":"article","og_title":"Prawa autorskie - infobornholm","og_description":"Prawa autorskie Wszystkie materia\u0142y na infoBornholm.dk s\u0105 chronione prawem autorskim i s\u0105 w\u0142asno\u015bci\u0105 infoBornholm.dk i jego w\u0142a\u015bcicieli, chyba \u017ce wyra\u017anie zaznaczono inaczej. Kopiowanie tekst\u00f3w, obraz\u00f3w i film\u00f3w Niedozwolone jest &#8222;po\u017cyczanie&#8221; \/ &#8222;kradzie\u017c&#8221; ca\u0142o\u015bci lub cz\u0119\u015bci naszych tekst\u00f3w lub obraz\u00f3w bez uprzedniej zgody. Cytowanie tekstu jest legalne (sekcja 22 ustawy o prawie autorskim), ale wymagane jest [&hellip;]","og_url":"https:\/\/infobornholm.dk\/pl\/prawa-autorskie\/","og_site_name":"infobornholm","article_modified_time":"2025-09-15T14:54:14+00:00","twitter_card":"summary_large_image","twitter_misc":{"Szacowany czas czytania":"1 minuta"},"schema":{"@context":"https:\/\/schema.org","@graph":[{"@type":"WebPage","@id":"https:\/\/infobornholm.dk\/pl\/prawa-autorskie\/","url":"https:\/\/infobornholm.dk\/pl\/prawa-autorskie\/","name":"Prawa autorskie - infobornholm","isPartOf":{"@id":"https:\/\/infobornholm.dk\/pl\/#website"},"datePublished":"2020-04-10T20:42:18+00:00","dateModified":"2025-09-15T14:54:14+00:00","breadcrumb":{"@id":"https:\/\/infobornholm.dk\/pl\/prawa-autorskie\/#breadcrumb"},"inLanguage":"pl-PL","potentialAction":[{"@type":"ReadAction","target":["https:\/\/infobornholm.dk\/pl\/prawa-autorskie\/"]}]},{"@type":"BreadcrumbList","@id":"https:\/\/infobornholm.dk\/pl\/prawa-autorskie\/#breadcrumb","itemListElement":[{"@type":"ListItem","position":1,"name":"Hjem","item":"https:\/\/infobornholm.dk\/pl\/strona-glowna\/"},{"@type":"ListItem","position":2,"name":"Prawa autorskie"}]},{"@type":"WebSite","@id":"https:\/\/infobornholm.dk\/pl\/#website","url":"https:\/\/infobornholm.dk\/pl\/","name":"infobornholm","description":"Solskins\u00f8en i \u00d8sters\u00f8en","publisher":{"@id":"https:\/\/infobornholm.dk\/pl\/#organization"},"potentialAction":[{"@type":"SearchAction","target":{"@type":"EntryPoint","urlTemplate":"https:\/\/infobornholm.dk\/pl\/?s={search_term_string}"},"query-input":{"@type":"PropertyValueSpecification","valueRequired":true,"valueName":"search_term_string"}}],"inLanguage":"pl-PL"},{"@type":"Organization","@id":"https:\/\/infobornholm.dk\/pl\/#organization","name":"infobornholm","url":"https:\/\/infobornholm.dk\/pl\/","logo":{"@type":"ImageObject","inLanguage":"pl-PL","@id":"https:\/\/infobornholm.dk\/pl\/#\/schema\/logo\/image\/","url":"https:\/\/infobornholm.dk\/wp-content\/uploads\/2022\/08\/outputsvggreen.png","contentUrl":"https:\/\/infobornholm.dk\/wp-content\/uploads\/2022\/08\/outputsvggreen.png","width":94,"height":80,"caption":"infobornholm"},"image":{"@id":"https:\/\/infobornholm.dk\/pl\/#\/schema\/logo\/image\/"}}]}},"_links":{"self":[{"href":"https:\/\/infobornholm.dk\/pl\/wp-json\/wp\/v2\/pages\/4437","targetHints":{"allow":["GET"]}}],"collection":[{"href":"https:\/\/infobornholm.dk\/pl\/wp-json\/wp\/v2\/pages"}],"about":[{"href":"https:\/\/infobornholm.dk\/pl\/wp-json\/wp\/v2\/types\/page"}],"author":[{"embeddable":true,"href":"https:\/\/infobornholm.dk\/pl\/wp-json\/wp\/v2\/users\/1"}],"replies":[{"embeddable":true,"href":"https:\/\/infobornholm.dk\/pl\/wp-json\/wp\/v2\/comments?post=4437"}],"version-history":[{"count":1,"href":"https:\/\/infobornholm.dk\/pl\/wp-json\/wp\/v2\/pages\/4437\/revisions"}],"predecessor-version":[{"id":4438,"href":"https:\/\/infobornholm.dk\/pl\/wp-json\/wp\/v2\/pages\/4437\/revisions\/4438"}],"wp:attachment":[{"href":"https:\/\/infobornholm.dk\/pl\/wp-json\/wp\/v2\/media?parent=4437"}],"curies":[{"name":"wp","href":"https:\/\/api.w.org\/{rel}","templated":true}]}}