{"id":1405,"date":"2020-04-10T22:42:18","date_gmt":"2020-04-10T20:42:18","guid":{"rendered":"https:\/\/infobornholm.dk\/copyright\/"},"modified":"2023-02-18T21:13:34","modified_gmt":"2023-02-18T19:13:34","slug":"copyright","status":"publish","type":"page","link":"https:\/\/infobornholm.dk\/en\/copyright\/","title":{"rendered":"Copyright"},"content":{"rendered":"\n<h2 class=\"wp-block-heading\">Copyright<\/h2>\n\n<p>All material on infoBornholm.dk is protected by copyright law and is the property of infoBornholm.dk and its owners unless otherwise specifically stated.<\/p>\n\n<h2 class=\"wp-block-heading\">Copying texts, images &amp; videos<\/h2>\n\n<p>It is not allowed to &#8220;borrow&#8221; \/ &#8220;steal&#8221; all or part of our texts or images without an agreement. It is legal to quote text (Section 22 of the Copyright Act), but you are required to follow good citation practice.<\/p>\n\n<p>Copyright infringement\/misuse of our texts, images and videos will result in claims for compensation and, if necessary, recourse to the courts.<\/p>\n\n<p>If you wish to use our images for any purpose, please contact us ( Before you start copying ). We have images you can buy the rights to. These are not the images we have on the site, but will look like the ones we use.<\/p>\n\n<p>For copyright infringements, we use the company <a href=\"https:\/\/not-allowed.dk\/\" target=\"_blank\" rel=\"noopener noreferrer\">Not-allowed<\/a> to handle all communication.<\/p>\n","protected":false},"excerpt":{"rendered":"<p>Copyright All material on infoBornholm.dk is protected by copyright law and is the property of infoBornholm.dk and its owners unless otherwise specifically stated. Copying texts, images &amp; videos It is not allowed to &#8220;borrow&#8221; \/ &#8220;steal&#8221; all or part of our texts or images without an agreement. It is legal to quote text (Section 22 [&hellip;]<\/p>\n","protected":false},"author":1,"featured_media":0,"parent":0,"menu_order":0,"comment_status":"closed","ping_status":"closed","template":"","meta":{"_acf_changed":false,"footnotes":""},"class_list":["post-1405","page","type-page","status-publish","hentry"],"acf":[],"yoast_head":"<!-- This site is optimized with the Yoast SEO plugin v26.3 - https:\/\/yoast.com\/wordpress\/plugins\/seo\/ -->\n<title>Copyright - infobornholm<\/title>\n<meta name=\"robots\" content=\"index, follow, max-snippet:-1, max-image-preview:large, max-video-preview:-1\" \/>\n<link rel=\"canonical\" href=\"https:\/\/infobornholm.dk\/en\/copyright\/\" \/>\n<meta property=\"og:locale\" content=\"en_US\" \/>\n<meta property=\"og:type\" content=\"article\" \/>\n<meta property=\"og:title\" content=\"Copyright - infobornholm\" \/>\n<meta property=\"og:description\" content=\"Copyright All material on infoBornholm.dk is protected by copyright law and is the property of infoBornholm.dk and its owners unless otherwise specifically stated. Copying texts, images &amp; videos It is not allowed to &#8220;borrow&#8221; \/ &#8220;steal&#8221; all or part of our texts or images without an agreement. It is legal to quote text (Section 22 [&hellip;]\" \/>\n<meta property=\"og:url\" content=\"https:\/\/infobornholm.dk\/en\/copyright\/\" \/>\n<meta property=\"og:site_name\" content=\"infobornholm\" \/>\n<meta property=\"article:modified_time\" content=\"2023-02-18T19:13:34+00:00\" \/>\n<meta name=\"twitter:card\" content=\"summary_large_image\" \/>\n<meta name=\"twitter:label1\" content=\"Est. reading time\" \/>\n\t<meta name=\"twitter:data1\" content=\"1 minute\" \/>\n<script type=\"application\/ld+json\" class=\"yoast-schema-graph\">{\"@context\":\"https:\/\/schema.org\",\"@graph\":[{\"@type\":\"WebPage\",\"@id\":\"https:\/\/infobornholm.dk\/en\/copyright\/\",\"url\":\"https:\/\/infobornholm.dk\/en\/copyright\/\",\"name\":\"Copyright - infobornholm\",\"isPartOf\":{\"@id\":\"https:\/\/infobornholm.dk\/en\/#website\"},\"datePublished\":\"2020-04-10T20:42:18+00:00\",\"dateModified\":\"2023-02-18T19:13:34+00:00\",\"breadcrumb\":{\"@id\":\"https:\/\/infobornholm.dk\/en\/copyright\/#breadcrumb\"},\"inLanguage\":\"en-US\",\"potentialAction\":[{\"@type\":\"ReadAction\",\"target\":[\"https:\/\/infobornholm.dk\/en\/copyright\/\"]}]},{\"@type\":\"BreadcrumbList\",\"@id\":\"https:\/\/infobornholm.dk\/en\/copyright\/#breadcrumb\",\"itemListElement\":[{\"@type\":\"ListItem\",\"position\":1,\"name\":\"Hjem\",\"item\":\"https:\/\/infobornholm.dk\/en\/\"},{\"@type\":\"ListItem\",\"position\":2,\"name\":\"Copyright\"}]},{\"@type\":\"WebSite\",\"@id\":\"https:\/\/infobornholm.dk\/en\/#website\",\"url\":\"https:\/\/infobornholm.dk\/en\/\",\"name\":\"infobornholm\",\"description\":\"Solskins\u00f8en i \u00d8sters\u00f8en\",\"publisher\":{\"@id\":\"https:\/\/infobornholm.dk\/en\/#organization\"},\"potentialAction\":[{\"@type\":\"SearchAction\",\"target\":{\"@type\":\"EntryPoint\",\"urlTemplate\":\"https:\/\/infobornholm.dk\/en\/?s={search_term_string}\"},\"query-input\":{\"@type\":\"PropertyValueSpecification\",\"valueRequired\":true,\"valueName\":\"search_term_string\"}}],\"inLanguage\":\"en-US\"},{\"@type\":\"Organization\",\"@id\":\"https:\/\/infobornholm.dk\/en\/#organization\",\"name\":\"infobornholm\",\"url\":\"https:\/\/infobornholm.dk\/en\/\",\"logo\":{\"@type\":\"ImageObject\",\"inLanguage\":\"en-US\",\"@id\":\"https:\/\/infobornholm.dk\/en\/#\/schema\/logo\/image\/\",\"url\":\"https:\/\/infobornholm.dk\/wp-content\/uploads\/2022\/08\/outputsvggreen.png\",\"contentUrl\":\"https:\/\/infobornholm.dk\/wp-content\/uploads\/2022\/08\/outputsvggreen.png\",\"width\":94,\"height\":80,\"caption\":\"infobornholm\"},\"image\":{\"@id\":\"https:\/\/infobornholm.dk\/en\/#\/schema\/logo\/image\/\"}}]}<\/script>\n<!-- \/ Yoast SEO plugin. -->","yoast_head_json":{"title":"Copyright - infobornholm","robots":{"index":"index","follow":"follow","max-snippet":"max-snippet:-1","max-image-preview":"max-image-preview:large","max-video-preview":"max-video-preview:-1"},"canonical":"https:\/\/infobornholm.dk\/en\/copyright\/","og_locale":"en_US","og_type":"article","og_title":"Copyright - infobornholm","og_description":"Copyright All material on infoBornholm.dk is protected by copyright law and is the property of infoBornholm.dk and its owners unless otherwise specifically stated. Copying texts, images &amp; videos It is not allowed to &#8220;borrow&#8221; \/ &#8220;steal&#8221; all or part of our texts or images without an agreement. It is legal to quote text (Section 22 [&hellip;]","og_url":"https:\/\/infobornholm.dk\/en\/copyright\/","og_site_name":"infobornholm","article_modified_time":"2023-02-18T19:13:34+00:00","twitter_card":"summary_large_image","twitter_misc":{"Est. reading time":"1 minute"},"schema":{"@context":"https:\/\/schema.org","@graph":[{"@type":"WebPage","@id":"https:\/\/infobornholm.dk\/en\/copyright\/","url":"https:\/\/infobornholm.dk\/en\/copyright\/","name":"Copyright - infobornholm","isPartOf":{"@id":"https:\/\/infobornholm.dk\/en\/#website"},"datePublished":"2020-04-10T20:42:18+00:00","dateModified":"2023-02-18T19:13:34+00:00","breadcrumb":{"@id":"https:\/\/infobornholm.dk\/en\/copyright\/#breadcrumb"},"inLanguage":"en-US","potentialAction":[{"@type":"ReadAction","target":["https:\/\/infobornholm.dk\/en\/copyright\/"]}]},{"@type":"BreadcrumbList","@id":"https:\/\/infobornholm.dk\/en\/copyright\/#breadcrumb","itemListElement":[{"@type":"ListItem","position":1,"name":"Hjem","item":"https:\/\/infobornholm.dk\/en\/"},{"@type":"ListItem","position":2,"name":"Copyright"}]},{"@type":"WebSite","@id":"https:\/\/infobornholm.dk\/en\/#website","url":"https:\/\/infobornholm.dk\/en\/","name":"infobornholm","description":"Solskins\u00f8en i \u00d8sters\u00f8en","publisher":{"@id":"https:\/\/infobornholm.dk\/en\/#organization"},"potentialAction":[{"@type":"SearchAction","target":{"@type":"EntryPoint","urlTemplate":"https:\/\/infobornholm.dk\/en\/?s={search_term_string}"},"query-input":{"@type":"PropertyValueSpecification","valueRequired":true,"valueName":"search_term_string"}}],"inLanguage":"en-US"},{"@type":"Organization","@id":"https:\/\/infobornholm.dk\/en\/#organization","name":"infobornholm","url":"https:\/\/infobornholm.dk\/en\/","logo":{"@type":"ImageObject","inLanguage":"en-US","@id":"https:\/\/infobornholm.dk\/en\/#\/schema\/logo\/image\/","url":"https:\/\/infobornholm.dk\/wp-content\/uploads\/2022\/08\/outputsvggreen.png","contentUrl":"https:\/\/infobornholm.dk\/wp-content\/uploads\/2022\/08\/outputsvggreen.png","width":94,"height":80,"caption":"infobornholm"},"image":{"@id":"https:\/\/infobornholm.dk\/en\/#\/schema\/logo\/image\/"}}]}},"_links":{"self":[{"href":"https:\/\/infobornholm.dk\/en\/wp-json\/wp\/v2\/pages\/1405","targetHints":{"allow":["GET"]}}],"collection":[{"href":"https:\/\/infobornholm.dk\/en\/wp-json\/wp\/v2\/pages"}],"about":[{"href":"https:\/\/infobornholm.dk\/en\/wp-json\/wp\/v2\/types\/page"}],"author":[{"embeddable":true,"href":"https:\/\/infobornholm.dk\/en\/wp-json\/wp\/v2\/users\/1"}],"replies":[{"embeddable":true,"href":"https:\/\/infobornholm.dk\/en\/wp-json\/wp\/v2\/comments?post=1405"}],"version-history":[{"count":1,"href":"https:\/\/infobornholm.dk\/en\/wp-json\/wp\/v2\/pages\/1405\/revisions"}],"predecessor-version":[{"id":1407,"href":"https:\/\/infobornholm.dk\/en\/wp-json\/wp\/v2\/pages\/1405\/revisions\/1407"}],"wp:attachment":[{"href":"https:\/\/infobornholm.dk\/en\/wp-json\/wp\/v2\/media?parent=1405"}],"curies":[{"name":"wp","href":"https:\/\/api.w.org\/{rel}","templated":true}]}}