{"id":1382,"date":"2022-01-21T21:52:10","date_gmt":"2022-01-21T19:52:10","guid":{"rendered":"https:\/\/infobornholm.dk\/home\/"},"modified":"2025-09-15T16:54:23","modified_gmt":"2025-09-15T14:54:23","slug":"home","status":"publish","type":"page","link":"https:\/\/infobornholm.dk\/en\/","title":{"rendered":"Home"},"content":{"rendered":"\n\n<h2 class=\"gb-headline gb-headline-3bcf5afd gb-headline-text\">Nyeste artikler<\/h2>\n\n\n\n<h6 class=\"gb-headline gb-headline-b4addd67 gb-headline-text\"><em>Borhnolm<\/em><\/h6>\n\n\n\n<div class=\"wp-block-query is-layout-flow wp-block-query-is-layout-flow\"><ul class=\"columns-2 wp-block-post-template is-layout-grid wp-container-core-post-template-is-layout-02493678 wp-block-post-template-is-layout-grid\"><li class=\"wp-block-post post-4417 post type-post status-publish format-standard has-post-thumbnail hentry category-experiences-activities\">\n<figure class=\"wp-block-post-featured-image\"><a href=\"https:\/\/infobornholm.dk\/en\/bornholm-faces-denmarks-first-truffle-harvest\/\" target=\"_self\"  ><img fetchpriority=\"high\" decoding=\"async\" width=\"832\" height=\"448\" src=\"https:\/\/infobornholm.dk\/wp-content\/uploads\/output.jpg\" class=\"attachment-post-thumbnail size-post-thumbnail wp-post-image\" alt=\"Bornholm Faces Denmark\u2019s First Truffle Harvest\" style=\"object-fit:cover;\" srcset=\"https:\/\/infobornholm.dk\/wp-content\/uploads\/output.jpg 832w, https:\/\/infobornholm.dk\/wp-content\/uploads\/output-300x162.jpg 300w, https:\/\/infobornholm.dk\/wp-content\/uploads\/output-768x414.jpg 768w\" sizes=\"(max-width: 832px) 100vw, 832px\" \/><\/a><\/figure>\n\n\n<h4 class=\"has-text-align-center wp-block-post-title\"><a href=\"https:\/\/infobornholm.dk\/en\/bornholm-faces-denmarks-first-truffle-harvest\/\" target=\"_self\" >Bornholm Faces Denmark\u2019s First Truffle Harvest<\/a><\/h4>\n\n<div class=\"has-text-align-center wp-block-post-date__modified-date wp-block-post-date has-text-color has-contrast-3-color\"><time datetime=\"2025-09-19T11:11:35+02:00\">19 September 2025<\/time><\/div>\n\n\n<div style=\"height:30px\" aria-hidden=\"true\" class=\"wp-block-spacer\"><\/div>\n\n\n<div class=\"wp-block-post-excerpt\"><p class=\"wp-block-post-excerpt__excerpt\">After eight years of patient work, Bornholm now looks set to make Danish history: the first commercial harvest of Danish-grown truffles is approaching. A Pioneer Project in South Bornholm Behind the project are mother and daughter, Lisbeth Kjellberg and Kirstine Nystr\u00f8m, who run Tr\u00f8ffel Bornholm ( https:\/\/www.troffelbornholm.dk\/ ). The adventure began more than 20 years&hellip; <\/p><\/div>\n\n<\/li><li class=\"wp-block-post post-4423 post type-post status-publish format-standard has-post-thumbnail hentry category-experiences-activities category-various\">\n<figure class=\"wp-block-post-featured-image\"><a href=\"https:\/\/infobornholm.dk\/en\/the-knight-and-the-kings-mind\/\" target=\"_self\"  ><img decoding=\"async\" width=\"1312\" height=\"689\" src=\"https:\/\/infobornholm.dk\/wp-content\/uploads\/Rytterknaegten-og-kongemindet.png\" class=\"attachment-post-thumbnail size-post-thumbnail wp-post-image\" alt=\"The knight and the king&#8217;s mind\" style=\"object-fit:cover;\" srcset=\"https:\/\/infobornholm.dk\/wp-content\/uploads\/Rytterknaegten-og-kongemindet.png 1312w, https:\/\/infobornholm.dk\/wp-content\/uploads\/Rytterknaegten-og-kongemindet-300x158.png 300w, https:\/\/infobornholm.dk\/wp-content\/uploads\/Rytterknaegten-og-kongemindet-1024x538.png 1024w, https:\/\/infobornholm.dk\/wp-content\/uploads\/Rytterknaegten-og-kongemindet-768x403.png 768w\" sizes=\"(max-width: 1312px) 100vw, 1312px\" \/><\/a><\/figure>\n\n\n<h4 class=\"has-text-align-center wp-block-post-title\"><a href=\"https:\/\/infobornholm.dk\/en\/the-knight-and-the-kings-mind\/\" target=\"_self\" >The knight and the king&#8217;s mind<\/a><\/h4>\n\n<div class=\"has-text-align-center wp-block-post-date__modified-date wp-block-post-date has-text-color has-contrast-3-color\"><time datetime=\"2025-09-15T16:47:04+02:00\">15 September 2025<\/time><\/div>\n\n\n<div style=\"height:30px\" aria-hidden=\"true\" class=\"wp-block-spacer\"><\/div>\n\n\n<div class=\"wp-block-post-excerpt\"><p class=\"wp-block-post-excerpt__excerpt\">The Horseman. At 162 meters above sea level, Rytterkn\u00e6gten is the highest natural point on Bornholm and is located in the middle of the island in Almindingen. Rytterkn\u00e6gten is part of the bedrock that makes up Bornholm. But why is this rock called the Horseman&#8217;s Knuckle? To find the answer, you have to think far&hellip; <\/p><\/div>\n\n<\/li><li class=\"wp-block-post post-4425 post type-post status-publish format-standard has-post-thumbnail hentry category-gudhjem-en category-museums category-tejn-en\">\n<figure class=\"wp-block-post-featured-image\"><a href=\"https:\/\/infobornholm.dk\/en\/tejn-stump-mill\/\" target=\"_self\"  ><img decoding=\"async\" width=\"1305\" height=\"775\" src=\"https:\/\/infobornholm.dk\/wp-content\/uploads\/tejn-stubmoelle.png\" class=\"attachment-post-thumbnail size-post-thumbnail wp-post-image\" alt=\"Tejn stump mill\" style=\"object-fit:cover;\" srcset=\"https:\/\/infobornholm.dk\/wp-content\/uploads\/tejn-stubmoelle.png 1305w, https:\/\/infobornholm.dk\/wp-content\/uploads\/tejn-stubmoelle-300x178.png 300w, https:\/\/infobornholm.dk\/wp-content\/uploads\/tejn-stubmoelle-1024x608.png 1024w, https:\/\/infobornholm.dk\/wp-content\/uploads\/tejn-stubmoelle-768x456.png 768w\" sizes=\"(max-width: 1305px) 100vw, 1305px\" \/><\/a><\/figure>\n\n\n<h4 class=\"has-text-align-center wp-block-post-title\"><a href=\"https:\/\/infobornholm.dk\/en\/tejn-stump-mill\/\" target=\"_self\" >Tejn stump mill<\/a><\/h4>\n\n<div class=\"has-text-align-center wp-block-post-date__modified-date wp-block-post-date has-text-color has-contrast-3-color\"><time datetime=\"2025-09-15T16:47:18+02:00\">15 September 2025<\/time><\/div>\n\n\n<div style=\"height:30px\" aria-hidden=\"true\" class=\"wp-block-spacer\"><\/div>\n\n\n<div class=\"wp-block-post-excerpt\"><p class=\"wp-block-post-excerpt__excerpt\">Tejn stump mill is no longer located on a cliff top in Tejn, but stands in Melsted.Tejn stump mill has had a somewhat tumultuous existence. It was probably built around 1800 in Aarsballe, where it was then called Trebene M\u00f8lle. In the mid-1800s, the mill was sold, dismantled and transported to Tejn, where it was&hellip; <\/p><\/div>\n\n<\/li><li class=\"wp-block-post post-4421 post type-post status-publish format-standard has-post-thumbnail hentry category-building-art category-svaneke-en\">\n<figure class=\"wp-block-post-featured-image\"><a href=\"https:\/\/infobornholm.dk\/en\/svaneke-water-tower\/\" target=\"_self\"  ><img loading=\"lazy\" decoding=\"async\" width=\"1134\" height=\"686\" src=\"https:\/\/infobornholm.dk\/wp-content\/uploads\/svaneke-vandtaarn.png\" class=\"attachment-post-thumbnail size-post-thumbnail wp-post-image\" alt=\"Svaneke water tower\" style=\"object-fit:cover;\" srcset=\"https:\/\/infobornholm.dk\/wp-content\/uploads\/svaneke-vandtaarn.png 1134w, https:\/\/infobornholm.dk\/wp-content\/uploads\/svaneke-vandtaarn-300x181.png 300w, https:\/\/infobornholm.dk\/wp-content\/uploads\/svaneke-vandtaarn-1024x619.png 1024w, https:\/\/infobornholm.dk\/wp-content\/uploads\/svaneke-vandtaarn-768x465.png 768w\" sizes=\"(max-width: 1134px) 100vw, 1134px\" \/><\/a><\/figure>\n\n\n<h4 class=\"has-text-align-center wp-block-post-title\"><a href=\"https:\/\/infobornholm.dk\/en\/svaneke-water-tower\/\" target=\"_self\" >Svaneke water tower<\/a><\/h4>\n\n<div class=\"has-text-align-center wp-block-post-date__modified-date wp-block-post-date has-text-color has-contrast-3-color\"><time datetime=\"2025-09-15T16:47:00+02:00\">15 September 2025<\/time><\/div>\n\n\n<div style=\"height:30px\" aria-hidden=\"true\" class=\"wp-block-spacer\"><\/div>\n\n\n<div class=\"wp-block-post-excerpt\"><p class=\"wp-block-post-excerpt__excerpt\">Svaneke got water from a municipal waterworks very late in history, although the citizens had running water in their taps, but they got it from their own well, where an electric pump was installed. At a city council meeting in April 1950, it was decided that a waterworks should be built, but they didn&#8217;t quite&hellip; <\/p><\/div>\n\n<\/li><\/ul><\/div>\n\n\n\n<h2 class=\"gb-headline gb-headline-5d5c1785 gb-headline-text\">Follow us on Instagram<\/h2>\n\n\n\n<h6 class=\"gb-headline gb-headline-2533825d gb-headline-text\"><em><a href=\"https:\/\/www.instagram.com\/infobornholm\" target=\"_blank\" rel=\"noreferrer noopener\">@infobornholm<\/a><\/em><\/h6>\n\n","protected":false},"excerpt":{"rendered":"","protected":false},"author":1,"featured_media":0,"parent":0,"menu_order":0,"comment_status":"closed","ping_status":"closed","template":"","meta":{"_acf_changed":false,"footnotes":""},"class_list":["post-1382","page","type-page","status-publish","hentry"],"acf":[],"yoast_head":"<!-- This site is optimized with the Yoast SEO plugin v26.3 - https:\/\/yoast.com\/wordpress\/plugins\/seo\/ -->\n<title>Home - infobornholm<\/title>\n<meta name=\"robots\" content=\"index, follow, max-snippet:-1, max-image-preview:large, max-video-preview:-1\" \/>\n<link rel=\"canonical\" href=\"https:\/\/infobornholm.dk\/en\/\" \/>\n<meta property=\"og:locale\" content=\"en_US\" \/>\n<meta property=\"og:type\" content=\"article\" \/>\n<meta property=\"og:title\" content=\"Home - infobornholm\" \/>\n<meta property=\"og:url\" content=\"https:\/\/infobornholm.dk\/en\/\" \/>\n<meta property=\"og:site_name\" content=\"infobornholm\" \/>\n<meta property=\"article:modified_time\" content=\"2025-09-15T14:54:23+00:00\" \/>\n<meta name=\"twitter:card\" content=\"summary_large_image\" \/>\n<script type=\"application\/ld+json\" class=\"yoast-schema-graph\">{\"@context\":\"https:\/\/schema.org\",\"@graph\":[{\"@type\":\"WebPage\",\"@id\":\"https:\/\/infobornholm.dk\/en\/\",\"url\":\"https:\/\/infobornholm.dk\/en\/\",\"name\":\"Home - infobornholm\",\"isPartOf\":{\"@id\":\"https:\/\/infobornholm.dk\/en\/#website\"},\"datePublished\":\"2022-01-21T19:52:10+00:00\",\"dateModified\":\"2025-09-15T14:54:23+00:00\",\"breadcrumb\":{\"@id\":\"https:\/\/infobornholm.dk\/en\/#breadcrumb\"},\"inLanguage\":\"en-US\",\"potentialAction\":[{\"@type\":\"ReadAction\",\"target\":[\"https:\/\/infobornholm.dk\/en\/\"]}]},{\"@type\":\"BreadcrumbList\",\"@id\":\"https:\/\/infobornholm.dk\/en\/#breadcrumb\",\"itemListElement\":[{\"@type\":\"ListItem\",\"position\":1,\"name\":\"Hjem\",\"item\":\"https:\/\/infobornholm.dk\/en\/\"},{\"@type\":\"ListItem\",\"position\":2,\"name\":\"Home\"}]},{\"@type\":\"WebSite\",\"@id\":\"https:\/\/infobornholm.dk\/en\/#website\",\"url\":\"https:\/\/infobornholm.dk\/en\/\",\"name\":\"infobornholm\",\"description\":\"Solskins\u00f8en i \u00d8sters\u00f8en\",\"publisher\":{\"@id\":\"https:\/\/infobornholm.dk\/en\/#organization\"},\"potentialAction\":[{\"@type\":\"SearchAction\",\"target\":{\"@type\":\"EntryPoint\",\"urlTemplate\":\"https:\/\/infobornholm.dk\/en\/?s={search_term_string}\"},\"query-input\":{\"@type\":\"PropertyValueSpecification\",\"valueRequired\":true,\"valueName\":\"search_term_string\"}}],\"inLanguage\":\"en-US\"},{\"@type\":\"Organization\",\"@id\":\"https:\/\/infobornholm.dk\/en\/#organization\",\"name\":\"infobornholm\",\"url\":\"https:\/\/infobornholm.dk\/en\/\",\"logo\":{\"@type\":\"ImageObject\",\"inLanguage\":\"en-US\",\"@id\":\"https:\/\/infobornholm.dk\/en\/#\/schema\/logo\/image\/\",\"url\":\"https:\/\/infobornholm.dk\/wp-content\/uploads\/2022\/08\/outputsvggreen.png\",\"contentUrl\":\"https:\/\/infobornholm.dk\/wp-content\/uploads\/2022\/08\/outputsvggreen.png\",\"width\":94,\"height\":80,\"caption\":\"infobornholm\"},\"image\":{\"@id\":\"https:\/\/infobornholm.dk\/en\/#\/schema\/logo\/image\/\"}}]}<\/script>\n<!-- \/ Yoast SEO plugin. -->","yoast_head_json":{"title":"Home - infobornholm","robots":{"index":"index","follow":"follow","max-snippet":"max-snippet:-1","max-image-preview":"max-image-preview:large","max-video-preview":"max-video-preview:-1"},"canonical":"https:\/\/infobornholm.dk\/en\/","og_locale":"en_US","og_type":"article","og_title":"Home - infobornholm","og_url":"https:\/\/infobornholm.dk\/en\/","og_site_name":"infobornholm","article_modified_time":"2025-09-15T14:54:23+00:00","twitter_card":"summary_large_image","schema":{"@context":"https:\/\/schema.org","@graph":[{"@type":"WebPage","@id":"https:\/\/infobornholm.dk\/en\/","url":"https:\/\/infobornholm.dk\/en\/","name":"Home - infobornholm","isPartOf":{"@id":"https:\/\/infobornholm.dk\/en\/#website"},"datePublished":"2022-01-21T19:52:10+00:00","dateModified":"2025-09-15T14:54:23+00:00","breadcrumb":{"@id":"https:\/\/infobornholm.dk\/en\/#breadcrumb"},"inLanguage":"en-US","potentialAction":[{"@type":"ReadAction","target":["https:\/\/infobornholm.dk\/en\/"]}]},{"@type":"BreadcrumbList","@id":"https:\/\/infobornholm.dk\/en\/#breadcrumb","itemListElement":[{"@type":"ListItem","position":1,"name":"Hjem","item":"https:\/\/infobornholm.dk\/en\/"},{"@type":"ListItem","position":2,"name":"Home"}]},{"@type":"WebSite","@id":"https:\/\/infobornholm.dk\/en\/#website","url":"https:\/\/infobornholm.dk\/en\/","name":"infobornholm","description":"Solskins\u00f8en i \u00d8sters\u00f8en","publisher":{"@id":"https:\/\/infobornholm.dk\/en\/#organization"},"potentialAction":[{"@type":"SearchAction","target":{"@type":"EntryPoint","urlTemplate":"https:\/\/infobornholm.dk\/en\/?s={search_term_string}"},"query-input":{"@type":"PropertyValueSpecification","valueRequired":true,"valueName":"search_term_string"}}],"inLanguage":"en-US"},{"@type":"Organization","@id":"https:\/\/infobornholm.dk\/en\/#organization","name":"infobornholm","url":"https:\/\/infobornholm.dk\/en\/","logo":{"@type":"ImageObject","inLanguage":"en-US","@id":"https:\/\/infobornholm.dk\/en\/#\/schema\/logo\/image\/","url":"https:\/\/infobornholm.dk\/wp-content\/uploads\/2022\/08\/outputsvggreen.png","contentUrl":"https:\/\/infobornholm.dk\/wp-content\/uploads\/2022\/08\/outputsvggreen.png","width":94,"height":80,"caption":"infobornholm"},"image":{"@id":"https:\/\/infobornholm.dk\/en\/#\/schema\/logo\/image\/"}}]}},"_links":{"self":[{"href":"https:\/\/infobornholm.dk\/en\/wp-json\/wp\/v2\/pages\/1382","targetHints":{"allow":["GET"]}}],"collection":[{"href":"https:\/\/infobornholm.dk\/en\/wp-json\/wp\/v2\/pages"}],"about":[{"href":"https:\/\/infobornholm.dk\/en\/wp-json\/wp\/v2\/types\/page"}],"author":[{"embeddable":true,"href":"https:\/\/infobornholm.dk\/en\/wp-json\/wp\/v2\/users\/1"}],"replies":[{"embeddable":true,"href":"https:\/\/infobornholm.dk\/en\/wp-json\/wp\/v2\/comments?post=1382"}],"version-history":[{"count":5,"href":"https:\/\/infobornholm.dk\/en\/wp-json\/wp\/v2\/pages\/1382\/revisions"}],"predecessor-version":[{"id":4480,"href":"https:\/\/infobornholm.dk\/en\/wp-json\/wp\/v2\/pages\/1382\/revisions\/4480"}],"wp:attachment":[{"href":"https:\/\/infobornholm.dk\/en\/wp-json\/wp\/v2\/media?parent=1382"}],"curies":[{"name":"wp","href":"https:\/\/api.w.org\/{rel}","templated":true}]}}