{"id":1376,"date":"2022-01-21T21:53:18","date_gmt":"2022-01-21T19:53:18","guid":{"rendered":"https:\/\/infobornholm.dk\/about\/"},"modified":"2023-02-18T21:00:50","modified_gmt":"2023-02-18T19:00:50","slug":"about","status":"publish","type":"page","link":"https:\/\/infobornholm.dk\/en\/about\/","title":{"rendered":"About"},"content":{"rendered":"\r\n\r\n\r\n\r\n\r\n\r\n\n<h6 class=\"gb-headline gb-headline-0533aaf0 gb-headline-text\"><em>About us<\/em><\/h6>\n\r\n\r\n\n<h2 class=\"gb-headline gb-headline-fe31336c gb-headline-text\">A great summer camp experience<\/h2>\n\r\n\r\n\n<p class=\"gb-headline gb-headline-d71fba1a gb-headline-text\">Integer sed tellus pretium, accumsan libero eu, cursus ante. Ut id eros metus. Sed fringilla tincidunt tortor tincidunt molestie. Curabitur ac diam vel odio consequat sollicitudin non eget neque.<\/p>\n\r\n\r\n\r\n\r\n\n<p><a class=\"gb-button gb-button-0f5188c5 gb-button-text\" href=\"#\">Learn more<\/a><\/p>\n\r\n\r\n\r\n\r\n\n<h4 class=\"gb-headline gb-headline-0251ea28 gb-headline-text\">Things to do<\/h4>\n\r\n\r\n\n<h5 class=\"gb-headline gb-headline-7afa13f2\"><span class=\"gb-headline-text\">Sports<\/span><\/h5>\n\r\n\r\n\n<h5 class=\"gb-headline gb-headline-6b4cbc1b\"><span class=\"gb-headline-text\">Swimming<\/span><\/h5>\n\r\n\r\n\n<h5 class=\"gb-headline gb-headline-c3a5c086\"><span class=\"gb-headline-text\">Activities<\/span><\/h5>\n\r\n\r\n\n<h5 class=\"gb-headline gb-headline-704bb4e2\"><span class=\"gb-headline-text\">Arts<\/span><\/h5>\n\r\n\r\n\n<h5 class=\"gb-headline gb-headline-127ad11e\"><span class=\"gb-headline-text\">Trips &amp; Explorations<\/span><\/h5>\n\r\n\r\n\n<h5 class=\"gb-headline gb-headline-cfe7048c\"><span class=\"gb-headline-text\">Historic trips<\/span><\/h5>\n\r\n\r\n\n<h5 class=\"gb-headline gb-headline-caa04afd\"><span class=\"gb-headline-text\">Night activities<\/span><\/h5>\n\r\n\r\n\r\n\r\n\r\n\r\n&#13;\n<figure class=\"wp-block-image size-full is-resized\"><img fetchpriority=\"high\" decoding=\"async\" class=\"wp-image-459\" src=\"https:\/\/infobornholm.dk\/wp-content\/uploads\/2022\/01\/camp_in_trees.svg\" alt=\"\" width=\"581\" height=\"671\"\/><\/figure>\r\n\r\n\r\n\r\n\n<h6 class=\"gb-headline gb-headline-72f40714 gb-headline-text\"><em>Experiences<\/em><\/h6>\n\r\n\r\n\n<h2 class=\"gb-headline gb-headline-2e0f868c gb-headline-text\">What you get<\/h2>\n\r\n\r\n\n<p class=\"gb-headline gb-headline-cec33a2f gb-headline-text\">Integer sed tellus pretium, accumsan libero eu, cursus ante. Ut id eros metus. Sed fringilla tincidunt tortor tincidunt molestie. Curabitur ac diam vel odio consequat sollicitudin non eget neque.<\/p>\n\r\n\r\n\r\n\r\n\r\n\r\n\r\n\r\n\n<p>&nbsp;<\/p>\n\r\n\r\n\r\n\r\n\n<h4 class=\"gb-headline gb-headline-73603335 gb-headline-text\">Awesome trips<\/h4>\n\r\n\r\n\n<p class=\"gb-headline gb-headline-e27e1843 gb-headline-text\">Quisque pretium cursus ipsum, non consectetur metus bibendum et. Sed enim leo, placerat at suscipit eu, ultricies id nisi. Aenean vulputate eros a egestas lacinia.<\/p>\n\r\n\r\n\r\n\r\n\r\n\r\n\r\n\r\n\n<p>&nbsp;<\/p>\n\r\n\r\n\r\n\r\n\n<h4 class=\"gb-headline gb-headline-b329880e gb-headline-text\">Unforgettable memories<\/h4>\n\r\n\r\n\n<p class=\"gb-headline gb-headline-2953dc53 gb-headline-text\">Quisque pretium cursus ipsum, non consectetur metus bibendum et. Sed enim leo, placerat at suscipit eu, ultricies id nisi. Aenean vulputate eros a egestas lacinia.<\/p>\n\r\n\r\n\r\n\r\n\r\n\r\n\r\n\r\n\n<p>&nbsp;<\/p>\n\r\n\r\n\r\n\r\n\n<h4 class=\"gb-headline gb-headline-601df9af gb-headline-text\">Strong friendships<\/h4>\n\r\n\r\n\n<p class=\"gb-headline gb-headline-cc420912 gb-headline-text\">Quisque pretium cursus ipsum, non consectetur metus bibendum et. Sed enim leo, placerat at suscipit eu, ultricies id nisi. Aenean vulputate eros a egestas lacinia.<\/p>\n\r\n\r\n\r\n\r\n\n<p><a class=\"gb-button gb-button-d2109727 gb-button-text\" href=\"#\">Learn more<\/a><\/p>\n\r\n\r\n\r\n\r\n\r\n\r\n\n<h6 class=\"gb-headline gb-headline-86057261 gb-headline-text\"><em>Learning activities<\/em><\/h6>\n\r\n\r\n\n<h2 class=\"gb-headline gb-headline-83932c17 gb-headline-text\">Nature &#8211; the biggest teacher of all!<\/h2>\n\r\n\r\n\r\n\r\n\n<p><a class=\"gb-button gb-button-d2849cab gb-button-text\" href=\"#\">Enroll now<\/a><\/p>\n\r\n\r\n\r\n\r\n\r\n\r\n\n<h6 class=\"gb-headline gb-headline-ac325409 gb-headline-text\"><em>Benefits<\/em><\/h6>\n\r\n\r\n\n<h2 class=\"gb-headline gb-headline-3534971a gb-headline-text\">Why our camp<\/h2>\n\r\n\r\n\n<p class=\"gb-headline gb-headline-532b7d6b gb-headline-text\">Integer sed tellus pretium, accumsan libero eu, cursus ante. Ut id eros metus. Sed fringilla tincidunt tortor tincidunt molestie. Curabitur ac diam vel odio consequat sollicitudin non eget neque.<\/p>\n\r\n\r\n\r\n\r\n\r\n\r\n\n<h5 class=\"gb-headline gb-headline-25b013a9\"><span class=\"gb-headline-text\">Activities<\/span><\/h5>\n\r\n\r\n\r\n\r\n\n<h5 class=\"gb-headline gb-headline-7ed36bac\"><span class=\"gb-headline-text\">Nature<\/span><\/h5>\n\r\n\r\n\r\n\r\n\n<h5 class=\"gb-headline gb-headline-699b9f24\"><span class=\"gb-headline-text\">Learning<\/span><\/h5>\n\r\n\r\n\r\n\r\n\n<p><a class=\"gb-button gb-button-f8afa117 gb-button-text\" href=\"#\">Learn more<\/a><\/p>\n\r\n\r\n\r\n\r\n&#13;\n<div class=\"wp-block-image\">&#13;\n<figure class=\"aligncenter size-full is-resized\"><img decoding=\"async\" class=\"wp-image-502\" src=\"https:\/\/infobornholm.dk\/wp-content\/uploads\/2022\/01\/campsite_vector.svg\" alt=\"\" width=\"498\" height=\"574\"\/><\/figure><\/div>&#13;\n","protected":false},"excerpt":{"rendered":"","protected":false},"author":1,"featured_media":0,"parent":0,"menu_order":0,"comment_status":"closed","ping_status":"closed","template":"","meta":{"_acf_changed":false,"footnotes":""},"class_list":["post-1376","page","type-page","status-publish","hentry"],"acf":[],"yoast_head":"<!-- This site is optimized with the Yoast SEO plugin v26.3 - https:\/\/yoast.com\/wordpress\/plugins\/seo\/ -->\n<title>About - infobornholm<\/title>\n<meta name=\"robots\" content=\"index, follow, max-snippet:-1, max-image-preview:large, max-video-preview:-1\" \/>\n<link rel=\"canonical\" href=\"https:\/\/infobornholm.dk\/en\/about\/\" \/>\n<meta property=\"og:locale\" content=\"en_US\" \/>\n<meta property=\"og:type\" content=\"article\" \/>\n<meta property=\"og:title\" content=\"About - infobornholm\" \/>\n<meta property=\"og:url\" content=\"https:\/\/infobornholm.dk\/en\/about\/\" \/>\n<meta property=\"og:site_name\" content=\"infobornholm\" \/>\n<meta property=\"article:modified_time\" content=\"2023-02-18T19:00:50+00:00\" \/>\n<meta property=\"og:image\" content=\"https:\/\/infobornholm.dk\/wp-content\/uploads\/2022\/01\/camp_in_trees.svg\" \/>\n<meta name=\"twitter:card\" content=\"summary_large_image\" \/>\n<meta name=\"twitter:label1\" content=\"Est. reading time\" \/>\n\t<meta name=\"twitter:data1\" content=\"1 minute\" \/>\n<script type=\"application\/ld+json\" class=\"yoast-schema-graph\">{\"@context\":\"https:\/\/schema.org\",\"@graph\":[{\"@type\":\"WebPage\",\"@id\":\"https:\/\/infobornholm.dk\/en\/about\/\",\"url\":\"https:\/\/infobornholm.dk\/en\/about\/\",\"name\":\"About - infobornholm\",\"isPartOf\":{\"@id\":\"https:\/\/infobornholm.dk\/en\/#website\"},\"primaryImageOfPage\":{\"@id\":\"https:\/\/infobornholm.dk\/en\/about\/#primaryimage\"},\"image\":{\"@id\":\"https:\/\/infobornholm.dk\/en\/about\/#primaryimage\"},\"thumbnailUrl\":\"https:\/\/infobornholm.dk\/wp-content\/uploads\/2022\/01\/camp_in_trees.svg\",\"datePublished\":\"2022-01-21T19:53:18+00:00\",\"dateModified\":\"2023-02-18T19:00:50+00:00\",\"breadcrumb\":{\"@id\":\"https:\/\/infobornholm.dk\/en\/about\/#breadcrumb\"},\"inLanguage\":\"en-US\",\"potentialAction\":[{\"@type\":\"ReadAction\",\"target\":[\"https:\/\/infobornholm.dk\/en\/about\/\"]}]},{\"@type\":\"ImageObject\",\"inLanguage\":\"en-US\",\"@id\":\"https:\/\/infobornholm.dk\/en\/about\/#primaryimage\",\"url\":\"https:\/\/infobornholm.dk\/wp-content\/uploads\/2022\/01\/camp_in_trees.svg\",\"contentUrl\":\"https:\/\/infobornholm.dk\/wp-content\/uploads\/2022\/01\/camp_in_trees.svg\"},{\"@type\":\"BreadcrumbList\",\"@id\":\"https:\/\/infobornholm.dk\/en\/about\/#breadcrumb\",\"itemListElement\":[{\"@type\":\"ListItem\",\"position\":1,\"name\":\"Hjem\",\"item\":\"https:\/\/infobornholm.dk\/en\/\"},{\"@type\":\"ListItem\",\"position\":2,\"name\":\"About\"}]},{\"@type\":\"WebSite\",\"@id\":\"https:\/\/infobornholm.dk\/en\/#website\",\"url\":\"https:\/\/infobornholm.dk\/en\/\",\"name\":\"infobornholm\",\"description\":\"Solskins\u00f8en i \u00d8sters\u00f8en\",\"publisher\":{\"@id\":\"https:\/\/infobornholm.dk\/en\/#organization\"},\"potentialAction\":[{\"@type\":\"SearchAction\",\"target\":{\"@type\":\"EntryPoint\",\"urlTemplate\":\"https:\/\/infobornholm.dk\/en\/?s={search_term_string}\"},\"query-input\":{\"@type\":\"PropertyValueSpecification\",\"valueRequired\":true,\"valueName\":\"search_term_string\"}}],\"inLanguage\":\"en-US\"},{\"@type\":\"Organization\",\"@id\":\"https:\/\/infobornholm.dk\/en\/#organization\",\"name\":\"infobornholm\",\"url\":\"https:\/\/infobornholm.dk\/en\/\",\"logo\":{\"@type\":\"ImageObject\",\"inLanguage\":\"en-US\",\"@id\":\"https:\/\/infobornholm.dk\/en\/#\/schema\/logo\/image\/\",\"url\":\"https:\/\/infobornholm.dk\/wp-content\/uploads\/2022\/08\/outputsvggreen.png\",\"contentUrl\":\"https:\/\/infobornholm.dk\/wp-content\/uploads\/2022\/08\/outputsvggreen.png\",\"width\":94,\"height\":80,\"caption\":\"infobornholm\"},\"image\":{\"@id\":\"https:\/\/infobornholm.dk\/en\/#\/schema\/logo\/image\/\"}}]}<\/script>\n<!-- \/ Yoast SEO plugin. -->","yoast_head_json":{"title":"About - infobornholm","robots":{"index":"index","follow":"follow","max-snippet":"max-snippet:-1","max-image-preview":"max-image-preview:large","max-video-preview":"max-video-preview:-1"},"canonical":"https:\/\/infobornholm.dk\/en\/about\/","og_locale":"en_US","og_type":"article","og_title":"About - infobornholm","og_url":"https:\/\/infobornholm.dk\/en\/about\/","og_site_name":"infobornholm","article_modified_time":"2023-02-18T19:00:50+00:00","og_image":[{"url":"https:\/\/infobornholm.dk\/wp-content\/uploads\/2022\/01\/camp_in_trees.svg","type":"","width":"","height":""}],"twitter_card":"summary_large_image","twitter_misc":{"Est. reading time":"1 minute"},"schema":{"@context":"https:\/\/schema.org","@graph":[{"@type":"WebPage","@id":"https:\/\/infobornholm.dk\/en\/about\/","url":"https:\/\/infobornholm.dk\/en\/about\/","name":"About - infobornholm","isPartOf":{"@id":"https:\/\/infobornholm.dk\/en\/#website"},"primaryImageOfPage":{"@id":"https:\/\/infobornholm.dk\/en\/about\/#primaryimage"},"image":{"@id":"https:\/\/infobornholm.dk\/en\/about\/#primaryimage"},"thumbnailUrl":"https:\/\/infobornholm.dk\/wp-content\/uploads\/2022\/01\/camp_in_trees.svg","datePublished":"2022-01-21T19:53:18+00:00","dateModified":"2023-02-18T19:00:50+00:00","breadcrumb":{"@id":"https:\/\/infobornholm.dk\/en\/about\/#breadcrumb"},"inLanguage":"en-US","potentialAction":[{"@type":"ReadAction","target":["https:\/\/infobornholm.dk\/en\/about\/"]}]},{"@type":"ImageObject","inLanguage":"en-US","@id":"https:\/\/infobornholm.dk\/en\/about\/#primaryimage","url":"https:\/\/infobornholm.dk\/wp-content\/uploads\/2022\/01\/camp_in_trees.svg","contentUrl":"https:\/\/infobornholm.dk\/wp-content\/uploads\/2022\/01\/camp_in_trees.svg"},{"@type":"BreadcrumbList","@id":"https:\/\/infobornholm.dk\/en\/about\/#breadcrumb","itemListElement":[{"@type":"ListItem","position":1,"name":"Hjem","item":"https:\/\/infobornholm.dk\/en\/"},{"@type":"ListItem","position":2,"name":"About"}]},{"@type":"WebSite","@id":"https:\/\/infobornholm.dk\/en\/#website","url":"https:\/\/infobornholm.dk\/en\/","name":"infobornholm","description":"Solskins\u00f8en i \u00d8sters\u00f8en","publisher":{"@id":"https:\/\/infobornholm.dk\/en\/#organization"},"potentialAction":[{"@type":"SearchAction","target":{"@type":"EntryPoint","urlTemplate":"https:\/\/infobornholm.dk\/en\/?s={search_term_string}"},"query-input":{"@type":"PropertyValueSpecification","valueRequired":true,"valueName":"search_term_string"}}],"inLanguage":"en-US"},{"@type":"Organization","@id":"https:\/\/infobornholm.dk\/en\/#organization","name":"infobornholm","url":"https:\/\/infobornholm.dk\/en\/","logo":{"@type":"ImageObject","inLanguage":"en-US","@id":"https:\/\/infobornholm.dk\/en\/#\/schema\/logo\/image\/","url":"https:\/\/infobornholm.dk\/wp-content\/uploads\/2022\/08\/outputsvggreen.png","contentUrl":"https:\/\/infobornholm.dk\/wp-content\/uploads\/2022\/08\/outputsvggreen.png","width":94,"height":80,"caption":"infobornholm"},"image":{"@id":"https:\/\/infobornholm.dk\/en\/#\/schema\/logo\/image\/"}}]}},"_links":{"self":[{"href":"https:\/\/infobornholm.dk\/en\/wp-json\/wp\/v2\/pages\/1376","targetHints":{"allow":["GET"]}}],"collection":[{"href":"https:\/\/infobornholm.dk\/en\/wp-json\/wp\/v2\/pages"}],"about":[{"href":"https:\/\/infobornholm.dk\/en\/wp-json\/wp\/v2\/types\/page"}],"author":[{"embeddable":true,"href":"https:\/\/infobornholm.dk\/en\/wp-json\/wp\/v2\/users\/1"}],"replies":[{"embeddable":true,"href":"https:\/\/infobornholm.dk\/en\/wp-json\/wp\/v2\/comments?post=1376"}],"version-history":[{"count":3,"href":"https:\/\/infobornholm.dk\/en\/wp-json\/wp\/v2\/pages\/1376\/revisions"}],"predecessor-version":[{"id":1379,"href":"https:\/\/infobornholm.dk\/en\/wp-json\/wp\/v2\/pages\/1376\/revisions\/1379"}],"wp:attachment":[{"href":"https:\/\/infobornholm.dk\/en\/wp-json\/wp\/v2\/media?parent=1376"}],"curies":[{"name":"wp","href":"https:\/\/api.w.org\/{rel}","templated":true}]}}