{"id":4478,"date":"2022-01-21T21:52:10","date_gmt":"2022-01-21T19:52:10","guid":{"rendered":"https:\/\/infobornholm.dk\/startseite\/"},"modified":"2025-09-15T16:54:23","modified_gmt":"2025-09-15T14:54:23","slug":"startseite","status":"publish","type":"page","link":"https:\/\/infobornholm.dk\/de\/","title":{"rendered":"Startseite"},"content":{"rendered":"\n\n<h2 class=\"gb-headline gb-headline-3bcf5afd gb-headline-text\">Letzte Artikel<\/h2>\n\n\n\n<h6 class=\"gb-headline gb-headline-b4addd67 gb-headline-text\"><em>Borhnolm<\/em><\/h6>\n\n\n\n<div class=\"wp-block-query is-layout-flow wp-block-query-is-layout-flow\"><ul class=\"columns-2 wp-block-post-template is-layout-grid wp-container-core-post-template-is-layout-02493678 wp-block-post-template-is-layout-grid\"><li class=\"wp-block-post post-1774 post type-post status-publish format-standard has-post-thumbnail hentry category-allinge-de category-kunst-am-bau\">\n<figure class=\"wp-block-post-featured-image\"><a href=\"https:\/\/infobornholm.dk\/de\/technische-schule-allinge\/\" target=\"_self\"  ><img fetchpriority=\"high\" decoding=\"async\" width=\"2560\" height=\"1167\" src=\"https:\/\/infobornholm.dk\/wp-content\/uploads\/2020\/05\/teknisk-skole-allinge-scaled.jpg\" class=\"attachment-post-thumbnail size-post-thumbnail wp-post-image\" alt=\"Technische Schule Allinge\" style=\"object-fit:cover;\" srcset=\"https:\/\/infobornholm.dk\/wp-content\/uploads\/2020\/05\/teknisk-skole-allinge-scaled.jpg 2560w, https:\/\/infobornholm.dk\/wp-content\/uploads\/2020\/05\/teknisk-skole-allinge-350x160.jpg 350w, https:\/\/infobornholm.dk\/wp-content\/uploads\/2020\/05\/teknisk-skole-allinge-1024x467.jpg 1024w, https:\/\/infobornholm.dk\/wp-content\/uploads\/2020\/05\/teknisk-skole-allinge-768x350.jpg 768w, https:\/\/infobornholm.dk\/wp-content\/uploads\/2020\/05\/teknisk-skole-allinge-1536x700.jpg 1536w, https:\/\/infobornholm.dk\/wp-content\/uploads\/2020\/05\/teknisk-skole-allinge-2048x933.jpg 2048w, https:\/\/infobornholm.dk\/wp-content\/uploads\/2020\/05\/teknisk-skole-allinge-1404x640.jpg 1404w\" sizes=\"(max-width: 2560px) 100vw, 2560px\" \/><\/a><\/figure>\n\n\n<h4 class=\"has-text-align-center wp-block-post-title\"><a href=\"https:\/\/infobornholm.dk\/de\/technische-schule-allinge\/\" target=\"_self\" >Technische Schule Allinge<\/a><\/h4>\n\n<div class=\"has-text-align-center wp-block-post-date__modified-date wp-block-post-date has-text-color has-contrast-3-color\"><time datetime=\"2023-02-18T21:20:17+02:00\">18 Februar 2023<\/time><\/div>\n\n\n<div style=\"height:30px\" aria-hidden=\"true\" class=\"wp-block-spacer\"><\/div>\n\n\n<div class=\"wp-block-post-excerpt\"><p class=\"wp-block-post-excerpt__excerpt\">Technische Schule Allinge Im Februar 1883 trafen sich 21 M\u00e4nner aus Allinge und Sandvig im Rathaus mit dem Ziel, einen Handwerker- und Industrieverein zu gr\u00fcnden. Urspr\u00fcnglich war nicht geplant, eine Schule zu bauen, sondern nur eine Abendschule in Allinge Borgerskole, aber 12 Jahre sp\u00e4ter wird die Technische Schule gebaut. Die Allinge Technical School ist ein&hellip; <\/p><\/div>\n\n<\/li><li class=\"wp-block-post post-1706 post type-post status-publish format-standard has-post-thumbnail hentry category-allinge-de category-kunst-am-bau\">\n<figure class=\"wp-block-post-featured-image\"><a href=\"https:\/\/infobornholm.dk\/de\/das-turmhaus-in-allinge\/\" target=\"_self\"  ><img decoding=\"async\" width=\"2560\" height=\"1746\" src=\"https:\/\/infobornholm.dk\/wp-content\/uploads\/taarnhuset-i-allinge-scaled.jpg\" class=\"attachment-post-thumbnail size-post-thumbnail wp-post-image\" alt=\"Das Turmhaus in Allinge\" style=\"object-fit:cover;\" srcset=\"https:\/\/infobornholm.dk\/wp-content\/uploads\/taarnhuset-i-allinge-scaled.jpg 2560w, https:\/\/infobornholm.dk\/wp-content\/uploads\/taarnhuset-i-allinge-300x205.jpg 300w, https:\/\/infobornholm.dk\/wp-content\/uploads\/taarnhuset-i-allinge-1024x698.jpg 1024w, https:\/\/infobornholm.dk\/wp-content\/uploads\/taarnhuset-i-allinge-768x524.jpg 768w\" sizes=\"(max-width: 2560px) 100vw, 2560px\" \/><\/a><\/figure>\n\n\n<h4 class=\"has-text-align-center wp-block-post-title\"><a href=\"https:\/\/infobornholm.dk\/de\/das-turmhaus-in-allinge\/\" target=\"_self\" >Das Turmhaus in Allinge<\/a><\/h4>\n\n<div class=\"has-text-align-center wp-block-post-date__modified-date wp-block-post-date has-text-color has-contrast-3-color\"><time datetime=\"2023-02-18T21:20:17+02:00\">18 Februar 2023<\/time><\/div>\n\n\n<div style=\"height:30px\" aria-hidden=\"true\" class=\"wp-block-spacer\"><\/div>\n\n\n<div class=\"wp-block-post-excerpt\"><p class=\"wp-block-post-excerpt__excerpt\">Das Turmhaus in Allinge Der erste Gedanke, den man beim Anblick des Tower House hat, ist, dass es sich um einen alten Leuchtturm handeln muss, aber das war er nie. Das Turmhaus wurde 1898 von Dr. Sigfred Borch als \u00c4rztehaus und Privathaus gebaut. Es hei\u00dft, dass er sich f\u00fcr die Sterne interessierte und dass der&hellip; <\/p><\/div>\n\n<\/li><li class=\"wp-block-post post-1746 post type-post status-publish format-standard has-post-thumbnail hentry category-allinge-de\">\n<figure class=\"wp-block-post-featured-image\"><a href=\"https:\/\/infobornholm.dk\/de\/grosser-granitstein-in-storegade\/\" target=\"_self\"  ><img decoding=\"async\" width=\"2560\" height=\"1184\" src=\"https:\/\/infobornholm.dk\/wp-content\/uploads\/stor-granitsten-i-storegade-scaled.jpg\" class=\"attachment-post-thumbnail size-post-thumbnail wp-post-image\" alt=\"Gro\u00dfer Granitstein in Storegade\" style=\"object-fit:cover;\" srcset=\"https:\/\/infobornholm.dk\/wp-content\/uploads\/stor-granitsten-i-storegade-scaled.jpg 2560w, https:\/\/infobornholm.dk\/wp-content\/uploads\/stor-granitsten-i-storegade-300x139.jpg 300w, https:\/\/infobornholm.dk\/wp-content\/uploads\/stor-granitsten-i-storegade-1024x474.jpg 1024w, https:\/\/infobornholm.dk\/wp-content\/uploads\/stor-granitsten-i-storegade-768x355.jpg 768w, https:\/\/infobornholm.dk\/wp-content\/uploads\/stor-granitsten-i-storegade-1536x710.jpg 1536w, https:\/\/infobornholm.dk\/wp-content\/uploads\/stor-granitsten-i-storegade-2048x947.jpg 2048w, https:\/\/infobornholm.dk\/wp-content\/uploads\/stor-granitsten-i-storegade-1384x640.jpg 1384w\" sizes=\"(max-width: 2560px) 100vw, 2560px\" \/><\/a><\/figure>\n\n\n<h4 class=\"has-text-align-center wp-block-post-title\"><a href=\"https:\/\/infobornholm.dk\/de\/grosser-granitstein-in-storegade\/\" target=\"_self\" >Gro\u00dfer Granitstein in Storegade<\/a><\/h4>\n\n<div class=\"has-text-align-center wp-block-post-date__modified-date wp-block-post-date has-text-color has-contrast-3-color\"><time datetime=\"2023-02-18T21:20:16+02:00\">18 Februar 2023<\/time><\/div>\n\n\n<div style=\"height:30px\" aria-hidden=\"true\" class=\"wp-block-spacer\"><\/div>\n\n\n<div class=\"wp-block-post-excerpt\"><p class=\"wp-block-post-excerpt__excerpt\">Gro\u00dfer Granitstein in Storegade Auf dem kleinen Rasen steht ein etwa 2 m hoher Granitstein. Es war nicht m\u00f6glich, in B\u00fcchern oder anderswo Informationen \u00fcber den Stein zu finden, aber einige \u00e4ltere B\u00fcrger von Allinge sagen, dass der Stein in den fr\u00fchen 1950er Jahren vom damaligen Grundst\u00fcckseigent\u00fcmer aus Protest gegen den geplanten Bau eines Lkw-Wendeplatzes&hellip; <\/p><\/div>\n\n<\/li><li class=\"wp-block-post post-1683 post type-post status-publish format-standard has-post-thumbnail hentry category-gudhjem-de category-kirchen-und-friedhoefe category-ruinen\">\n<figure class=\"wp-block-post-featured-image\"><a href=\"https:\/\/infobornholm.dk\/de\/sct-anna-kapelle-gudhjem\/\" target=\"_self\"  ><img loading=\"lazy\" decoding=\"async\" width=\"520\" height=\"386\" src=\"https:\/\/infobornholm.dk\/wp-content\/uploads\/2020\/05\/sct-anna-kapel.jpg\" class=\"attachment-post-thumbnail size-post-thumbnail wp-post-image\" alt=\"Sct. Anna-Kapelle &#8211; Gudhjem\" style=\"object-fit:cover;\" srcset=\"https:\/\/infobornholm.dk\/wp-content\/uploads\/2020\/05\/sct-anna-kapel.jpg 520w, https:\/\/infobornholm.dk\/wp-content\/uploads\/2020\/05\/sct-anna-kapel-300x223.jpg 300w, https:\/\/infobornholm.dk\/wp-content\/uploads\/2020\/05\/sct-anna-kapel-200x148.jpg 200w, https:\/\/infobornholm.dk\/wp-content\/uploads\/2020\/05\/sct-anna-kapel-400x297.jpg 400w\" sizes=\"(max-width: 520px) 100vw, 520px\" \/><\/a><\/figure>\n\n\n<h4 class=\"has-text-align-center wp-block-post-title\"><a href=\"https:\/\/infobornholm.dk\/de\/sct-anna-kapelle-gudhjem\/\" target=\"_self\" >Sct. Anna-Kapelle &#8211; Gudhjem<\/a><\/h4>\n\n\n\n\n<div style=\"height:30px\" aria-hidden=\"true\" class=\"wp-block-spacer\"><\/div>\n\n\n<div class=\"wp-block-post-excerpt\"><p class=\"wp-block-post-excerpt__excerpt\">Die kleine Ruine, die heute neben der Kirche von Gudhjem zu sehen ist, sind die \u00dcberreste von Sct. Anna-Kapelle, die letzte der urspr\u00fcnglich sieben Kapellen an der K\u00fcste. Im Jahr 1893 wurde die neue Kirche fertiggestellt und das Schicksal der Kapelle blieb unbekannt. Es gab jedoch den Wunsch, das Gel\u00e4nde f\u00fcr 30 neue Bestattungen zu&hellip; <\/p><\/div>\n\n<\/li><\/ul><\/div>\n\n\n\n<h2 class=\"gb-headline gb-headline-5d5c1785 gb-headline-text\">Folgen Sie uns auf Instagram<\/h2>\n\n\n\n<h6 class=\"gb-headline gb-headline-2533825d gb-headline-text\"><em><a href=\"https:\/\/www.instagram.com\/infobornholm\" target=\"_blank\" rel=\"noreferrer noopener\">@infobornholm<\/a><\/em><\/h6>\n\n","protected":false},"excerpt":{"rendered":"","protected":false},"author":1,"featured_media":0,"parent":0,"menu_order":0,"comment_status":"closed","ping_status":"closed","template":"","meta":{"_acf_changed":false,"footnotes":""},"class_list":["post-4478","page","type-page","status-publish","hentry"],"acf":[],"yoast_head":"<!-- This site is optimized with the Yoast SEO plugin v26.3 - https:\/\/yoast.com\/wordpress\/plugins\/seo\/ -->\n<title>Startseite - infobornholm<\/title>\n<meta name=\"robots\" content=\"index, follow, max-snippet:-1, max-image-preview:large, max-video-preview:-1\" \/>\n<link rel=\"canonical\" href=\"https:\/\/infobornholm.dk\/de\/\" \/>\n<meta property=\"og:locale\" content=\"de_DE\" \/>\n<meta property=\"og:type\" content=\"article\" \/>\n<meta property=\"og:title\" content=\"Startseite - infobornholm\" \/>\n<meta property=\"og:url\" content=\"https:\/\/infobornholm.dk\/de\/\" \/>\n<meta property=\"og:site_name\" content=\"infobornholm\" \/>\n<meta property=\"article:modified_time\" content=\"2025-09-15T14:54:23+00:00\" \/>\n<meta name=\"twitter:card\" content=\"summary_large_image\" \/>\n<script type=\"application\/ld+json\" class=\"yoast-schema-graph\">{\"@context\":\"https:\/\/schema.org\",\"@graph\":[{\"@type\":\"WebPage\",\"@id\":\"https:\/\/infobornholm.dk\/de\/\",\"url\":\"https:\/\/infobornholm.dk\/de\/\",\"name\":\"Startseite - infobornholm\",\"isPartOf\":{\"@id\":\"https:\/\/infobornholm.dk\/de\/#website\"},\"datePublished\":\"2022-01-21T19:52:10+00:00\",\"dateModified\":\"2025-09-15T14:54:23+00:00\",\"breadcrumb\":{\"@id\":\"https:\/\/infobornholm.dk\/de\/#breadcrumb\"},\"inLanguage\":\"de\",\"potentialAction\":[{\"@type\":\"ReadAction\",\"target\":[\"https:\/\/infobornholm.dk\/de\/\"]}]},{\"@type\":\"BreadcrumbList\",\"@id\":\"https:\/\/infobornholm.dk\/de\/#breadcrumb\",\"itemListElement\":[{\"@type\":\"ListItem\",\"position\":1,\"name\":\"Hjem\",\"item\":\"https:\/\/infobornholm.dk\/de\/startseite\/\"},{\"@type\":\"ListItem\",\"position\":2,\"name\":\"Startseite\"}]},{\"@type\":\"WebSite\",\"@id\":\"https:\/\/infobornholm.dk\/de\/#website\",\"url\":\"https:\/\/infobornholm.dk\/de\/\",\"name\":\"infobornholm\",\"description\":\"Solskins\u00f8en i \u00d8sters\u00f8en\",\"publisher\":{\"@id\":\"https:\/\/infobornholm.dk\/de\/#organization\"},\"potentialAction\":[{\"@type\":\"SearchAction\",\"target\":{\"@type\":\"EntryPoint\",\"urlTemplate\":\"https:\/\/infobornholm.dk\/de\/?s={search_term_string}\"},\"query-input\":{\"@type\":\"PropertyValueSpecification\",\"valueRequired\":true,\"valueName\":\"search_term_string\"}}],\"inLanguage\":\"de\"},{\"@type\":\"Organization\",\"@id\":\"https:\/\/infobornholm.dk\/de\/#organization\",\"name\":\"infobornholm\",\"url\":\"https:\/\/infobornholm.dk\/de\/\",\"logo\":{\"@type\":\"ImageObject\",\"inLanguage\":\"de\",\"@id\":\"https:\/\/infobornholm.dk\/de\/#\/schema\/logo\/image\/\",\"url\":\"https:\/\/infobornholm.dk\/wp-content\/uploads\/2022\/08\/outputsvggreen.png\",\"contentUrl\":\"https:\/\/infobornholm.dk\/wp-content\/uploads\/2022\/08\/outputsvggreen.png\",\"width\":94,\"height\":80,\"caption\":\"infobornholm\"},\"image\":{\"@id\":\"https:\/\/infobornholm.dk\/de\/#\/schema\/logo\/image\/\"}}]}<\/script>\n<!-- \/ Yoast SEO plugin. -->","yoast_head_json":{"title":"Startseite - infobornholm","robots":{"index":"index","follow":"follow","max-snippet":"max-snippet:-1","max-image-preview":"max-image-preview:large","max-video-preview":"max-video-preview:-1"},"canonical":"https:\/\/infobornholm.dk\/de\/","og_locale":"de_DE","og_type":"article","og_title":"Startseite - infobornholm","og_url":"https:\/\/infobornholm.dk\/de\/","og_site_name":"infobornholm","article_modified_time":"2025-09-15T14:54:23+00:00","twitter_card":"summary_large_image","schema":{"@context":"https:\/\/schema.org","@graph":[{"@type":"WebPage","@id":"https:\/\/infobornholm.dk\/de\/","url":"https:\/\/infobornholm.dk\/de\/","name":"Startseite - infobornholm","isPartOf":{"@id":"https:\/\/infobornholm.dk\/de\/#website"},"datePublished":"2022-01-21T19:52:10+00:00","dateModified":"2025-09-15T14:54:23+00:00","breadcrumb":{"@id":"https:\/\/infobornholm.dk\/de\/#breadcrumb"},"inLanguage":"de","potentialAction":[{"@type":"ReadAction","target":["https:\/\/infobornholm.dk\/de\/"]}]},{"@type":"BreadcrumbList","@id":"https:\/\/infobornholm.dk\/de\/#breadcrumb","itemListElement":[{"@type":"ListItem","position":1,"name":"Hjem","item":"https:\/\/infobornholm.dk\/de\/startseite\/"},{"@type":"ListItem","position":2,"name":"Startseite"}]},{"@type":"WebSite","@id":"https:\/\/infobornholm.dk\/de\/#website","url":"https:\/\/infobornholm.dk\/de\/","name":"infobornholm","description":"Solskins\u00f8en i \u00d8sters\u00f8en","publisher":{"@id":"https:\/\/infobornholm.dk\/de\/#organization"},"potentialAction":[{"@type":"SearchAction","target":{"@type":"EntryPoint","urlTemplate":"https:\/\/infobornholm.dk\/de\/?s={search_term_string}"},"query-input":{"@type":"PropertyValueSpecification","valueRequired":true,"valueName":"search_term_string"}}],"inLanguage":"de"},{"@type":"Organization","@id":"https:\/\/infobornholm.dk\/de\/#organization","name":"infobornholm","url":"https:\/\/infobornholm.dk\/de\/","logo":{"@type":"ImageObject","inLanguage":"de","@id":"https:\/\/infobornholm.dk\/de\/#\/schema\/logo\/image\/","url":"https:\/\/infobornholm.dk\/wp-content\/uploads\/2022\/08\/outputsvggreen.png","contentUrl":"https:\/\/infobornholm.dk\/wp-content\/uploads\/2022\/08\/outputsvggreen.png","width":94,"height":80,"caption":"infobornholm"},"image":{"@id":"https:\/\/infobornholm.dk\/de\/#\/schema\/logo\/image\/"}}]}},"_links":{"self":[{"href":"https:\/\/infobornholm.dk\/de\/wp-json\/wp\/v2\/pages\/4478","targetHints":{"allow":["GET"]}}],"collection":[{"href":"https:\/\/infobornholm.dk\/de\/wp-json\/wp\/v2\/pages"}],"about":[{"href":"https:\/\/infobornholm.dk\/de\/wp-json\/wp\/v2\/types\/page"}],"author":[{"embeddable":true,"href":"https:\/\/infobornholm.dk\/de\/wp-json\/wp\/v2\/users\/1"}],"replies":[{"embeddable":true,"href":"https:\/\/infobornholm.dk\/de\/wp-json\/wp\/v2\/comments?post=4478"}],"version-history":[{"count":1,"href":"https:\/\/infobornholm.dk\/de\/wp-json\/wp\/v2\/pages\/4478\/revisions"}],"predecessor-version":[{"id":4479,"href":"https:\/\/infobornholm.dk\/de\/wp-json\/wp\/v2\/pages\/4478\/revisions\/4479"}],"wp:attachment":[{"href":"https:\/\/infobornholm.dk\/de\/wp-json\/wp\/v2\/media?parent=4478"}],"curies":[{"name":"wp","href":"https:\/\/api.w.org\/{rel}","templated":true}]}}