{"id":4464,"date":"2021-05-30T14:08:16","date_gmt":"2021-05-30T12:08:16","guid":{"rendered":"https:\/\/infobornholm.dk\/kredite\/"},"modified":"2025-09-15T16:54:19","modified_gmt":"2025-09-15T14:54:19","slug":"kredite","status":"publish","type":"page","link":"https:\/\/infobornholm.dk\/de\/kredite\/","title":{"rendered":"Kredite"},"content":{"rendered":"\n\n\n\n\n<p class=\"gb-headline gb-headline-3a084d92 gb-headline-text\">Foto von <a href=\"https:\/\/unsplash.com\/@joelmott?utm_source=unsplash&amp;utm_medium=referral&amp;utm_content=creditCopyText\">Joel Mott<\/a> auf <a href=\"https:\/\/unsplash.com\/?utm_source=unsplash&amp;utm_medium=referral&amp;utm_content=creditCopyText\">Unsplash<\/a><\/p>\n\n\n\n\n\n\n\n<p class=\"gb-headline gb-headline-a60f6b8b gb-headline-text\">Foto von <a href=\"https:\/\/unsplash.com\/@scottagoodwill?utm_source=unsplash&amp;utm_medium=referral&amp;utm_content=creditCopyText\">Scott Goodwill<\/a> auf <a href=\"https:\/\/unsplash.com\/?utm_source=unsplash&amp;utm_medium=referral&amp;utm_content=creditCopyText\">Unsplash<\/a><\/p>\n\n\n\n\n\n\n\n<p class=\"gb-headline gb-headline-b0216c37 gb-headline-text\">Foto von <a href=\"https:\/\/unsplash.com\/@artem_kniaz?utm_source=unsplash&amp;utm_medium=referral&amp;utm_content=creditCopyText\">Artem Kniaz<\/a> auf <a href=\"https:\/\/unsplash.com\/?utm_source=unsplash&amp;utm_medium=referral&amp;utm_content=creditCopyText\">Unsplash<\/a><\/p>\n\n\n\n\n\n\n\n<p class=\"gb-headline gb-headline-9f6a8b3c gb-headline-text\"><a rel=\"noreferrer noopener\" href=\"https:\/\/www.freepik.com\/vectors\/pattern\" target=\"_blank\"><\/a>Foto von <a href=\"https:\/\/unsplash.com\/@mybbor?utm_source=unsplash&amp;utm_medium=referral&amp;utm_content=creditCopyText\">Robby McCullough<\/a> auf <a href=\"https:\/\/unsplash.com\/?utm_source=unsplash&amp;utm_medium=referral&amp;utm_content=creditCopyText\">Unsplash<\/a><\/p>\n\n\n\n\n\n\n\n<p class=\"gb-headline gb-headline-794fca6f gb-headline-text\">Foto von <a href=\"https:\/\/unsplash.com\/@melissaaskew?utm_source=unsplash&amp;utm_medium=referral&amp;utm_content=creditCopyText\">Melissa Askew<\/a> auf <a href=\"https:\/\/unsplash.com\/?utm_source=unsplash&amp;utm_medium=referral&amp;utm_content=creditCopyText\">Unsplash<\/a><\/p>\n\n\n\n\n\n\n\n<p class=\"gb-headline gb-headline-95fd4d6d gb-headline-text\">Foto von <a href=\"https:\/\/unsplash.com\/@kymasm?utm_source=unsplash&amp;utm_medium=referral&amp;utm_content=creditCopyText\">Kyle Smith<\/a> auf <a href=\"https:\/\/unsplash.com\/?utm_source=unsplash&amp;utm_medium=referral&amp;utm_content=creditCopyText\">Unsplash<\/a><\/p>\n\n\n\n\n\n\n\n<p class=\"gb-headline gb-headline-d5655b56 gb-headline-text\">Foto von <a href=\"https:\/\/unsplash.com\/@oulashin?utm_source=unsplash&amp;utm_medium=referral&amp;utm_content=creditCopyText\">Sean Oulashin<\/a> auf <a href=\"https:\/\/unsplash.com\/?utm_source=unsplash&amp;utm_medium=referral&amp;utm_content=creditCopyText\">Unsplash<\/a><\/p>\n\n\n\n\n\n\n\n<p class=\"gb-headline gb-headline-26d4b99c gb-headline-text\">Foto von <a href=\"https:\/\/unsplash.com\/@hagalnaud?utm_source=unsplash&amp;utm_medium=referral&amp;utm_content=creditCopyText\">Anna Samoylova<\/a> auf <a href=\"https:\/\/unsplash.com\/?utm_source=unsplash&amp;utm_medium=referral&amp;utm_content=creditCopyText\">Unsplash<\/a><\/p>\n\n\n\n\n\n\n\n<p class=\"gb-headline gb-headline-ce4444e1 gb-headline-text\">Foto von <a href=\"https:\/\/unsplash.com\/@paula_1538_?utm_source=unsplash&amp;utm_medium=referral&amp;utm_content=creditCopyText\">Paula Corberan<\/a> auf <a href=\"https:\/\/unsplash.com\/?utm_source=unsplash&amp;utm_medium=referral&amp;utm_content=creditCopyText\">Unsplash<\/a><\/p>\n\n\n\n\n\n\n\n<p class=\"gb-headline gb-headline-9333f337 gb-headline-text\"> <a href=\"https:\/\/www.freepik.com\/vectors\/background\">Background vector created by freepik &#8211; www.freepik.com<\/a> <\/p>\n\n\n\n\n","protected":false},"excerpt":{"rendered":"","protected":false},"author":1,"featured_media":0,"parent":0,"menu_order":0,"comment_status":"closed","ping_status":"open","template":"","meta":{"_acf_changed":false,"footnotes":""},"class_list":["post-4464","page","type-page","status-publish","hentry"],"acf":[],"yoast_head":"<!-- This site is optimized with the Yoast SEO plugin v26.3 - https:\/\/yoast.com\/wordpress\/plugins\/seo\/ -->\n<title>Kredite - infobornholm<\/title>\n<meta name=\"robots\" content=\"index, follow, max-snippet:-1, max-image-preview:large, max-video-preview:-1\" \/>\n<link rel=\"canonical\" href=\"https:\/\/infobornholm.dk\/de\/kredite\/\" \/>\n<meta property=\"og:locale\" content=\"de_DE\" \/>\n<meta property=\"og:type\" content=\"article\" \/>\n<meta property=\"og:title\" content=\"Kredite - infobornholm\" \/>\n<meta property=\"og:url\" content=\"https:\/\/infobornholm.dk\/de\/kredite\/\" \/>\n<meta property=\"og:site_name\" content=\"infobornholm\" \/>\n<meta property=\"article:modified_time\" content=\"2025-09-15T14:54:19+00:00\" \/>\n<meta name=\"twitter:card\" content=\"summary_large_image\" \/>\n<script type=\"application\/ld+json\" class=\"yoast-schema-graph\">{\"@context\":\"https:\/\/schema.org\",\"@graph\":[{\"@type\":\"WebPage\",\"@id\":\"https:\/\/infobornholm.dk\/de\/kredite\/\",\"url\":\"https:\/\/infobornholm.dk\/de\/kredite\/\",\"name\":\"Kredite - infobornholm\",\"isPartOf\":{\"@id\":\"https:\/\/infobornholm.dk\/de\/#website\"},\"datePublished\":\"2021-05-30T12:08:16+00:00\",\"dateModified\":\"2025-09-15T14:54:19+00:00\",\"breadcrumb\":{\"@id\":\"https:\/\/infobornholm.dk\/de\/kredite\/#breadcrumb\"},\"inLanguage\":\"de\",\"potentialAction\":[{\"@type\":\"ReadAction\",\"target\":[\"https:\/\/infobornholm.dk\/de\/kredite\/\"]}]},{\"@type\":\"BreadcrumbList\",\"@id\":\"https:\/\/infobornholm.dk\/de\/kredite\/#breadcrumb\",\"itemListElement\":[{\"@type\":\"ListItem\",\"position\":1,\"name\":\"Hjem\",\"item\":\"https:\/\/infobornholm.dk\/de\/startseite\/\"},{\"@type\":\"ListItem\",\"position\":2,\"name\":\"Kredite\"}]},{\"@type\":\"WebSite\",\"@id\":\"https:\/\/infobornholm.dk\/de\/#website\",\"url\":\"https:\/\/infobornholm.dk\/de\/\",\"name\":\"infobornholm\",\"description\":\"Solskins\u00f8en i \u00d8sters\u00f8en\",\"publisher\":{\"@id\":\"https:\/\/infobornholm.dk\/de\/#organization\"},\"potentialAction\":[{\"@type\":\"SearchAction\",\"target\":{\"@type\":\"EntryPoint\",\"urlTemplate\":\"https:\/\/infobornholm.dk\/de\/?s={search_term_string}\"},\"query-input\":{\"@type\":\"PropertyValueSpecification\",\"valueRequired\":true,\"valueName\":\"search_term_string\"}}],\"inLanguage\":\"de\"},{\"@type\":\"Organization\",\"@id\":\"https:\/\/infobornholm.dk\/de\/#organization\",\"name\":\"infobornholm\",\"url\":\"https:\/\/infobornholm.dk\/de\/\",\"logo\":{\"@type\":\"ImageObject\",\"inLanguage\":\"de\",\"@id\":\"https:\/\/infobornholm.dk\/de\/#\/schema\/logo\/image\/\",\"url\":\"https:\/\/infobornholm.dk\/wp-content\/uploads\/2022\/08\/outputsvggreen.png\",\"contentUrl\":\"https:\/\/infobornholm.dk\/wp-content\/uploads\/2022\/08\/outputsvggreen.png\",\"width\":94,\"height\":80,\"caption\":\"infobornholm\"},\"image\":{\"@id\":\"https:\/\/infobornholm.dk\/de\/#\/schema\/logo\/image\/\"}}]}<\/script>\n<!-- \/ Yoast SEO plugin. -->","yoast_head_json":{"title":"Kredite - infobornholm","robots":{"index":"index","follow":"follow","max-snippet":"max-snippet:-1","max-image-preview":"max-image-preview:large","max-video-preview":"max-video-preview:-1"},"canonical":"https:\/\/infobornholm.dk\/de\/kredite\/","og_locale":"de_DE","og_type":"article","og_title":"Kredite - infobornholm","og_url":"https:\/\/infobornholm.dk\/de\/kredite\/","og_site_name":"infobornholm","article_modified_time":"2025-09-15T14:54:19+00:00","twitter_card":"summary_large_image","schema":{"@context":"https:\/\/schema.org","@graph":[{"@type":"WebPage","@id":"https:\/\/infobornholm.dk\/de\/kredite\/","url":"https:\/\/infobornholm.dk\/de\/kredite\/","name":"Kredite - infobornholm","isPartOf":{"@id":"https:\/\/infobornholm.dk\/de\/#website"},"datePublished":"2021-05-30T12:08:16+00:00","dateModified":"2025-09-15T14:54:19+00:00","breadcrumb":{"@id":"https:\/\/infobornholm.dk\/de\/kredite\/#breadcrumb"},"inLanguage":"de","potentialAction":[{"@type":"ReadAction","target":["https:\/\/infobornholm.dk\/de\/kredite\/"]}]},{"@type":"BreadcrumbList","@id":"https:\/\/infobornholm.dk\/de\/kredite\/#breadcrumb","itemListElement":[{"@type":"ListItem","position":1,"name":"Hjem","item":"https:\/\/infobornholm.dk\/de\/startseite\/"},{"@type":"ListItem","position":2,"name":"Kredite"}]},{"@type":"WebSite","@id":"https:\/\/infobornholm.dk\/de\/#website","url":"https:\/\/infobornholm.dk\/de\/","name":"infobornholm","description":"Solskins\u00f8en i \u00d8sters\u00f8en","publisher":{"@id":"https:\/\/infobornholm.dk\/de\/#organization"},"potentialAction":[{"@type":"SearchAction","target":{"@type":"EntryPoint","urlTemplate":"https:\/\/infobornholm.dk\/de\/?s={search_term_string}"},"query-input":{"@type":"PropertyValueSpecification","valueRequired":true,"valueName":"search_term_string"}}],"inLanguage":"de"},{"@type":"Organization","@id":"https:\/\/infobornholm.dk\/de\/#organization","name":"infobornholm","url":"https:\/\/infobornholm.dk\/de\/","logo":{"@type":"ImageObject","inLanguage":"de","@id":"https:\/\/infobornholm.dk\/de\/#\/schema\/logo\/image\/","url":"https:\/\/infobornholm.dk\/wp-content\/uploads\/2022\/08\/outputsvggreen.png","contentUrl":"https:\/\/infobornholm.dk\/wp-content\/uploads\/2022\/08\/outputsvggreen.png","width":94,"height":80,"caption":"infobornholm"},"image":{"@id":"https:\/\/infobornholm.dk\/de\/#\/schema\/logo\/image\/"}}]}},"_links":{"self":[{"href":"https:\/\/infobornholm.dk\/de\/wp-json\/wp\/v2\/pages\/4464","targetHints":{"allow":["GET"]}}],"collection":[{"href":"https:\/\/infobornholm.dk\/de\/wp-json\/wp\/v2\/pages"}],"about":[{"href":"https:\/\/infobornholm.dk\/de\/wp-json\/wp\/v2\/types\/page"}],"author":[{"embeddable":true,"href":"https:\/\/infobornholm.dk\/de\/wp-json\/wp\/v2\/users\/1"}],"replies":[{"embeddable":true,"href":"https:\/\/infobornholm.dk\/de\/wp-json\/wp\/v2\/comments?post=4464"}],"version-history":[{"count":1,"href":"https:\/\/infobornholm.dk\/de\/wp-json\/wp\/v2\/pages\/4464\/revisions"}],"predecessor-version":[{"id":4466,"href":"https:\/\/infobornholm.dk\/de\/wp-json\/wp\/v2\/pages\/4464\/revisions\/4466"}],"wp:attachment":[{"href":"https:\/\/infobornholm.dk\/de\/wp-json\/wp\/v2\/media?parent=4464"}],"curies":[{"name":"wp","href":"https:\/\/api.w.org\/{rel}","templated":true}]}}