{"id":4450,"date":"2020-04-10T22:27:16","date_gmt":"2020-04-10T20:27:16","guid":{"rendered":"https:\/\/infobornholm.dk\/ueber-infobornholm\/"},"modified":"2025-09-15T16:54:14","modified_gmt":"2025-09-15T14:54:14","slug":"ueber-infobornholm","status":"publish","type":"page","link":"https:\/\/infobornholm.dk\/de\/ueber-infobornholm\/","title":{"rendered":"\u00dcber Infobornholm"},"content":{"rendered":"\n<p>Infobornholm ist eine private Website, die 2007 gestartet wurde und an der wir in unserer Freizeit arbeiten. Urspr\u00fcnglich sollte die Seite &#8222;Bornholmerbilleder&#8220; hei\u00dfen und Bilder von Bornholm enthalten, ohne viel \u00fcber den Inhalt der Bilder zu sagen. Es waren vor allem die besonderen Dinge, die man hier oft nicht zu sehen bekommt, selbst wenn man hier lebt, die in Form von Bildern gezeigt werden sollten.  <\/p>\n\n<p>Die Idee wurde 2012 ge\u00e4ndert, nachdem wir viel Zeit damit verbracht hatten, Fotos zu machen, Webseitensysteme zu erstellen usw. Die neue Idee war, der Website Informationen hinzuzuf\u00fcgen und der Name Infobornholm war geboren. Die Seite ist nicht nur f\u00fcr Touristen gedacht, sondern wir konzentrieren uns auch darauf, den Einwohnern von Bornholm korrekte Informationen \u00fcber ihre eigene Insel zu geben. <\/p>\n\n<p>Die Domain wurde 2013 gekauft und die ersten Texte wurden sofort ver\u00f6ffentlicht, zusammen mit Bildern von &#8222;Bornholmerbilleder&#8220;.<\/p>\n\n<h2 class=\"wp-block-heading\">Wer dahintersteckt<\/h2>\n\n<p>Wie bereits erw\u00e4hnt, ist die Seite in Privatbesitz, aber wir verf\u00fcgen \u00fcber die n\u00f6tige Gesch\u00e4ftserfahrung, um diese Art von Informationen zu vermitteln und die vielen Trollgeschichten auszusortieren und nur ein wenig \u00fcber Trolling zu berichten, so dass wir eine Seite mit so vielen Fakten wie m\u00f6glich haben.<\/p>\n\n<p>Die Berufserfahrung stammt von einer der beiden Inhaberinnen, die 13 Jahre lang als Busfahrerin und Fremdenf\u00fchrerin gearbeitet hat, was sie 2014 beendete. Die andere Inhaberin ist Programmiererin und daher leicht in der Lage, Website-Arbeiten zu erledigen und ist Pressefotografin (Mitglied des d\u00e4nischen Presseverbandes). <\/p>\n\n<h2 class=\"wp-block-heading\">Geschichte von Infobornholm<\/h2>\n\n<p>Von 2014 bis 2017 hat sich bei infobornholm nicht viel getan, aber wir haben daran gearbeitet, das Design zu erstellen, Fotos zu machen und Texte zu schreiben usw. Im Jahr 2018 haben sich die Dinge schnell entwickelt und wir arbeiten in unserer Freizeit hart daran, neue Inhalte zu verfassen und die alten Bilder zu ersetzen, die vom Eigent\u00fcmer gemacht wurden, der kein Fotograf ist, da die Seite BornholmerBilleder hei\u00dfen sollte und es ein Soloprojekt war.<\/p>\n","protected":false},"excerpt":{"rendered":"<p>Infobornholm ist eine private Website, die 2007 gestartet wurde und an der wir in unserer Freizeit arbeiten. Urspr\u00fcnglich sollte die Seite &#8222;Bornholmerbilleder&#8220; hei\u00dfen und Bilder von Bornholm enthalten, ohne viel \u00fcber den Inhalt der Bilder zu sagen. Es waren vor allem die besonderen Dinge, die man hier oft nicht zu sehen bekommt, selbst wenn man [&hellip;]<\/p>\n","protected":false},"author":1,"featured_media":0,"parent":0,"menu_order":0,"comment_status":"closed","ping_status":"closed","template":"","meta":{"_acf_changed":false,"footnotes":""},"class_list":["post-4450","page","type-page","status-publish","hentry"],"acf":[],"yoast_head":"<!-- This site is optimized with the Yoast SEO plugin v26.3 - https:\/\/yoast.com\/wordpress\/plugins\/seo\/ -->\n<title>\u00dcber Infobornholm - infobornholm<\/title>\n<meta name=\"robots\" content=\"index, follow, max-snippet:-1, max-image-preview:large, max-video-preview:-1\" \/>\n<link rel=\"canonical\" href=\"https:\/\/infobornholm.dk\/de\/ueber-infobornholm\/\" \/>\n<meta property=\"og:locale\" content=\"de_DE\" \/>\n<meta property=\"og:type\" content=\"article\" \/>\n<meta property=\"og:title\" content=\"\u00dcber Infobornholm - infobornholm\" \/>\n<meta property=\"og:description\" content=\"Infobornholm ist eine private Website, die 2007 gestartet wurde und an der wir in unserer Freizeit arbeiten. Urspr\u00fcnglich sollte die Seite &#8222;Bornholmerbilleder&#8220; hei\u00dfen und Bilder von Bornholm enthalten, ohne viel \u00fcber den Inhalt der Bilder zu sagen. Es waren vor allem die besonderen Dinge, die man hier oft nicht zu sehen bekommt, selbst wenn man [&hellip;]\" \/>\n<meta property=\"og:url\" content=\"https:\/\/infobornholm.dk\/de\/ueber-infobornholm\/\" \/>\n<meta property=\"og:site_name\" content=\"infobornholm\" \/>\n<meta property=\"article:modified_time\" content=\"2025-09-15T14:54:14+00:00\" \/>\n<meta name=\"twitter:card\" content=\"summary_large_image\" \/>\n<meta name=\"twitter:label1\" content=\"Gesch\u00e4tzte Lesezeit\" \/>\n\t<meta name=\"twitter:data1\" content=\"2\u00a0Minuten\" \/>\n<script type=\"application\/ld+json\" class=\"yoast-schema-graph\">{\"@context\":\"https:\/\/schema.org\",\"@graph\":[{\"@type\":\"WebPage\",\"@id\":\"https:\/\/infobornholm.dk\/de\/ueber-infobornholm\/\",\"url\":\"https:\/\/infobornholm.dk\/de\/ueber-infobornholm\/\",\"name\":\"\u00dcber Infobornholm - infobornholm\",\"isPartOf\":{\"@id\":\"https:\/\/infobornholm.dk\/de\/#website\"},\"datePublished\":\"2020-04-10T20:27:16+00:00\",\"dateModified\":\"2025-09-15T14:54:14+00:00\",\"breadcrumb\":{\"@id\":\"https:\/\/infobornholm.dk\/de\/ueber-infobornholm\/#breadcrumb\"},\"inLanguage\":\"de\",\"potentialAction\":[{\"@type\":\"ReadAction\",\"target\":[\"https:\/\/infobornholm.dk\/de\/ueber-infobornholm\/\"]}]},{\"@type\":\"BreadcrumbList\",\"@id\":\"https:\/\/infobornholm.dk\/de\/ueber-infobornholm\/#breadcrumb\",\"itemListElement\":[{\"@type\":\"ListItem\",\"position\":1,\"name\":\"Hjem\",\"item\":\"https:\/\/infobornholm.dk\/de\/startseite\/\"},{\"@type\":\"ListItem\",\"position\":2,\"name\":\"\u00dcber Infobornholm\"}]},{\"@type\":\"WebSite\",\"@id\":\"https:\/\/infobornholm.dk\/de\/#website\",\"url\":\"https:\/\/infobornholm.dk\/de\/\",\"name\":\"infobornholm\",\"description\":\"Solskins\u00f8en i \u00d8sters\u00f8en\",\"publisher\":{\"@id\":\"https:\/\/infobornholm.dk\/de\/#organization\"},\"potentialAction\":[{\"@type\":\"SearchAction\",\"target\":{\"@type\":\"EntryPoint\",\"urlTemplate\":\"https:\/\/infobornholm.dk\/de\/?s={search_term_string}\"},\"query-input\":{\"@type\":\"PropertyValueSpecification\",\"valueRequired\":true,\"valueName\":\"search_term_string\"}}],\"inLanguage\":\"de\"},{\"@type\":\"Organization\",\"@id\":\"https:\/\/infobornholm.dk\/de\/#organization\",\"name\":\"infobornholm\",\"url\":\"https:\/\/infobornholm.dk\/de\/\",\"logo\":{\"@type\":\"ImageObject\",\"inLanguage\":\"de\",\"@id\":\"https:\/\/infobornholm.dk\/de\/#\/schema\/logo\/image\/\",\"url\":\"https:\/\/infobornholm.dk\/wp-content\/uploads\/2022\/08\/outputsvggreen.png\",\"contentUrl\":\"https:\/\/infobornholm.dk\/wp-content\/uploads\/2022\/08\/outputsvggreen.png\",\"width\":94,\"height\":80,\"caption\":\"infobornholm\"},\"image\":{\"@id\":\"https:\/\/infobornholm.dk\/de\/#\/schema\/logo\/image\/\"}}]}<\/script>\n<!-- \/ Yoast SEO plugin. -->","yoast_head_json":{"title":"\u00dcber Infobornholm - infobornholm","robots":{"index":"index","follow":"follow","max-snippet":"max-snippet:-1","max-image-preview":"max-image-preview:large","max-video-preview":"max-video-preview:-1"},"canonical":"https:\/\/infobornholm.dk\/de\/ueber-infobornholm\/","og_locale":"de_DE","og_type":"article","og_title":"\u00dcber Infobornholm - infobornholm","og_description":"Infobornholm ist eine private Website, die 2007 gestartet wurde und an der wir in unserer Freizeit arbeiten. Urspr\u00fcnglich sollte die Seite &#8222;Bornholmerbilleder&#8220; hei\u00dfen und Bilder von Bornholm enthalten, ohne viel \u00fcber den Inhalt der Bilder zu sagen. Es waren vor allem die besonderen Dinge, die man hier oft nicht zu sehen bekommt, selbst wenn man [&hellip;]","og_url":"https:\/\/infobornholm.dk\/de\/ueber-infobornholm\/","og_site_name":"infobornholm","article_modified_time":"2025-09-15T14:54:14+00:00","twitter_card":"summary_large_image","twitter_misc":{"Gesch\u00e4tzte Lesezeit":"2\u00a0Minuten"},"schema":{"@context":"https:\/\/schema.org","@graph":[{"@type":"WebPage","@id":"https:\/\/infobornholm.dk\/de\/ueber-infobornholm\/","url":"https:\/\/infobornholm.dk\/de\/ueber-infobornholm\/","name":"\u00dcber Infobornholm - infobornholm","isPartOf":{"@id":"https:\/\/infobornholm.dk\/de\/#website"},"datePublished":"2020-04-10T20:27:16+00:00","dateModified":"2025-09-15T14:54:14+00:00","breadcrumb":{"@id":"https:\/\/infobornholm.dk\/de\/ueber-infobornholm\/#breadcrumb"},"inLanguage":"de","potentialAction":[{"@type":"ReadAction","target":["https:\/\/infobornholm.dk\/de\/ueber-infobornholm\/"]}]},{"@type":"BreadcrumbList","@id":"https:\/\/infobornholm.dk\/de\/ueber-infobornholm\/#breadcrumb","itemListElement":[{"@type":"ListItem","position":1,"name":"Hjem","item":"https:\/\/infobornholm.dk\/de\/startseite\/"},{"@type":"ListItem","position":2,"name":"\u00dcber Infobornholm"}]},{"@type":"WebSite","@id":"https:\/\/infobornholm.dk\/de\/#website","url":"https:\/\/infobornholm.dk\/de\/","name":"infobornholm","description":"Solskins\u00f8en i \u00d8sters\u00f8en","publisher":{"@id":"https:\/\/infobornholm.dk\/de\/#organization"},"potentialAction":[{"@type":"SearchAction","target":{"@type":"EntryPoint","urlTemplate":"https:\/\/infobornholm.dk\/de\/?s={search_term_string}"},"query-input":{"@type":"PropertyValueSpecification","valueRequired":true,"valueName":"search_term_string"}}],"inLanguage":"de"},{"@type":"Organization","@id":"https:\/\/infobornholm.dk\/de\/#organization","name":"infobornholm","url":"https:\/\/infobornholm.dk\/de\/","logo":{"@type":"ImageObject","inLanguage":"de","@id":"https:\/\/infobornholm.dk\/de\/#\/schema\/logo\/image\/","url":"https:\/\/infobornholm.dk\/wp-content\/uploads\/2022\/08\/outputsvggreen.png","contentUrl":"https:\/\/infobornholm.dk\/wp-content\/uploads\/2022\/08\/outputsvggreen.png","width":94,"height":80,"caption":"infobornholm"},"image":{"@id":"https:\/\/infobornholm.dk\/de\/#\/schema\/logo\/image\/"}}]}},"_links":{"self":[{"href":"https:\/\/infobornholm.dk\/de\/wp-json\/wp\/v2\/pages\/4450","targetHints":{"allow":["GET"]}}],"collection":[{"href":"https:\/\/infobornholm.dk\/de\/wp-json\/wp\/v2\/pages"}],"about":[{"href":"https:\/\/infobornholm.dk\/de\/wp-json\/wp\/v2\/types\/page"}],"author":[{"embeddable":true,"href":"https:\/\/infobornholm.dk\/de\/wp-json\/wp\/v2\/users\/1"}],"replies":[{"embeddable":true,"href":"https:\/\/infobornholm.dk\/de\/wp-json\/wp\/v2\/comments?post=4450"}],"version-history":[{"count":1,"href":"https:\/\/infobornholm.dk\/de\/wp-json\/wp\/v2\/pages\/4450\/revisions"}],"predecessor-version":[{"id":4452,"href":"https:\/\/infobornholm.dk\/de\/wp-json\/wp\/v2\/pages\/4450\/revisions\/4452"}],"wp:attachment":[{"href":"https:\/\/infobornholm.dk\/de\/wp-json\/wp\/v2\/media?parent=4450"}],"curies":[{"name":"wp","href":"https:\/\/api.w.org\/{rel}","templated":true}]}}