{"id":4440,"date":"2020-04-10T22:42:18","date_gmt":"2020-04-10T20:42:18","guid":{"rendered":"https:\/\/infobornholm.dk\/urheberrechte\/"},"modified":"2025-09-15T16:54:14","modified_gmt":"2025-09-15T14:54:14","slug":"urheberrechte","status":"publish","type":"page","link":"https:\/\/infobornholm.dk\/de\/urheberrechte\/","title":{"rendered":"Urheberrechte"},"content":{"rendered":"\n<h2 class=\"wp-block-heading\">Urheberrechte<\/h2>\n\n<p>Das gesamte Material auf infoBornholm.dk ist urheberrechtlich gesch\u00fctzt und geh\u00f6rt infoBornholm.dk und seinen Eigent\u00fcmern, sofern nicht ausdr\u00fccklich anders angegeben.<\/p>\n\n<h2 class=\"wp-block-heading\">Kopieren von Texten, Bildern und Videos<\/h2>\n\n<p>Es ist nicht gestattet, unsere Texte oder Bilder ganz oder teilweise ohne vorherige Zustimmung zu &#8222;leihen&#8220; \/ &#8222;zu stehlen&#8220;. Es ist legal, Texte zu zitieren (Abschnitt 22 des Urheberrechtsgesetzes), aber es ist erforderlich, dass Sie gute Zitierpraktiken befolgen. <\/p>\n\n<p>Urheberrechtsverletzungen\/Missbrauch unserer Texte, Bilder und Videos f\u00fchren zu Schadensersatzanspr\u00fcchen und ggf. zur Anrufung der Gerichte.<\/p>\n\n<p>Wenn Sie unsere Bilder f\u00fcr irgendeinen Zweck verwenden m\u00f6chten, kontaktieren Sie uns bitte (bevor Sie mit dem Kopieren beginnen). Wir haben Bilder, f\u00fcr die Sie die Nutzungsrechte erwerben k\u00f6nnen. Es handelt sich dabei nicht um die Bilder, die wir auf der Website haben, aber sie sind denen \u00e4hnlich, die wir verwenden.  <\/p>\n\n<p>Im Falle von Urheberrechtsverletzungen nutzen wir die Firma <a href=\"https:\/\/not-allowed.dk\/\" target=\"_blank\" rel=\"noopener noreferrer\">Not-allowed<\/a>, um die gesamte Kommunikation zu bearbeiten.<\/p>\n","protected":false},"excerpt":{"rendered":"<p>Urheberrechte Das gesamte Material auf infoBornholm.dk ist urheberrechtlich gesch\u00fctzt und geh\u00f6rt infoBornholm.dk und seinen Eigent\u00fcmern, sofern nicht ausdr\u00fccklich anders angegeben. Kopieren von Texten, Bildern und Videos Es ist nicht gestattet, unsere Texte oder Bilder ganz oder teilweise ohne vorherige Zustimmung zu &#8222;leihen&#8220; \/ &#8222;zu stehlen&#8220;. Es ist legal, Texte zu zitieren (Abschnitt 22 des Urheberrechtsgesetzes), [&hellip;]<\/p>\n","protected":false},"author":1,"featured_media":0,"parent":0,"menu_order":0,"comment_status":"closed","ping_status":"closed","template":"","meta":{"_acf_changed":false,"footnotes":""},"class_list":["post-4440","page","type-page","status-publish","hentry"],"acf":[],"yoast_head":"<!-- This site is optimized with the Yoast SEO plugin v26.3 - https:\/\/yoast.com\/wordpress\/plugins\/seo\/ -->\n<title>Urheberrechte - infobornholm<\/title>\n<meta name=\"robots\" content=\"index, follow, max-snippet:-1, max-image-preview:large, max-video-preview:-1\" \/>\n<link rel=\"canonical\" href=\"https:\/\/infobornholm.dk\/de\/urheberrechte\/\" \/>\n<meta property=\"og:locale\" content=\"de_DE\" \/>\n<meta property=\"og:type\" content=\"article\" \/>\n<meta property=\"og:title\" content=\"Urheberrechte - infobornholm\" \/>\n<meta property=\"og:description\" content=\"Urheberrechte Das gesamte Material auf infoBornholm.dk ist urheberrechtlich gesch\u00fctzt und geh\u00f6rt infoBornholm.dk und seinen Eigent\u00fcmern, sofern nicht ausdr\u00fccklich anders angegeben. Kopieren von Texten, Bildern und Videos Es ist nicht gestattet, unsere Texte oder Bilder ganz oder teilweise ohne vorherige Zustimmung zu &#8222;leihen&#8220; \/ &#8222;zu stehlen&#8220;. Es ist legal, Texte zu zitieren (Abschnitt 22 des Urheberrechtsgesetzes), [&hellip;]\" \/>\n<meta property=\"og:url\" content=\"https:\/\/infobornholm.dk\/de\/urheberrechte\/\" \/>\n<meta property=\"og:site_name\" content=\"infobornholm\" \/>\n<meta property=\"article:modified_time\" content=\"2025-09-15T14:54:14+00:00\" \/>\n<meta name=\"twitter:card\" content=\"summary_large_image\" \/>\n<meta name=\"twitter:label1\" content=\"Gesch\u00e4tzte Lesezeit\" \/>\n\t<meta name=\"twitter:data1\" content=\"1\u00a0Minute\" \/>\n<script type=\"application\/ld+json\" class=\"yoast-schema-graph\">{\"@context\":\"https:\/\/schema.org\",\"@graph\":[{\"@type\":\"WebPage\",\"@id\":\"https:\/\/infobornholm.dk\/de\/urheberrechte\/\",\"url\":\"https:\/\/infobornholm.dk\/de\/urheberrechte\/\",\"name\":\"Urheberrechte - infobornholm\",\"isPartOf\":{\"@id\":\"https:\/\/infobornholm.dk\/de\/#website\"},\"datePublished\":\"2020-04-10T20:42:18+00:00\",\"dateModified\":\"2025-09-15T14:54:14+00:00\",\"breadcrumb\":{\"@id\":\"https:\/\/infobornholm.dk\/de\/urheberrechte\/#breadcrumb\"},\"inLanguage\":\"de\",\"potentialAction\":[{\"@type\":\"ReadAction\",\"target\":[\"https:\/\/infobornholm.dk\/de\/urheberrechte\/\"]}]},{\"@type\":\"BreadcrumbList\",\"@id\":\"https:\/\/infobornholm.dk\/de\/urheberrechte\/#breadcrumb\",\"itemListElement\":[{\"@type\":\"ListItem\",\"position\":1,\"name\":\"Hjem\",\"item\":\"https:\/\/infobornholm.dk\/de\/startseite\/\"},{\"@type\":\"ListItem\",\"position\":2,\"name\":\"Urheberrechte\"}]},{\"@type\":\"WebSite\",\"@id\":\"https:\/\/infobornholm.dk\/de\/#website\",\"url\":\"https:\/\/infobornholm.dk\/de\/\",\"name\":\"infobornholm\",\"description\":\"Solskins\u00f8en i \u00d8sters\u00f8en\",\"publisher\":{\"@id\":\"https:\/\/infobornholm.dk\/de\/#organization\"},\"potentialAction\":[{\"@type\":\"SearchAction\",\"target\":{\"@type\":\"EntryPoint\",\"urlTemplate\":\"https:\/\/infobornholm.dk\/de\/?s={search_term_string}\"},\"query-input\":{\"@type\":\"PropertyValueSpecification\",\"valueRequired\":true,\"valueName\":\"search_term_string\"}}],\"inLanguage\":\"de\"},{\"@type\":\"Organization\",\"@id\":\"https:\/\/infobornholm.dk\/de\/#organization\",\"name\":\"infobornholm\",\"url\":\"https:\/\/infobornholm.dk\/de\/\",\"logo\":{\"@type\":\"ImageObject\",\"inLanguage\":\"de\",\"@id\":\"https:\/\/infobornholm.dk\/de\/#\/schema\/logo\/image\/\",\"url\":\"https:\/\/infobornholm.dk\/wp-content\/uploads\/2022\/08\/outputsvggreen.png\",\"contentUrl\":\"https:\/\/infobornholm.dk\/wp-content\/uploads\/2022\/08\/outputsvggreen.png\",\"width\":94,\"height\":80,\"caption\":\"infobornholm\"},\"image\":{\"@id\":\"https:\/\/infobornholm.dk\/de\/#\/schema\/logo\/image\/\"}}]}<\/script>\n<!-- \/ Yoast SEO plugin. -->","yoast_head_json":{"title":"Urheberrechte - infobornholm","robots":{"index":"index","follow":"follow","max-snippet":"max-snippet:-1","max-image-preview":"max-image-preview:large","max-video-preview":"max-video-preview:-1"},"canonical":"https:\/\/infobornholm.dk\/de\/urheberrechte\/","og_locale":"de_DE","og_type":"article","og_title":"Urheberrechte - infobornholm","og_description":"Urheberrechte Das gesamte Material auf infoBornholm.dk ist urheberrechtlich gesch\u00fctzt und geh\u00f6rt infoBornholm.dk und seinen Eigent\u00fcmern, sofern nicht ausdr\u00fccklich anders angegeben. Kopieren von Texten, Bildern und Videos Es ist nicht gestattet, unsere Texte oder Bilder ganz oder teilweise ohne vorherige Zustimmung zu &#8222;leihen&#8220; \/ &#8222;zu stehlen&#8220;. Es ist legal, Texte zu zitieren (Abschnitt 22 des Urheberrechtsgesetzes), [&hellip;]","og_url":"https:\/\/infobornholm.dk\/de\/urheberrechte\/","og_site_name":"infobornholm","article_modified_time":"2025-09-15T14:54:14+00:00","twitter_card":"summary_large_image","twitter_misc":{"Gesch\u00e4tzte Lesezeit":"1\u00a0Minute"},"schema":{"@context":"https:\/\/schema.org","@graph":[{"@type":"WebPage","@id":"https:\/\/infobornholm.dk\/de\/urheberrechte\/","url":"https:\/\/infobornholm.dk\/de\/urheberrechte\/","name":"Urheberrechte - infobornholm","isPartOf":{"@id":"https:\/\/infobornholm.dk\/de\/#website"},"datePublished":"2020-04-10T20:42:18+00:00","dateModified":"2025-09-15T14:54:14+00:00","breadcrumb":{"@id":"https:\/\/infobornholm.dk\/de\/urheberrechte\/#breadcrumb"},"inLanguage":"de","potentialAction":[{"@type":"ReadAction","target":["https:\/\/infobornholm.dk\/de\/urheberrechte\/"]}]},{"@type":"BreadcrumbList","@id":"https:\/\/infobornholm.dk\/de\/urheberrechte\/#breadcrumb","itemListElement":[{"@type":"ListItem","position":1,"name":"Hjem","item":"https:\/\/infobornholm.dk\/de\/startseite\/"},{"@type":"ListItem","position":2,"name":"Urheberrechte"}]},{"@type":"WebSite","@id":"https:\/\/infobornholm.dk\/de\/#website","url":"https:\/\/infobornholm.dk\/de\/","name":"infobornholm","description":"Solskins\u00f8en i \u00d8sters\u00f8en","publisher":{"@id":"https:\/\/infobornholm.dk\/de\/#organization"},"potentialAction":[{"@type":"SearchAction","target":{"@type":"EntryPoint","urlTemplate":"https:\/\/infobornholm.dk\/de\/?s={search_term_string}"},"query-input":{"@type":"PropertyValueSpecification","valueRequired":true,"valueName":"search_term_string"}}],"inLanguage":"de"},{"@type":"Organization","@id":"https:\/\/infobornholm.dk\/de\/#organization","name":"infobornholm","url":"https:\/\/infobornholm.dk\/de\/","logo":{"@type":"ImageObject","inLanguage":"de","@id":"https:\/\/infobornholm.dk\/de\/#\/schema\/logo\/image\/","url":"https:\/\/infobornholm.dk\/wp-content\/uploads\/2022\/08\/outputsvggreen.png","contentUrl":"https:\/\/infobornholm.dk\/wp-content\/uploads\/2022\/08\/outputsvggreen.png","width":94,"height":80,"caption":"infobornholm"},"image":{"@id":"https:\/\/infobornholm.dk\/de\/#\/schema\/logo\/image\/"}}]}},"_links":{"self":[{"href":"https:\/\/infobornholm.dk\/de\/wp-json\/wp\/v2\/pages\/4440","targetHints":{"allow":["GET"]}}],"collection":[{"href":"https:\/\/infobornholm.dk\/de\/wp-json\/wp\/v2\/pages"}],"about":[{"href":"https:\/\/infobornholm.dk\/de\/wp-json\/wp\/v2\/types\/page"}],"author":[{"embeddable":true,"href":"https:\/\/infobornholm.dk\/de\/wp-json\/wp\/v2\/users\/1"}],"replies":[{"embeddable":true,"href":"https:\/\/infobornholm.dk\/de\/wp-json\/wp\/v2\/comments?post=4440"}],"version-history":[{"count":1,"href":"https:\/\/infobornholm.dk\/de\/wp-json\/wp\/v2\/pages\/4440\/revisions"}],"predecessor-version":[{"id":4441,"href":"https:\/\/infobornholm.dk\/de\/wp-json\/wp\/v2\/pages\/4440\/revisions\/4441"}],"wp:attachment":[{"href":"https:\/\/infobornholm.dk\/de\/wp-json\/wp\/v2\/media?parent=4440"}],"curies":[{"name":"wp","href":"https:\/\/api.w.org\/{rel}","templated":true}]}}